{"id":3106,"date":"2023-10-24T10:18:37","date_gmt":"2023-10-24T08:18:37","guid":{"rendered":"https:\/\/www.cdi-sl.com\/producto\/papereria-album-fotos-artesanal\/"},"modified":"2023-10-24T10:18:37","modified_gmt":"2023-10-24T08:18:37","slug":"papereria-album-fotos-artesanal","status":"publish","type":"product","link":"https:\/\/www.cdi-sl.com\/ca\/producto\/papereria-album-fotos-artesanal\/","title":{"rendered":"Papereria \u00e0lbum fotos artesanal"},"content":{"rendered":"","protected":false},"excerpt":{"rendered":"<p>Est\u00e0s llest per a donar vida als teus records d&#8217;una manera \u00fanica i bella? Els nostres \u00c0lbums de Fotos Artesanals s\u00f3n la resposta que has estat buscant! En un m\u00f3n ple d&#8217;imatges digitals, per qu\u00e8 no redescobrir l&#8217;encant dels \u00e0lbums f\u00edsics?<\/p>\n<p>Els nostres \u00e0lbums s\u00f3n molt m\u00e9s que simples llibres de fotos. S\u00f3n veritables obres d&#8217;art fetes a m\u00e0, dissenyades amb atenci\u00f3 a cada detall. Cada p\u00e0gina \u00e9s una oportunitat per a reviure aquests moments especials i s\u00f3n el complement perfecte per a qualsevol prestatgeria o taula de centre.<\/p>\n<p>Creats amb materials de la m\u00e9s alta qualitat, aquests \u00e0lbums s\u00f3n duradors i estan dissenyats per a resistir la prova del temps. L&#8217;artesania i l&#8217;amor que posem en cadascun d&#8217;ells fan que siguin regals perfectes per als teus sers estimats o un tresor personal que atresorar\u00e0s per sempre.<\/p>\n<p>No esperis m\u00e9s, comen\u00e7a a preservar els teus records d&#8217;una manera \u00fanica. Feix clic a &#8220;Afegir al carret&#8221; i descobreix la m\u00e0gia dels nostres \u00c0lbums de Fotos Artesanals avui mateix!<\/p>\n","protected":false},"featured_media":3019,"template":"","meta":{"site-sidebar-layout":"default","site-content-layout":"","ast-site-content-layout":"","site-content-style":"default","site-sidebar-style":"default","ast-global-header-display":"","ast-banner-title-visibility":"","ast-main-header-display":"","ast-hfb-above-header-display":"","ast-hfb-below-header-display":"","ast-hfb-mobile-header-display":"","site-post-title":"","ast-breadcrumbs-content":"","ast-featured-img":"","footer-sml-layout":"","theme-transparent-header-meta":"default","adv-header-id-meta":"","stick-header-meta":"default","header-above-stick-meta":"","header-main-stick-meta":"","header-below-stick-meta":"","astra-migrate-meta-layouts":"","ast-page-background-enabled":"default","ast-page-background-meta":{"desktop":{"background-color":"","background-image":"","background-repeat":"repeat","background-position":"center center","background-size":"auto","background-attachment":"scroll","background-type":"","background-media":"","overlay-type":"","overlay-color":"","overlay-gradient":""},"tablet":{"background-color":"","background-image":"","background-repeat":"repeat","background-position":"center center","background-size":"auto","background-attachment":"scroll","background-type":"","background-media":"","overlay-type":"","overlay-color":"","overlay-gradient":""},"mobile":{"background-color":"","background-image":"","background-repeat":"repeat","background-position":"center center","background-size":"auto","background-attachment":"scroll","background-type":"","background-media":"","overlay-type":"","overlay-color":"","overlay-gradient":""}},"ast-content-background-meta":{"desktop":{"background-color":"var(--ast-global-color-5)","background-image":"","background-repeat":"repeat","background-position":"center center","background-size":"auto","background-attachment":"scroll","background-type":"","background-media":"","overlay-type":"","overlay-color":"","overlay-gradient":""},"tablet":{"background-color":"var(--ast-global-color-5)","background-image":"","background-repeat":"repeat","background-position":"center center","background-size":"auto","background-attachment":"scroll","background-type":"","background-media":"","overlay-type":"","overlay-color":"","overlay-gradient":""},"mobile":{"background-color":"var(--ast-global-color-5)","background-image":"","background-repeat":"repeat","background-position":"center center","background-size":"auto","background-attachment":"scroll","background-type":"","background-media":"","overlay-type":"","overlay-color":"","overlay-gradient":""}}},"product_cat":[70,72],"product_tag":[],"_links":{"self":[{"href":"https:\/\/www.cdi-sl.com\/ca\/wp-json\/wp\/v2\/product\/3106"}],"collection":[{"href":"https:\/\/www.cdi-sl.com\/ca\/wp-json\/wp\/v2\/product"}],"about":[{"href":"https:\/\/www.cdi-sl.com\/ca\/wp-json\/wp\/v2\/types\/product"}],"wp:featuredmedia":[{"embeddable":true,"href":"https:\/\/www.cdi-sl.com\/ca\/wp-json\/wp\/v2\/media\/3019"}],"wp:attachment":[{"href":"https:\/\/www.cdi-sl.com\/ca\/wp-json\/wp\/v2\/media?parent=3106"}],"wp:term":[{"taxonomy":"product_cat","embeddable":true,"href":"https:\/\/www.cdi-sl.com\/ca\/wp-json\/wp\/v2\/product_cat?post=3106"},{"taxonomy":"product_tag","embeddable":true,"href":"https:\/\/www.cdi-sl.com\/ca\/wp-json\/wp\/v2\/product_tag?post=3106"}],"curies":[{"name":"wp","href":"https:\/\/api.w.org\/{rel}","templated":true}]}}