{"id":3108,"date":"2023-10-24T10:14:51","date_gmt":"2023-10-24T08:14:51","guid":{"rendered":"https:\/\/www.cdi-sl.com\/producto\/papereria-targetes-felicitacio\/"},"modified":"2023-10-24T10:14:51","modified_gmt":"2023-10-24T08:14:51","slug":"papereria-targetes-felicitacio","status":"publish","type":"product","link":"https:\/\/www.cdi-sl.com\/ca\/producto\/papereria-targetes-felicitacio\/","title":{"rendered":"Papereria Targetes Felicitaci\u00f3"},"content":{"rendered":"","protected":false},"excerpt":{"rendered":"<p>Celebra moments especials amb les nostres Targetes de Felicitaci\u00f3 \u00faniques! En la nostra Papereria, sabem l&#8217;important que s\u00f3n els detalls, i les nostres targetes estan dissenyades per a expressar les teves emocions d&#8217;una manera especial.<\/p>\n<p>Des d&#8217;aniversari fins a aniversaris i esdeveniments especials, tenim una targeta per a cada ocasi\u00f3. Els nostres dissenys s\u00f3n \u00fanics i acuradament elaborats per a assegurar-nos que les teves felicitacions siguin veritablement inoblidables.<\/p>\n<p>Utilitzem paper d&#8217;alta qualitat que se sent lux\u00f3s al toc i els nostres colors s\u00f3n vibrants i duradors. Tamb\u00e9 pots personalitzar les teves targetes amb missatges i fotos, la qual cosa les converteix en regals \u00fanics i significatius.<\/p>\n","protected":false},"featured_media":3007,"template":"","meta":{"site-sidebar-layout":"default","site-content-layout":"","ast-site-content-layout":"","site-content-style":"default","site-sidebar-style":"default","ast-global-header-display":"","ast-banner-title-visibility":"","ast-main-header-display":"","ast-hfb-above-header-display":"","ast-hfb-below-header-display":"","ast-hfb-mobile-header-display":"","site-post-title":"","ast-breadcrumbs-content":"","ast-featured-img":"","footer-sml-layout":"","theme-transparent-header-meta":"default","adv-header-id-meta":"","stick-header-meta":"default","header-above-stick-meta":"","header-main-stick-meta":"","header-below-stick-meta":"","astra-migrate-meta-layouts":"","ast-page-background-enabled":"default","ast-page-background-meta":{"desktop":{"background-color":"","background-image":"","background-repeat":"repeat","background-position":"center center","background-size":"auto","background-attachment":"scroll","background-type":"","background-media":"","overlay-type":"","overlay-color":"","overlay-gradient":""},"tablet":{"background-color":"","background-image":"","background-repeat":"repeat","background-position":"center center","background-size":"auto","background-attachment":"scroll","background-type":"","background-media":"","overlay-type":"","overlay-color":"","overlay-gradient":""},"mobile":{"background-color":"","background-image":"","background-repeat":"repeat","background-position":"center center","background-size":"auto","background-attachment":"scroll","background-type":"","background-media":"","overlay-type":"","overlay-color":"","overlay-gradient":""}},"ast-content-background-meta":{"desktop":{"background-color":"var(--ast-global-color-5)","background-image":"","background-repeat":"repeat","background-position":"center center","background-size":"auto","background-attachment":"scroll","background-type":"","background-media":"","overlay-type":"","overlay-color":"","overlay-gradient":""},"tablet":{"background-color":"var(--ast-global-color-5)","background-image":"","background-repeat":"repeat","background-position":"center center","background-size":"auto","background-attachment":"scroll","background-type":"","background-media":"","overlay-type":"","overlay-color":"","overlay-gradient":""},"mobile":{"background-color":"var(--ast-global-color-5)","background-image":"","background-repeat":"repeat","background-position":"center center","background-size":"auto","background-attachment":"scroll","background-type":"","background-media":"","overlay-type":"","overlay-color":"","overlay-gradient":""}}},"product_cat":[70,72],"product_tag":[],"_links":{"self":[{"href":"https:\/\/www.cdi-sl.com\/ca\/wp-json\/wp\/v2\/product\/3108"}],"collection":[{"href":"https:\/\/www.cdi-sl.com\/ca\/wp-json\/wp\/v2\/product"}],"about":[{"href":"https:\/\/www.cdi-sl.com\/ca\/wp-json\/wp\/v2\/types\/product"}],"wp:featuredmedia":[{"embeddable":true,"href":"https:\/\/www.cdi-sl.com\/ca\/wp-json\/wp\/v2\/media\/3007"}],"wp:attachment":[{"href":"https:\/\/www.cdi-sl.com\/ca\/wp-json\/wp\/v2\/media?parent=3108"}],"wp:term":[{"taxonomy":"product_cat","embeddable":true,"href":"https:\/\/www.cdi-sl.com\/ca\/wp-json\/wp\/v2\/product_cat?post=3108"},{"taxonomy":"product_tag","embeddable":true,"href":"https:\/\/www.cdi-sl.com\/ca\/wp-json\/wp\/v2\/product_tag?post=3108"}],"curies":[{"name":"wp","href":"https:\/\/api.w.org\/{rel}","templated":true}]}}