{"id":3109,"date":"2023-10-24T10:13:32","date_gmt":"2023-10-24T08:13:32","guid":{"rendered":"https:\/\/www.cdi-sl.com\/producto\/papereria-cartulinas-a2\/"},"modified":"2023-10-24T10:13:32","modified_gmt":"2023-10-24T08:13:32","slug":"papereria-cartulinas-a2","status":"publish","type":"product","link":"https:\/\/www.cdi-sl.com\/ca\/producto\/papereria-cartulinas-a2\/","title":{"rendered":"Papereria cartulinas A2"},"content":{"rendered":"","protected":false},"excerpt":{"rendered":"<p>Llest per a portar la teva creativitat al seg\u00fcent nivell? Descobreix les nostres Cartolines A2 en la Papereria, l&#8217;elecci\u00f3 perfecta per als teus projectes art\u00edstics i de disseny.<\/p>\n<p>Les nostres cartolines A2 s\u00f3n grans, vers\u00e0tils i d&#8217;alta qualitat. Amb una grand\u00e0ria de 16.5 x 23.4 polzades, et donen molt espai per a expressar-te. S\u00f3n ideals per a esbossos, il\u00b7lustracions, p\u00f2sters, i molt m\u00e9s. La superf\u00edcie llisa permet un tra\u00e7 net i colors vibrants, mentre que la durabilitat garanteix que les teves creacions es mantinguin en perfecte estat.<\/p>\n<p>Ja sigui que siguis un artista professional o simplement vulguis donar vida a les teves idees, aquestes cartolines s\u00f3n el teu llen\u00e7 en blanc. Deixa volar la teva imaginaci\u00f3 !<\/p>\n","protected":false},"featured_media":3008,"template":"","meta":{"site-sidebar-layout":"default","site-content-layout":"","ast-site-content-layout":"","site-content-style":"default","site-sidebar-style":"default","ast-global-header-display":"","ast-banner-title-visibility":"","ast-main-header-display":"","ast-hfb-above-header-display":"","ast-hfb-below-header-display":"","ast-hfb-mobile-header-display":"","site-post-title":"","ast-breadcrumbs-content":"","ast-featured-img":"","footer-sml-layout":"","theme-transparent-header-meta":"default","adv-header-id-meta":"","stick-header-meta":"default","header-above-stick-meta":"","header-main-stick-meta":"","header-below-stick-meta":"","astra-migrate-meta-layouts":"","ast-page-background-enabled":"default","ast-page-background-meta":{"desktop":{"background-color":"","background-image":"","background-repeat":"repeat","background-position":"center center","background-size":"auto","background-attachment":"scroll","background-type":"","background-media":"","overlay-type":"","overlay-color":"","overlay-gradient":""},"tablet":{"background-color":"","background-image":"","background-repeat":"repeat","background-position":"center center","background-size":"auto","background-attachment":"scroll","background-type":"","background-media":"","overlay-type":"","overlay-color":"","overlay-gradient":""},"mobile":{"background-color":"","background-image":"","background-repeat":"repeat","background-position":"center center","background-size":"auto","background-attachment":"scroll","background-type":"","background-media":"","overlay-type":"","overlay-color":"","overlay-gradient":""}},"ast-content-background-meta":{"desktop":{"background-color":"var(--ast-global-color-5)","background-image":"","background-repeat":"repeat","background-position":"center center","background-size":"auto","background-attachment":"scroll","background-type":"","background-media":"","overlay-type":"","overlay-color":"","overlay-gradient":""},"tablet":{"background-color":"var(--ast-global-color-5)","background-image":"","background-repeat":"repeat","background-position":"center center","background-size":"auto","background-attachment":"scroll","background-type":"","background-media":"","overlay-type":"","overlay-color":"","overlay-gradient":""},"mobile":{"background-color":"var(--ast-global-color-5)","background-image":"","background-repeat":"repeat","background-position":"center center","background-size":"auto","background-attachment":"scroll","background-type":"","background-media":"","overlay-type":"","overlay-color":"","overlay-gradient":""}}},"product_cat":[70,72],"product_tag":[],"_links":{"self":[{"href":"https:\/\/www.cdi-sl.com\/ca\/wp-json\/wp\/v2\/product\/3109"}],"collection":[{"href":"https:\/\/www.cdi-sl.com\/ca\/wp-json\/wp\/v2\/product"}],"about":[{"href":"https:\/\/www.cdi-sl.com\/ca\/wp-json\/wp\/v2\/types\/product"}],"wp:featuredmedia":[{"embeddable":true,"href":"https:\/\/www.cdi-sl.com\/ca\/wp-json\/wp\/v2\/media\/3008"}],"wp:attachment":[{"href":"https:\/\/www.cdi-sl.com\/ca\/wp-json\/wp\/v2\/media?parent=3109"}],"wp:term":[{"taxonomy":"product_cat","embeddable":true,"href":"https:\/\/www.cdi-sl.com\/ca\/wp-json\/wp\/v2\/product_cat?post=3109"},{"taxonomy":"product_tag","embeddable":true,"href":"https:\/\/www.cdi-sl.com\/ca\/wp-json\/wp\/v2\/product_tag?post=3109"}],"curies":[{"name":"wp","href":"https:\/\/api.w.org\/{rel}","templated":true}]}}