{"id":3110,"date":"2023-10-24T10:12:14","date_gmt":"2023-10-24T08:12:14","guid":{"rendered":"https:\/\/www.cdi-sl.com\/producto\/papeleria-paper-acoloreixis-80-gr-a4\/"},"modified":"2023-10-24T10:12:14","modified_gmt":"2023-10-24T08:12:14","slug":"papeleria-paper-acoloreixis-80-gr-a4","status":"publish","type":"product","link":"https:\/\/www.cdi-sl.com\/ca\/producto\/papeleria-paper-acoloreixis-80-gr-a4\/","title":{"rendered":"Papeleria Paper acoloreixis 80 gr A4"},"content":{"rendered":"","protected":false},"excerpt":{"rendered":"<p>Llest per a donar vida als teus projectes d&#8217;una manera vibrant i creativa? \u00a1Nuestro Papel de Colores 80 gr A4 es justo lo que necesitas!<\/p>\n<p>Imagina un paper que no sols \u00e9s vers\u00e0til, sin\u00f3 tamb\u00e9 ple de color. El nostre paper de 80 grams et permet agregar un toc de vitalitat als teus treballs sense preocupar-te per la qualitat. Des de projectes escolars i manualitats fins a presentacions professionals, aquest paper \u00e9s el teu aliat perfecte.<\/p>\n<p>Amb una \u00e0mplia gamma de colors a la teva disposici\u00f3, trobar\u00e0s el to adequat per a cada ocasi\u00f3. Els colors s\u00f3n vibrants i es mantenen fidels, assegurant que les teves creacions destaquin. A m\u00e9s, el seu pes de 80 grams garanteix que les teves impressions siguin n\u00edtides i resistents.<\/p>\n","protected":false},"featured_media":3009,"template":"","meta":{"site-sidebar-layout":"default","site-content-layout":"","ast-site-content-layout":"","site-content-style":"default","site-sidebar-style":"default","ast-global-header-display":"","ast-banner-title-visibility":"","ast-main-header-display":"","ast-hfb-above-header-display":"","ast-hfb-below-header-display":"","ast-hfb-mobile-header-display":"","site-post-title":"","ast-breadcrumbs-content":"","ast-featured-img":"","footer-sml-layout":"","theme-transparent-header-meta":"default","adv-header-id-meta":"","stick-header-meta":"default","header-above-stick-meta":"","header-main-stick-meta":"","header-below-stick-meta":"","astra-migrate-meta-layouts":"","ast-page-background-enabled":"default","ast-page-background-meta":{"desktop":{"background-color":"","background-image":"","background-repeat":"repeat","background-position":"center center","background-size":"auto","background-attachment":"scroll","background-type":"","background-media":"","overlay-type":"","overlay-color":"","overlay-gradient":""},"tablet":{"background-color":"","background-image":"","background-repeat":"repeat","background-position":"center center","background-size":"auto","background-attachment":"scroll","background-type":"","background-media":"","overlay-type":"","overlay-color":"","overlay-gradient":""},"mobile":{"background-color":"","background-image":"","background-repeat":"repeat","background-position":"center center","background-size":"auto","background-attachment":"scroll","background-type":"","background-media":"","overlay-type":"","overlay-color":"","overlay-gradient":""}},"ast-content-background-meta":{"desktop":{"background-color":"var(--ast-global-color-5)","background-image":"","background-repeat":"repeat","background-position":"center center","background-size":"auto","background-attachment":"scroll","background-type":"","background-media":"","overlay-type":"","overlay-color":"","overlay-gradient":""},"tablet":{"background-color":"var(--ast-global-color-5)","background-image":"","background-repeat":"repeat","background-position":"center center","background-size":"auto","background-attachment":"scroll","background-type":"","background-media":"","overlay-type":"","overlay-color":"","overlay-gradient":""},"mobile":{"background-color":"var(--ast-global-color-5)","background-image":"","background-repeat":"repeat","background-position":"center center","background-size":"auto","background-attachment":"scroll","background-type":"","background-media":"","overlay-type":"","overlay-color":"","overlay-gradient":""}}},"product_cat":[70,72],"product_tag":[],"_links":{"self":[{"href":"https:\/\/www.cdi-sl.com\/ca\/wp-json\/wp\/v2\/product\/3110"}],"collection":[{"href":"https:\/\/www.cdi-sl.com\/ca\/wp-json\/wp\/v2\/product"}],"about":[{"href":"https:\/\/www.cdi-sl.com\/ca\/wp-json\/wp\/v2\/types\/product"}],"wp:featuredmedia":[{"embeddable":true,"href":"https:\/\/www.cdi-sl.com\/ca\/wp-json\/wp\/v2\/media\/3009"}],"wp:attachment":[{"href":"https:\/\/www.cdi-sl.com\/ca\/wp-json\/wp\/v2\/media?parent=3110"}],"wp:term":[{"taxonomy":"product_cat","embeddable":true,"href":"https:\/\/www.cdi-sl.com\/ca\/wp-json\/wp\/v2\/product_cat?post=3110"},{"taxonomy":"product_tag","embeddable":true,"href":"https:\/\/www.cdi-sl.com\/ca\/wp-json\/wp\/v2\/product_tag?post=3110"}],"curies":[{"name":"wp","href":"https:\/\/api.w.org\/{rel}","templated":true}]}}