{"id":3112,"date":"2023-10-24T10:09:20","date_gmt":"2023-10-24T08:09:20","guid":{"rendered":"https:\/\/www.cdi-sl.com\/producto\/papeleria-sobres-de-colors-quadrats\/"},"modified":"2023-10-24T10:09:20","modified_gmt":"2023-10-24T08:09:20","slug":"papeleria-sobres-de-colors-quadrats","status":"publish","type":"product","link":"https:\/\/www.cdi-sl.com\/ca\/producto\/papeleria-sobres-de-colors-quadrats\/","title":{"rendered":"Papeleria sobres de colors quadrats"},"content":{"rendered":"","protected":false},"excerpt":{"rendered":"<p>Dona-li vida a la teva correspond\u00e8ncia amb els nostres Sobres de Colors Quadrats! En la nostra Papereria, sabem que el primer cop d&#8217;ull compta, i aquests sobres s\u00f3n perfectes per a fer que la teva carta es destaqui.<\/p>\n<p>Els nostres sobres no s\u00f3n com els altres. SSon cuadrados y est\u00e1n disponibles en una amplia gama de colores vibrantes. Aix\u00f2 significa que pots empaquetar els teus missatges en un paquet d&#8217;alegria. S\u00f3n ideals per a invitacions, targetes de felicitaci\u00f3, notes especials i m\u00e9s.<\/p>\n<p>La qualitat \u00e9s el primer en la nostra ment, i aquests sobres no s\u00f3n l&#8217;excepci\u00f3. La qualitat \u00e9s el primer en la nostra ment, i aquests sobres no s\u00f3n l&#8217;excepci\u00f3. A m\u00e9s, el seu format quadrat agrega un toc d&#8217;originalitat.<\/p>\n","protected":false},"featured_media":3012,"template":"","meta":{"site-sidebar-layout":"default","site-content-layout":"","ast-site-content-layout":"","site-content-style":"default","site-sidebar-style":"default","ast-global-header-display":"","ast-banner-title-visibility":"","ast-main-header-display":"","ast-hfb-above-header-display":"","ast-hfb-below-header-display":"","ast-hfb-mobile-header-display":"","site-post-title":"","ast-breadcrumbs-content":"","ast-featured-img":"","footer-sml-layout":"","theme-transparent-header-meta":"default","adv-header-id-meta":"","stick-header-meta":"default","header-above-stick-meta":"","header-main-stick-meta":"","header-below-stick-meta":"","astra-migrate-meta-layouts":"","ast-page-background-enabled":"default","ast-page-background-meta":{"desktop":{"background-color":"","background-image":"","background-repeat":"repeat","background-position":"center center","background-size":"auto","background-attachment":"scroll","background-type":"","background-media":"","overlay-type":"","overlay-color":"","overlay-gradient":""},"tablet":{"background-color":"","background-image":"","background-repeat":"repeat","background-position":"center center","background-size":"auto","background-attachment":"scroll","background-type":"","background-media":"","overlay-type":"","overlay-color":"","overlay-gradient":""},"mobile":{"background-color":"","background-image":"","background-repeat":"repeat","background-position":"center center","background-size":"auto","background-attachment":"scroll","background-type":"","background-media":"","overlay-type":"","overlay-color":"","overlay-gradient":""}},"ast-content-background-meta":{"desktop":{"background-color":"var(--ast-global-color-5)","background-image":"","background-repeat":"repeat","background-position":"center center","background-size":"auto","background-attachment":"scroll","background-type":"","background-media":"","overlay-type":"","overlay-color":"","overlay-gradient":""},"tablet":{"background-color":"var(--ast-global-color-5)","background-image":"","background-repeat":"repeat","background-position":"center center","background-size":"auto","background-attachment":"scroll","background-type":"","background-media":"","overlay-type":"","overlay-color":"","overlay-gradient":""},"mobile":{"background-color":"var(--ast-global-color-5)","background-image":"","background-repeat":"repeat","background-position":"center center","background-size":"auto","background-attachment":"scroll","background-type":"","background-media":"","overlay-type":"","overlay-color":"","overlay-gradient":""}}},"product_cat":[70,72],"product_tag":[],"_links":{"self":[{"href":"https:\/\/www.cdi-sl.com\/ca\/wp-json\/wp\/v2\/product\/3112"}],"collection":[{"href":"https:\/\/www.cdi-sl.com\/ca\/wp-json\/wp\/v2\/product"}],"about":[{"href":"https:\/\/www.cdi-sl.com\/ca\/wp-json\/wp\/v2\/types\/product"}],"wp:featuredmedia":[{"embeddable":true,"href":"https:\/\/www.cdi-sl.com\/ca\/wp-json\/wp\/v2\/media\/3012"}],"wp:attachment":[{"href":"https:\/\/www.cdi-sl.com\/ca\/wp-json\/wp\/v2\/media?parent=3112"}],"wp:term":[{"taxonomy":"product_cat","embeddable":true,"href":"https:\/\/www.cdi-sl.com\/ca\/wp-json\/wp\/v2\/product_cat?post=3112"},{"taxonomy":"product_tag","embeddable":true,"href":"https:\/\/www.cdi-sl.com\/ca\/wp-json\/wp\/v2\/product_tag?post=3112"}],"curies":[{"name":"wp","href":"https:\/\/api.w.org\/{rel}","templated":true}]}}