{"id":3113,"date":"2023-10-24T10:09:06","date_gmt":"2023-10-24T08:09:06","guid":{"rendered":"https:\/\/www.cdi-sl.com\/producto\/papereria-sobres-blancs\/"},"modified":"2023-10-24T10:09:06","modified_gmt":"2023-10-24T08:09:06","slug":"papereria-sobres-blancs","status":"publish","type":"product","link":"https:\/\/www.cdi-sl.com\/ca\/producto\/papereria-sobres-blancs\/","title":{"rendered":"Papereria sobres blancs"},"content":{"rendered":"","protected":false},"excerpt":{"rendered":"<p>Llest per a l&#8217;eleg\u00e0ncia atemporal? Els nostres Sobres Blancs s\u00f3n l&#8217;elecci\u00f3 perfecta per a qualsevol ocasi\u00f3 en la nostra Papereria. Si busques una forma cl\u00e0ssica i sofisticada de presentar les teves cartes o targetes, no busquis m\u00e9s.<\/p>\n<p>La bellesa de la simplicitat es reflecteix en aquests sobres blancs. S\u00f3n vers\u00e0tils i apropiats per a totes les teves necessitats de correspond\u00e8ncia, des de cartes personals fins a documents professionals. La qualitat del paper garanteix que el teu contingut arribi en perfectes condicions.<\/p>\n<p>La neutralitat del blanc permet una personalitzaci\u00f3 il\u00b7limitada. Agrega un toc de creativitat amb segells, cal\u00b7ligrafia o adhesius. S\u00f3n perfectes per a bodes, anuncis de naixements, invitacions o simplement per a enviar els teus pensaments m\u00e9s sincers.<\/p>\n","protected":false},"featured_media":3013,"template":"","meta":{"site-sidebar-layout":"default","site-content-layout":"","ast-site-content-layout":"","site-content-style":"default","site-sidebar-style":"default","ast-global-header-display":"","ast-banner-title-visibility":"","ast-main-header-display":"","ast-hfb-above-header-display":"","ast-hfb-below-header-display":"","ast-hfb-mobile-header-display":"","site-post-title":"","ast-breadcrumbs-content":"","ast-featured-img":"","footer-sml-layout":"","theme-transparent-header-meta":"default","adv-header-id-meta":"","stick-header-meta":"default","header-above-stick-meta":"","header-main-stick-meta":"","header-below-stick-meta":"","astra-migrate-meta-layouts":"","ast-page-background-enabled":"default","ast-page-background-meta":{"desktop":{"background-color":"","background-image":"","background-repeat":"repeat","background-position":"center center","background-size":"auto","background-attachment":"scroll","background-type":"","background-media":"","overlay-type":"","overlay-color":"","overlay-gradient":""},"tablet":{"background-color":"","background-image":"","background-repeat":"repeat","background-position":"center center","background-size":"auto","background-attachment":"scroll","background-type":"","background-media":"","overlay-type":"","overlay-color":"","overlay-gradient":""},"mobile":{"background-color":"","background-image":"","background-repeat":"repeat","background-position":"center center","background-size":"auto","background-attachment":"scroll","background-type":"","background-media":"","overlay-type":"","overlay-color":"","overlay-gradient":""}},"ast-content-background-meta":{"desktop":{"background-color":"var(--ast-global-color-5)","background-image":"","background-repeat":"repeat","background-position":"center center","background-size":"auto","background-attachment":"scroll","background-type":"","background-media":"","overlay-type":"","overlay-color":"","overlay-gradient":""},"tablet":{"background-color":"var(--ast-global-color-5)","background-image":"","background-repeat":"repeat","background-position":"center center","background-size":"auto","background-attachment":"scroll","background-type":"","background-media":"","overlay-type":"","overlay-color":"","overlay-gradient":""},"mobile":{"background-color":"var(--ast-global-color-5)","background-image":"","background-repeat":"repeat","background-position":"center center","background-size":"auto","background-attachment":"scroll","background-type":"","background-media":"","overlay-type":"","overlay-color":"","overlay-gradient":""}}},"product_cat":[70,72],"product_tag":[],"_links":{"self":[{"href":"https:\/\/www.cdi-sl.com\/ca\/wp-json\/wp\/v2\/product\/3113"}],"collection":[{"href":"https:\/\/www.cdi-sl.com\/ca\/wp-json\/wp\/v2\/product"}],"about":[{"href":"https:\/\/www.cdi-sl.com\/ca\/wp-json\/wp\/v2\/types\/product"}],"wp:featuredmedia":[{"embeddable":true,"href":"https:\/\/www.cdi-sl.com\/ca\/wp-json\/wp\/v2\/media\/3013"}],"wp:attachment":[{"href":"https:\/\/www.cdi-sl.com\/ca\/wp-json\/wp\/v2\/media?parent=3113"}],"wp:term":[{"taxonomy":"product_cat","embeddable":true,"href":"https:\/\/www.cdi-sl.com\/ca\/wp-json\/wp\/v2\/product_cat?post=3113"},{"taxonomy":"product_tag","embeddable":true,"href":"https:\/\/www.cdi-sl.com\/ca\/wp-json\/wp\/v2\/product_tag?post=3113"}],"curies":[{"name":"wp","href":"https:\/\/api.w.org\/{rel}","templated":true}]}}