{"id":3114,"date":"2023-10-24T10:01:34","date_gmt":"2023-10-24T08:01:34","guid":{"rendered":"https:\/\/www.cdi-sl.com\/producto\/placa-turistica\/"},"modified":"2023-10-24T10:01:34","modified_gmt":"2023-10-24T08:01:34","slug":"placa-turistica","status":"publish","type":"product","link":"https:\/\/www.cdi-sl.com\/ca\/producto\/placa-turistica\/","title":{"rendered":"Placa tur\u00edstica"},"content":{"rendered":"","protected":false},"excerpt":{"rendered":"<p>Vols donar vida a les teves plaques tur\u00edstiques de manera r\u00e0pida i senzilla? La impressi\u00f3 directa des del teu m\u00f2bil \u00e9s la resposta que estaves buscant! A la nostra botiga, t&#8217;oferim una forma innovadora de crear plaques tur\u00edstiques personalitzades que destacaran en qualsevol lloc.<\/p>\n<p>Imagina poder capturar els teus records de viatge, dades hist\u00f2riques o informaci\u00f3 rellevant de manera instant\u00e0nia, directament des del teu dispositiu m\u00f2bil. Amb la nostra soluci\u00f3 d&#8217;impressi\u00f3, pots dissenyar i personalitzar les teves plaques amb facilitat, afegint un toc especial a qualsevol dest\u00ed.<\/p>\n<p>La nostra tecnologia d&#8217;impressi\u00f3 d&#8217;alta qualitat garanteix que les teves plaques siguin n\u00edtides i duradores. Ja sigui per a \u00fas personal o comercial, com a guies tur\u00edstiques, aquestes plaques destacaran i seran de gran utilitat.<\/p>\n","protected":false},"featured_media":3014,"template":"","meta":{"site-sidebar-layout":"default","site-content-layout":"","ast-site-content-layout":"","site-content-style":"default","site-sidebar-style":"default","ast-global-header-display":"","ast-banner-title-visibility":"","ast-main-header-display":"","ast-hfb-above-header-display":"","ast-hfb-below-header-display":"","ast-hfb-mobile-header-display":"","site-post-title":"","ast-breadcrumbs-content":"","ast-featured-img":"","footer-sml-layout":"","theme-transparent-header-meta":"default","adv-header-id-meta":"","stick-header-meta":"default","header-above-stick-meta":"","header-main-stick-meta":"","header-below-stick-meta":"","astra-migrate-meta-layouts":"","ast-page-background-enabled":"default","ast-page-background-meta":{"desktop":{"background-color":"","background-image":"","background-repeat":"repeat","background-position":"center center","background-size":"auto","background-attachment":"scroll","background-type":"","background-media":"","overlay-type":"","overlay-color":"","overlay-gradient":""},"tablet":{"background-color":"","background-image":"","background-repeat":"repeat","background-position":"center center","background-size":"auto","background-attachment":"scroll","background-type":"","background-media":"","overlay-type":"","overlay-color":"","overlay-gradient":""},"mobile":{"background-color":"","background-image":"","background-repeat":"repeat","background-position":"center center","background-size":"auto","background-attachment":"scroll","background-type":"","background-media":"","overlay-type":"","overlay-color":"","overlay-gradient":""}},"ast-content-background-meta":{"desktop":{"background-color":"var(--ast-global-color-5)","background-image":"","background-repeat":"repeat","background-position":"center center","background-size":"auto","background-attachment":"scroll","background-type":"","background-media":"","overlay-type":"","overlay-color":"","overlay-gradient":""},"tablet":{"background-color":"var(--ast-global-color-5)","background-image":"","background-repeat":"repeat","background-position":"center center","background-size":"auto","background-attachment":"scroll","background-type":"","background-media":"","overlay-type":"","overlay-color":"","overlay-gradient":""},"mobile":{"background-color":"var(--ast-global-color-5)","background-image":"","background-repeat":"repeat","background-position":"center center","background-size":"auto","background-attachment":"scroll","background-type":"","background-media":"","overlay-type":"","overlay-color":"","overlay-gradient":""}}},"product_cat":[70,72],"product_tag":[],"_links":{"self":[{"href":"https:\/\/www.cdi-sl.com\/ca\/wp-json\/wp\/v2\/product\/3114"}],"collection":[{"href":"https:\/\/www.cdi-sl.com\/ca\/wp-json\/wp\/v2\/product"}],"about":[{"href":"https:\/\/www.cdi-sl.com\/ca\/wp-json\/wp\/v2\/types\/product"}],"wp:featuredmedia":[{"embeddable":true,"href":"https:\/\/www.cdi-sl.com\/ca\/wp-json\/wp\/v2\/media\/3014"}],"wp:attachment":[{"href":"https:\/\/www.cdi-sl.com\/ca\/wp-json\/wp\/v2\/media?parent=3114"}],"wp:term":[{"taxonomy":"product_cat","embeddable":true,"href":"https:\/\/www.cdi-sl.com\/ca\/wp-json\/wp\/v2\/product_cat?post=3114"},{"taxonomy":"product_tag","embeddable":true,"href":"https:\/\/www.cdi-sl.com\/ca\/wp-json\/wp\/v2\/product_tag?post=3114"}],"curies":[{"name":"wp","href":"https:\/\/api.w.org\/{rel}","templated":true}]}}