{"id":3115,"date":"2023-10-24T10:01:05","date_gmt":"2023-10-24T08:01:05","guid":{"rendered":"https:\/\/www.cdi-sl.com\/producto\/marcos-per-a-quadres-i-fotos\/"},"modified":"2023-10-24T10:01:05","modified_gmt":"2023-10-24T08:01:05","slug":"marcos-per-a-quadres-i-fotos","status":"publish","type":"product","link":"https:\/\/www.cdi-sl.com\/ca\/producto\/marcos-per-a-quadres-i-fotos\/","title":{"rendered":"Marcos per a quadres i fotos"},"content":{"rendered":"","protected":false},"excerpt":{"rendered":"<p>Vols convertir els teus moments especials en records tangibles i personalitzats? La nostra impressi\u00f3 directa des del m\u00f2bil per a marcs t&#8217;ofereix la soluci\u00f3 perfecta! Oblida&#8217;t de les complicacions i els processos llargs; ara pots imprimir les teves fotos directament des del teu dispositiu m\u00f2bil i emmarcar-les amb facilitat.<\/p>\n<p>La impressi\u00f3 directa des del m\u00f2bil et permet donar vida a les teves fotos en q\u00fcesti\u00f3 de minuts. Selecciona les teves imatges favorites, afegeix un toc personal i emmarca els teus records d&#8217;una manera \u00fanica. Ja sigui per a decorar la teva llar amb fotos de viatges, moments familiars o per a crear regals personalitzats, aquesta soluci\u00f3 \u00e9s r\u00e0pida, senzilla i d&#8217;alta qualitat.<\/p>\n<p>Els marcs d&#8217;impressi\u00f3 directa des del m\u00f2bil s\u00f3n duradors i estan llestos per a destacar en qualsevol entorn. Afegeixen un toc especial als teus espais i et permeten compartir els teus records d&#8217;una manera bella i personal. No perdis l&#8217;oportunitat de reviure els teus moments m\u00e9s preuats d&#8217;una manera \u00fanica.<\/p>\n","protected":false},"featured_media":3015,"template":"","meta":{"site-sidebar-layout":"default","site-content-layout":"","ast-site-content-layout":"","site-content-style":"default","site-sidebar-style":"default","ast-global-header-display":"","ast-banner-title-visibility":"","ast-main-header-display":"","ast-hfb-above-header-display":"","ast-hfb-below-header-display":"","ast-hfb-mobile-header-display":"","site-post-title":"","ast-breadcrumbs-content":"","ast-featured-img":"","footer-sml-layout":"","theme-transparent-header-meta":"default","adv-header-id-meta":"","stick-header-meta":"default","header-above-stick-meta":"","header-main-stick-meta":"","header-below-stick-meta":"","astra-migrate-meta-layouts":"","ast-page-background-enabled":"default","ast-page-background-meta":{"desktop":{"background-color":"","background-image":"","background-repeat":"repeat","background-position":"center center","background-size":"auto","background-attachment":"scroll","background-type":"","background-media":"","overlay-type":"","overlay-color":"","overlay-gradient":""},"tablet":{"background-color":"","background-image":"","background-repeat":"repeat","background-position":"center center","background-size":"auto","background-attachment":"scroll","background-type":"","background-media":"","overlay-type":"","overlay-color":"","overlay-gradient":""},"mobile":{"background-color":"","background-image":"","background-repeat":"repeat","background-position":"center center","background-size":"auto","background-attachment":"scroll","background-type":"","background-media":"","overlay-type":"","overlay-color":"","overlay-gradient":""}},"ast-content-background-meta":{"desktop":{"background-color":"var(--ast-global-color-5)","background-image":"","background-repeat":"repeat","background-position":"center center","background-size":"auto","background-attachment":"scroll","background-type":"","background-media":"","overlay-type":"","overlay-color":"","overlay-gradient":""},"tablet":{"background-color":"var(--ast-global-color-5)","background-image":"","background-repeat":"repeat","background-position":"center center","background-size":"auto","background-attachment":"scroll","background-type":"","background-media":"","overlay-type":"","overlay-color":"","overlay-gradient":""},"mobile":{"background-color":"var(--ast-global-color-5)","background-image":"","background-repeat":"repeat","background-position":"center center","background-size":"auto","background-attachment":"scroll","background-type":"","background-media":"","overlay-type":"","overlay-color":"","overlay-gradient":""}}},"product_cat":[70,72],"product_tag":[],"_links":{"self":[{"href":"https:\/\/www.cdi-sl.com\/ca\/wp-json\/wp\/v2\/product\/3115"}],"collection":[{"href":"https:\/\/www.cdi-sl.com\/ca\/wp-json\/wp\/v2\/product"}],"about":[{"href":"https:\/\/www.cdi-sl.com\/ca\/wp-json\/wp\/v2\/types\/product"}],"wp:featuredmedia":[{"embeddable":true,"href":"https:\/\/www.cdi-sl.com\/ca\/wp-json\/wp\/v2\/media\/3015"}],"wp:attachment":[{"href":"https:\/\/www.cdi-sl.com\/ca\/wp-json\/wp\/v2\/media?parent=3115"}],"wp:term":[{"taxonomy":"product_cat","embeddable":true,"href":"https:\/\/www.cdi-sl.com\/ca\/wp-json\/wp\/v2\/product_cat?post=3115"},{"taxonomy":"product_tag","embeddable":true,"href":"https:\/\/www.cdi-sl.com\/ca\/wp-json\/wp\/v2\/product_tag?post=3115"}],"curies":[{"name":"wp","href":"https:\/\/api.w.org\/{rel}","templated":true}]}}