{"id":3123,"date":"2023-10-24T09:47:53","date_gmt":"2023-10-24T07:47:53","guid":{"rendered":"https:\/\/www.cdi-sl.com\/producto\/fotos-carnet-impressio-digital\/"},"modified":"2023-10-24T09:47:53","modified_gmt":"2023-10-24T07:47:53","slug":"fotos-carnet-impressio-digital","status":"publish","type":"product","link":"https:\/\/www.cdi-sl.com\/ca\/producto\/fotos-carnet-impressio-digital\/","title":{"rendered":"Fotos carnet impressi\u00f3 digital"},"content":{"rendered":"","protected":false},"excerpt":{"rendered":"<p>Necessites fotos de carnet d&#8217;alta qualitat amb comoditat i rapidesa? La nostra impressi\u00f3 digital de fotos carnet \u00e9s la resposta. Oblida&#8217;t de les tedioses visites a un estudi fotogr\u00e0fic. Ara pots crear les teves pr\u00f2pies fotos carnet amb facilitat.<\/p>\n<p>La nostra tecnologia d&#8217;impressi\u00f3 digital garanteix que les teves fotos siguin n\u00edtides i compleixin amb tots els est\u00e0ndards de grand\u00e0ria i qualitat necessaris per a documents oficials. Ja sigui per a un document d&#8217;identitat, una llic\u00e8ncia de conduir o una targeta d&#8217;estudiant, les nostres fotos carnet s\u00f3n perfectes.<\/p>\n<p>El proc\u00e9s \u00e9s senzill: puja la teva foto, ajusta l&#8217;enquadrament, i nosaltres ens encarreguem de la resta. Rebr\u00e0s les teves fotos carnet en poc temps i llistes per a usar. A m\u00e9s, pots sol\u00b7licitar m\u00faltiples c\u00f2pies si les necessites.<\/p>\n","protected":false},"featured_media":3017,"template":"","meta":{"site-sidebar-layout":"default","site-content-layout":"","ast-site-content-layout":"","site-content-style":"default","site-sidebar-style":"default","ast-global-header-display":"","ast-banner-title-visibility":"","ast-main-header-display":"","ast-hfb-above-header-display":"","ast-hfb-below-header-display":"","ast-hfb-mobile-header-display":"","site-post-title":"","ast-breadcrumbs-content":"","ast-featured-img":"","footer-sml-layout":"","theme-transparent-header-meta":"default","adv-header-id-meta":"","stick-header-meta":"default","header-above-stick-meta":"","header-main-stick-meta":"","header-below-stick-meta":"","astra-migrate-meta-layouts":"","ast-page-background-enabled":"default","ast-page-background-meta":{"desktop":{"background-color":"","background-image":"","background-repeat":"repeat","background-position":"center center","background-size":"auto","background-attachment":"scroll","background-type":"","background-media":"","overlay-type":"","overlay-color":"","overlay-gradient":""},"tablet":{"background-color":"","background-image":"","background-repeat":"repeat","background-position":"center center","background-size":"auto","background-attachment":"scroll","background-type":"","background-media":"","overlay-type":"","overlay-color":"","overlay-gradient":""},"mobile":{"background-color":"","background-image":"","background-repeat":"repeat","background-position":"center center","background-size":"auto","background-attachment":"scroll","background-type":"","background-media":"","overlay-type":"","overlay-color":"","overlay-gradient":""}},"ast-content-background-meta":{"desktop":{"background-color":"var(--ast-global-color-5)","background-image":"","background-repeat":"repeat","background-position":"center center","background-size":"auto","background-attachment":"scroll","background-type":"","background-media":"","overlay-type":"","overlay-color":"","overlay-gradient":""},"tablet":{"background-color":"var(--ast-global-color-5)","background-image":"","background-repeat":"repeat","background-position":"center center","background-size":"auto","background-attachment":"scroll","background-type":"","background-media":"","overlay-type":"","overlay-color":"","overlay-gradient":""},"mobile":{"background-color":"var(--ast-global-color-5)","background-image":"","background-repeat":"repeat","background-position":"center center","background-size":"auto","background-attachment":"scroll","background-type":"","background-media":"","overlay-type":"","overlay-color":"","overlay-gradient":""}}},"product_cat":[70,72],"product_tag":[],"_links":{"self":[{"href":"https:\/\/www.cdi-sl.com\/ca\/wp-json\/wp\/v2\/product\/3123"}],"collection":[{"href":"https:\/\/www.cdi-sl.com\/ca\/wp-json\/wp\/v2\/product"}],"about":[{"href":"https:\/\/www.cdi-sl.com\/ca\/wp-json\/wp\/v2\/types\/product"}],"wp:featuredmedia":[{"embeddable":true,"href":"https:\/\/www.cdi-sl.com\/ca\/wp-json\/wp\/v2\/media\/3017"}],"wp:attachment":[{"href":"https:\/\/www.cdi-sl.com\/ca\/wp-json\/wp\/v2\/media?parent=3123"}],"wp:term":[{"taxonomy":"product_cat","embeddable":true,"href":"https:\/\/www.cdi-sl.com\/ca\/wp-json\/wp\/v2\/product_cat?post=3123"},{"taxonomy":"product_tag","embeddable":true,"href":"https:\/\/www.cdi-sl.com\/ca\/wp-json\/wp\/v2\/product_tag?post=3123"}],"curies":[{"name":"wp","href":"https:\/\/api.w.org\/{rel}","templated":true}]}}