{"id":3124,"date":"2023-10-24T09:45:08","date_gmt":"2023-10-24T07:45:08","guid":{"rendered":"https:\/\/www.cdi-sl.com\/producto\/servei-de-fax-envios\/"},"modified":"2023-10-24T09:45:08","modified_gmt":"2023-10-24T07:45:08","slug":"servei-de-fax-envios","status":"publish","type":"product","link":"https:\/\/www.cdi-sl.com\/ca\/producto\/servei-de-fax-envios\/","title":{"rendered":"Servei de fax envios"},"content":{"rendered":"","protected":false},"excerpt":{"rendered":"<p>Encara necessites enviar faxos en un m\u00f3n ple de tecnologia digital? No et preocupis! El nostre servei d&#8217;enviament de fax \u00e9s la soluci\u00f3 que est\u00e0s buscant. Encara que vivim en l&#8217;era digital, a vegades el fax continua sent necessari per a uns certs documents i tr\u00e0mits.<\/p>\n<p>Amb el nostre servei de fax, pots enviar documents de manera r\u00e0pida i segura. Oblida&#8217;t de les m\u00e0quines de fax voluminoses i de les l\u00ednies telef\u00f2niques ocupades. Tot el que necessites fer \u00e9s carregar el teu document, ingressar el n\u00famero de fax del destinatari i fer clic a &#8220;Enviar&#8221;.<\/p>\n<p>El nostre servei de fax et permet enviar documents a nivell local i internacional sense problemes. A m\u00e9s, rebr\u00e0s confirmacions de lliurament perqu\u00e8 tinguis la tranquil\u00b7litat de saber que el teu fax va arribar al seu dest\u00ed.<\/p>\n<p>Simplifica les teves tasques di\u00e0ries i utilitza la nostra plataforma d&#8217;enviament de fax. No perdis m\u00e9s temps amb m\u00e0quines obsoletes. Comen\u00e7a a enviar faxos de manera eficient ara mateix!<\/p>\n","protected":false},"featured_media":3018,"template":"","meta":{"site-sidebar-layout":"default","site-content-layout":"","ast-site-content-layout":"","site-content-style":"default","site-sidebar-style":"default","ast-global-header-display":"","ast-banner-title-visibility":"","ast-main-header-display":"","ast-hfb-above-header-display":"","ast-hfb-below-header-display":"","ast-hfb-mobile-header-display":"","site-post-title":"","ast-breadcrumbs-content":"","ast-featured-img":"","footer-sml-layout":"","theme-transparent-header-meta":"default","adv-header-id-meta":"","stick-header-meta":"default","header-above-stick-meta":"","header-main-stick-meta":"","header-below-stick-meta":"","astra-migrate-meta-layouts":"","ast-page-background-enabled":"default","ast-page-background-meta":{"desktop":{"background-color":"","background-image":"","background-repeat":"repeat","background-position":"center center","background-size":"auto","background-attachment":"scroll","background-type":"","background-media":"","overlay-type":"","overlay-color":"","overlay-gradient":""},"tablet":{"background-color":"","background-image":"","background-repeat":"repeat","background-position":"center center","background-size":"auto","background-attachment":"scroll","background-type":"","background-media":"","overlay-type":"","overlay-color":"","overlay-gradient":""},"mobile":{"background-color":"","background-image":"","background-repeat":"repeat","background-position":"center center","background-size":"auto","background-attachment":"scroll","background-type":"","background-media":"","overlay-type":"","overlay-color":"","overlay-gradient":""}},"ast-content-background-meta":{"desktop":{"background-color":"var(--ast-global-color-5)","background-image":"","background-repeat":"repeat","background-position":"center center","background-size":"auto","background-attachment":"scroll","background-type":"","background-media":"","overlay-type":"","overlay-color":"","overlay-gradient":""},"tablet":{"background-color":"var(--ast-global-color-5)","background-image":"","background-repeat":"repeat","background-position":"center center","background-size":"auto","background-attachment":"scroll","background-type":"","background-media":"","overlay-type":"","overlay-color":"","overlay-gradient":""},"mobile":{"background-color":"var(--ast-global-color-5)","background-image":"","background-repeat":"repeat","background-position":"center center","background-size":"auto","background-attachment":"scroll","background-type":"","background-media":"","overlay-type":"","overlay-color":"","overlay-gradient":""}}},"product_cat":[70,72],"product_tag":[],"_links":{"self":[{"href":"https:\/\/www.cdi-sl.com\/ca\/wp-json\/wp\/v2\/product\/3124"}],"collection":[{"href":"https:\/\/www.cdi-sl.com\/ca\/wp-json\/wp\/v2\/product"}],"about":[{"href":"https:\/\/www.cdi-sl.com\/ca\/wp-json\/wp\/v2\/types\/product"}],"wp:featuredmedia":[{"embeddable":true,"href":"https:\/\/www.cdi-sl.com\/ca\/wp-json\/wp\/v2\/media\/3018"}],"wp:attachment":[{"href":"https:\/\/www.cdi-sl.com\/ca\/wp-json\/wp\/v2\/media?parent=3124"}],"wp:term":[{"taxonomy":"product_cat","embeddable":true,"href":"https:\/\/www.cdi-sl.com\/ca\/wp-json\/wp\/v2\/product_cat?post=3124"},{"taxonomy":"product_tag","embeddable":true,"href":"https:\/\/www.cdi-sl.com\/ca\/wp-json\/wp\/v2\/product_tag?post=3124"}],"curies":[{"name":"wp","href":"https:\/\/api.w.org\/{rel}","templated":true}]}}