{"id":3125,"date":"2023-10-24T09:31:10","date_gmt":"2023-10-24T07:31:10","guid":{"rendered":"https:\/\/www.cdi-sl.com\/producto\/llenc-de-tela\/"},"modified":"2023-10-24T09:31:10","modified_gmt":"2023-10-24T07:31:10","slug":"llenc-de-tela","status":"publish","type":"product","link":"https:\/\/www.cdi-sl.com\/ca\/producto\/llenc-de-tela\/","title":{"rendered":"Llen\u00e7 de tela"},"content":{"rendered":"","protected":false},"excerpt":{"rendered":"<p>Cerques una forma \u00fanica de donar vida als teus records i decorar la teva llar amb un toc personal? Els nostres llen\u00e7os de tela s\u00f3n la resposta.<\/p>\n<p>Imagina convertir les teves fotos favorites en obres d&#8217;art llestes per a exhibir en la teva paret. Ja sigui que vulguis destacar moments especials, retrats de fam\u00edlia, paisatges impressionants o les teves pr\u00f2pies creacions art\u00edstiques, un llen\u00e7 de tela \u00e9s l&#8217;elecci\u00f3 perfecta.<\/p>\n<p>La qualitat d&#8217;impressi\u00f3 \u00e9s excepcional, la qual cosa garanteix que les teves imatges es vegin vibrants i n\u00edtides. El llen\u00e7 de tela li dona a les teves fotos una textura i profunditat \u00faniques, creant una sensaci\u00f3 d&#8217;eleg\u00e0ncia i autenticitat.<\/p>\n","protected":false},"featured_media":3005,"template":"","meta":{"site-sidebar-layout":"default","site-content-layout":"","ast-site-content-layout":"","site-content-style":"default","site-sidebar-style":"default","ast-global-header-display":"","ast-banner-title-visibility":"","ast-main-header-display":"","ast-hfb-above-header-display":"","ast-hfb-below-header-display":"","ast-hfb-mobile-header-display":"","site-post-title":"","ast-breadcrumbs-content":"","ast-featured-img":"","footer-sml-layout":"","theme-transparent-header-meta":"default","adv-header-id-meta":"","stick-header-meta":"default","header-above-stick-meta":"","header-main-stick-meta":"","header-below-stick-meta":"","astra-migrate-meta-layouts":"","ast-page-background-enabled":"default","ast-page-background-meta":{"desktop":{"background-color":"","background-image":"","background-repeat":"repeat","background-position":"center center","background-size":"auto","background-attachment":"scroll","background-type":"","background-media":"","overlay-type":"","overlay-color":"","overlay-gradient":""},"tablet":{"background-color":"","background-image":"","background-repeat":"repeat","background-position":"center center","background-size":"auto","background-attachment":"scroll","background-type":"","background-media":"","overlay-type":"","overlay-color":"","overlay-gradient":""},"mobile":{"background-color":"","background-image":"","background-repeat":"repeat","background-position":"center center","background-size":"auto","background-attachment":"scroll","background-type":"","background-media":"","overlay-type":"","overlay-color":"","overlay-gradient":""}},"ast-content-background-meta":{"desktop":{"background-color":"var(--ast-global-color-5)","background-image":"","background-repeat":"repeat","background-position":"center center","background-size":"auto","background-attachment":"scroll","background-type":"","background-media":"","overlay-type":"","overlay-color":"","overlay-gradient":""},"tablet":{"background-color":"var(--ast-global-color-5)","background-image":"","background-repeat":"repeat","background-position":"center center","background-size":"auto","background-attachment":"scroll","background-type":"","background-media":"","overlay-type":"","overlay-color":"","overlay-gradient":""},"mobile":{"background-color":"var(--ast-global-color-5)","background-image":"","background-repeat":"repeat","background-position":"center center","background-size":"auto","background-attachment":"scroll","background-type":"","background-media":"","overlay-type":"","overlay-color":"","overlay-gradient":""}}},"product_cat":[69,72],"product_tag":[],"_links":{"self":[{"href":"https:\/\/www.cdi-sl.com\/ca\/wp-json\/wp\/v2\/product\/3125"}],"collection":[{"href":"https:\/\/www.cdi-sl.com\/ca\/wp-json\/wp\/v2\/product"}],"about":[{"href":"https:\/\/www.cdi-sl.com\/ca\/wp-json\/wp\/v2\/types\/product"}],"wp:featuredmedia":[{"embeddable":true,"href":"https:\/\/www.cdi-sl.com\/ca\/wp-json\/wp\/v2\/media\/3005"}],"wp:attachment":[{"href":"https:\/\/www.cdi-sl.com\/ca\/wp-json\/wp\/v2\/media?parent=3125"}],"wp:term":[{"taxonomy":"product_cat","embeddable":true,"href":"https:\/\/www.cdi-sl.com\/ca\/wp-json\/wp\/v2\/product_cat?post=3125"},{"taxonomy":"product_tag","embeddable":true,"href":"https:\/\/www.cdi-sl.com\/ca\/wp-json\/wp\/v2\/product_tag?post=3125"}],"curies":[{"name":"wp","href":"https:\/\/api.w.org\/{rel}","templated":true}]}}