{"id":3129,"date":"2023-10-24T09:26:06","date_gmt":"2023-10-24T07:26:06","guid":{"rendered":"https:\/\/www.cdi-sl.com\/producto\/copies-tracador-color-sense-massa-a2\/"},"modified":"2023-10-24T09:26:06","modified_gmt":"2023-10-24T07:26:06","slug":"copies-tracador-color-sense-massa-a2","status":"publish","type":"product","link":"https:\/\/www.cdi-sl.com\/ca\/producto\/copies-tracador-color-sense-massa-a2\/","title":{"rendered":"Copies tra\u00e7ador color sense massa A2"},"content":{"rendered":"","protected":false},"excerpt":{"rendered":"<p>Necessites c\u00f2pies de gran format sense massa? La nostra impressi\u00f3 de c\u00f2pies tra\u00e7ador color en format A2 \u00e9s la soluci\u00f3 perfecta. Si busques una forma eficient d&#8217;obtenir c\u00f2pies de plans, mapes, p\u00f2sters o qualsevol disseny en una grand\u00e0ria gran, est\u00e0s en el lloc correcte.<\/p>\n<p>La qualitat d&#8217;impressi\u00f3 \u00e9s excepcional, la qual cosa garanteix que les teves c\u00f2pies es vegin n\u00edtides i plenes de colors vibrants. Ja sigui per a projectes arquitect\u00f2nics, cartografia o presentacions visuals, les nostres c\u00f2pies tra\u00e7ador en format A0 compleixen amb les teves expectatives.<\/p>\n<p>Simplifica les teves tasques d&#8217;impressi\u00f3 de gran format i utilitza els nostres serveis de c\u00f2pies tra\u00e7ador color en format A2. Obtingues les teves c\u00f2pies sense complicacions i amb la qualitat que mereixes.<\/p>\n","protected":false},"featured_media":3033,"template":"","meta":{"site-sidebar-layout":"default","site-content-layout":"","ast-site-content-layout":"","site-content-style":"default","site-sidebar-style":"default","ast-global-header-display":"","ast-banner-title-visibility":"","ast-main-header-display":"","ast-hfb-above-header-display":"","ast-hfb-below-header-display":"","ast-hfb-mobile-header-display":"","site-post-title":"","ast-breadcrumbs-content":"","ast-featured-img":"","footer-sml-layout":"","theme-transparent-header-meta":"default","adv-header-id-meta":"","stick-header-meta":"default","header-above-stick-meta":"","header-main-stick-meta":"","header-below-stick-meta":"","astra-migrate-meta-layouts":"","ast-page-background-enabled":"default","ast-page-background-meta":{"desktop":{"background-color":"","background-image":"","background-repeat":"repeat","background-position":"center center","background-size":"auto","background-attachment":"scroll","background-type":"","background-media":"","overlay-type":"","overlay-color":"","overlay-gradient":""},"tablet":{"background-color":"","background-image":"","background-repeat":"repeat","background-position":"center center","background-size":"auto","background-attachment":"scroll","background-type":"","background-media":"","overlay-type":"","overlay-color":"","overlay-gradient":""},"mobile":{"background-color":"","background-image":"","background-repeat":"repeat","background-position":"center center","background-size":"auto","background-attachment":"scroll","background-type":"","background-media":"","overlay-type":"","overlay-color":"","overlay-gradient":""}},"ast-content-background-meta":{"desktop":{"background-color":"var(--ast-global-color-5)","background-image":"","background-repeat":"repeat","background-position":"center center","background-size":"auto","background-attachment":"scroll","background-type":"","background-media":"","overlay-type":"","overlay-color":"","overlay-gradient":""},"tablet":{"background-color":"var(--ast-global-color-5)","background-image":"","background-repeat":"repeat","background-position":"center center","background-size":"auto","background-attachment":"scroll","background-type":"","background-media":"","overlay-type":"","overlay-color":"","overlay-gradient":""},"mobile":{"background-color":"var(--ast-global-color-5)","background-image":"","background-repeat":"repeat","background-position":"center center","background-size":"auto","background-attachment":"scroll","background-type":"","background-media":"","overlay-type":"","overlay-color":"","overlay-gradient":""}}},"product_cat":[69,72],"product_tag":[],"_links":{"self":[{"href":"https:\/\/www.cdi-sl.com\/ca\/wp-json\/wp\/v2\/product\/3129"}],"collection":[{"href":"https:\/\/www.cdi-sl.com\/ca\/wp-json\/wp\/v2\/product"}],"about":[{"href":"https:\/\/www.cdi-sl.com\/ca\/wp-json\/wp\/v2\/types\/product"}],"wp:featuredmedia":[{"embeddable":true,"href":"https:\/\/www.cdi-sl.com\/ca\/wp-json\/wp\/v2\/media\/3033"}],"wp:attachment":[{"href":"https:\/\/www.cdi-sl.com\/ca\/wp-json\/wp\/v2\/media?parent=3129"}],"wp:term":[{"taxonomy":"product_cat","embeddable":true,"href":"https:\/\/www.cdi-sl.com\/ca\/wp-json\/wp\/v2\/product_cat?post=3129"},{"taxonomy":"product_tag","embeddable":true,"href":"https:\/\/www.cdi-sl.com\/ca\/wp-json\/wp\/v2\/product_tag?post=3129"}],"curies":[{"name":"wp","href":"https:\/\/api.w.org\/{rel}","templated":true}]}}