{"id":3131,"date":"2023-10-24T09:25:55","date_gmt":"2023-10-24T07:25:55","guid":{"rendered":"https:\/\/www.cdi-sl.com\/producto\/copies-tracador-color-amb-massa-a1\/"},"modified":"2023-10-24T09:25:55","modified_gmt":"2023-10-24T07:25:55","slug":"copies-tracador-color-amb-massa-a1","status":"publish","type":"product","link":"https:\/\/www.cdi-sl.com\/ca\/producto\/copies-tracador-color-amb-massa-a1\/","title":{"rendered":"Copies tra\u00e7ador color amb massa A1"},"content":{"rendered":"","protected":false},"excerpt":{"rendered":"<p>Necessites c\u00f2pies de gran format amb massa en grand\u00e0ria A1? Est\u00e0s en el lloc adequat! La nostra impressi\u00f3 de c\u00f2pies tra\u00e7ador color en format A1 amb massa ofereix una soluci\u00f3 s\u00f2lida per als teus projectes d&#8217;impressi\u00f3 d&#8217;alta qualitat.<\/p>\n<p>La qualitat d&#8217;impressi\u00f3 \u00e9s insuperable, la qual cosa garanteix que les teves c\u00f2pies siguin n\u00edtides i plenes de colors vibrants. Sigui com sigui la teva necessitat, des de plans arquitect\u00f2nics fins a presentacions visuals impactants, les nostres c\u00f2pies tra\u00e7ador en format A1 amb massa compleixen amb les teves expectatives.<\/p>\n<p>Simplifica els teus projectes d&#8217;impressi\u00f3 de gran format amb les nostres c\u00f2pies tra\u00e7ador color A1 amb massa. Obtingues resultats d&#8217;alta qualitat i crea un impacte durador amb els teus dissenys.<\/p>\n","protected":false},"featured_media":3033,"template":"","meta":{"site-sidebar-layout":"default","site-content-layout":"","ast-site-content-layout":"","site-content-style":"default","site-sidebar-style":"default","ast-global-header-display":"","ast-banner-title-visibility":"","ast-main-header-display":"","ast-hfb-above-header-display":"","ast-hfb-below-header-display":"","ast-hfb-mobile-header-display":"","site-post-title":"","ast-breadcrumbs-content":"","ast-featured-img":"","footer-sml-layout":"","theme-transparent-header-meta":"default","adv-header-id-meta":"","stick-header-meta":"default","header-above-stick-meta":"","header-main-stick-meta":"","header-below-stick-meta":"","astra-migrate-meta-layouts":"","ast-page-background-enabled":"default","ast-page-background-meta":{"desktop":{"background-color":"","background-image":"","background-repeat":"repeat","background-position":"center center","background-size":"auto","background-attachment":"scroll","background-type":"","background-media":"","overlay-type":"","overlay-color":"","overlay-gradient":""},"tablet":{"background-color":"","background-image":"","background-repeat":"repeat","background-position":"center center","background-size":"auto","background-attachment":"scroll","background-type":"","background-media":"","overlay-type":"","overlay-color":"","overlay-gradient":""},"mobile":{"background-color":"","background-image":"","background-repeat":"repeat","background-position":"center center","background-size":"auto","background-attachment":"scroll","background-type":"","background-media":"","overlay-type":"","overlay-color":"","overlay-gradient":""}},"ast-content-background-meta":{"desktop":{"background-color":"var(--ast-global-color-5)","background-image":"","background-repeat":"repeat","background-position":"center center","background-size":"auto","background-attachment":"scroll","background-type":"","background-media":"","overlay-type":"","overlay-color":"","overlay-gradient":""},"tablet":{"background-color":"var(--ast-global-color-5)","background-image":"","background-repeat":"repeat","background-position":"center center","background-size":"auto","background-attachment":"scroll","background-type":"","background-media":"","overlay-type":"","overlay-color":"","overlay-gradient":""},"mobile":{"background-color":"var(--ast-global-color-5)","background-image":"","background-repeat":"repeat","background-position":"center center","background-size":"auto","background-attachment":"scroll","background-type":"","background-media":"","overlay-type":"","overlay-color":"","overlay-gradient":""}}},"product_cat":[69,72],"product_tag":[],"_links":{"self":[{"href":"https:\/\/www.cdi-sl.com\/ca\/wp-json\/wp\/v2\/product\/3131"}],"collection":[{"href":"https:\/\/www.cdi-sl.com\/ca\/wp-json\/wp\/v2\/product"}],"about":[{"href":"https:\/\/www.cdi-sl.com\/ca\/wp-json\/wp\/v2\/types\/product"}],"wp:featuredmedia":[{"embeddable":true,"href":"https:\/\/www.cdi-sl.com\/ca\/wp-json\/wp\/v2\/media\/3033"}],"wp:attachment":[{"href":"https:\/\/www.cdi-sl.com\/ca\/wp-json\/wp\/v2\/media?parent=3131"}],"wp:term":[{"taxonomy":"product_cat","embeddable":true,"href":"https:\/\/www.cdi-sl.com\/ca\/wp-json\/wp\/v2\/product_cat?post=3131"},{"taxonomy":"product_tag","embeddable":true,"href":"https:\/\/www.cdi-sl.com\/ca\/wp-json\/wp\/v2\/product_tag?post=3131"}],"curies":[{"name":"wp","href":"https:\/\/api.w.org\/{rel}","templated":true}]}}