{"id":3133,"date":"2023-10-24T09:21:02","date_gmt":"2023-10-24T07:21:02","guid":{"rendered":"https:\/\/www.cdi-sl.com\/producto\/ceramica-difunts-sobre-ceramica-gran\/"},"modified":"2023-10-24T09:21:02","modified_gmt":"2023-10-24T07:21:02","slug":"ceramica-difunts-sobre-ceramica-gran","status":"publish","type":"product","link":"https:\/\/www.cdi-sl.com\/ca\/producto\/ceramica-difunts-sobre-ceramica-gran\/","title":{"rendered":"Cer\u00e0mica difunts sobre cer\u00e0mica gran"},"content":{"rendered":"","protected":false},"excerpt":{"rendered":"<p>En moments de p\u00e8rdua i record, la cer\u00e0mica difunts sobre cer\u00e0mica gran \u00e9s una forma poderosa de preservar els records i honrar als qui s&#8217;han anat.<\/p>\n<p>Aquesta pe\u00e7a de cer\u00e0mica \u00e9s m\u00e9s que un objecte decoratiu; \u00e9s un homenatge significatiu a la vida dels teus sers estimats. Cada detall d&#8217;aquesta cer\u00e0mica gran ha estat acuradament dissenyat per a reflectir la bellesa i el respecte que mereix la mem\u00f2ria dels qui ja no estan amb nosaltres.<\/p>\n<p>La cer\u00e0mica difunts sobre cer\u00e0mica gran es destaca per la seva grand\u00e0ria impressionant, la qual cosa la converteix en un punt focal en qualsevol lloc on la col\u00b7loquis, ja sigui en la teva llar, en una capella o en un espai de record. Pots personalitzar-la amb noms, dates o missatges especials per a crear un tribut \u00fanic i commovedor.<\/p>\n","protected":false},"featured_media":3003,"template":"","meta":{"site-sidebar-layout":"default","site-content-layout":"","ast-site-content-layout":"","site-content-style":"default","site-sidebar-style":"default","ast-global-header-display":"","ast-banner-title-visibility":"","ast-main-header-display":"","ast-hfb-above-header-display":"","ast-hfb-below-header-display":"","ast-hfb-mobile-header-display":"","site-post-title":"","ast-breadcrumbs-content":"","ast-featured-img":"","footer-sml-layout":"","theme-transparent-header-meta":"default","adv-header-id-meta":"","stick-header-meta":"default","header-above-stick-meta":"","header-main-stick-meta":"","header-below-stick-meta":"","astra-migrate-meta-layouts":"","ast-page-background-enabled":"default","ast-page-background-meta":{"desktop":{"background-color":"","background-image":"","background-repeat":"repeat","background-position":"center center","background-size":"auto","background-attachment":"scroll","background-type":"","background-media":"","overlay-type":"","overlay-color":"","overlay-gradient":""},"tablet":{"background-color":"","background-image":"","background-repeat":"repeat","background-position":"center center","background-size":"auto","background-attachment":"scroll","background-type":"","background-media":"","overlay-type":"","overlay-color":"","overlay-gradient":""},"mobile":{"background-color":"","background-image":"","background-repeat":"repeat","background-position":"center center","background-size":"auto","background-attachment":"scroll","background-type":"","background-media":"","overlay-type":"","overlay-color":"","overlay-gradient":""}},"ast-content-background-meta":{"desktop":{"background-color":"var(--ast-global-color-5)","background-image":"","background-repeat":"repeat","background-position":"center center","background-size":"auto","background-attachment":"scroll","background-type":"","background-media":"","overlay-type":"","overlay-color":"","overlay-gradient":""},"tablet":{"background-color":"var(--ast-global-color-5)","background-image":"","background-repeat":"repeat","background-position":"center center","background-size":"auto","background-attachment":"scroll","background-type":"","background-media":"","overlay-type":"","overlay-color":"","overlay-gradient":""},"mobile":{"background-color":"var(--ast-global-color-5)","background-image":"","background-repeat":"repeat","background-position":"center center","background-size":"auto","background-attachment":"scroll","background-type":"","background-media":"","overlay-type":"","overlay-color":"","overlay-gradient":""}}},"product_cat":[68,72],"product_tag":[],"_links":{"self":[{"href":"https:\/\/www.cdi-sl.com\/ca\/wp-json\/wp\/v2\/product\/3133"}],"collection":[{"href":"https:\/\/www.cdi-sl.com\/ca\/wp-json\/wp\/v2\/product"}],"about":[{"href":"https:\/\/www.cdi-sl.com\/ca\/wp-json\/wp\/v2\/types\/product"}],"wp:featuredmedia":[{"embeddable":true,"href":"https:\/\/www.cdi-sl.com\/ca\/wp-json\/wp\/v2\/media\/3003"}],"wp:attachment":[{"href":"https:\/\/www.cdi-sl.com\/ca\/wp-json\/wp\/v2\/media?parent=3133"}],"wp:term":[{"taxonomy":"product_cat","embeddable":true,"href":"https:\/\/www.cdi-sl.com\/ca\/wp-json\/wp\/v2\/product_cat?post=3133"},{"taxonomy":"product_tag","embeddable":true,"href":"https:\/\/www.cdi-sl.com\/ca\/wp-json\/wp\/v2\/product_tag?post=3133"}],"curies":[{"name":"wp","href":"https:\/\/api.w.org\/{rel}","templated":true}]}}