{"id":3135,"date":"2023-10-24T09:18:42","date_gmt":"2023-10-24T07:18:42","guid":{"rendered":"https:\/\/www.cdi-sl.com\/producto\/ceramica-difunts-petita\/"},"modified":"2023-10-24T09:18:42","modified_gmt":"2023-10-24T07:18:42","slug":"ceramica-difunts-petita","status":"publish","type":"product","link":"https:\/\/www.cdi-sl.com\/ca\/producto\/ceramica-difunts-petita\/","title":{"rendered":"Cer\u00e0mica difunts petita"},"content":{"rendered":"","protected":false},"excerpt":{"rendered":"<p>Les paraules sovint s\u00f3n insuficients per a expressar el nostre amor i respecte pels qui ja no estan amb nosaltres. \u00c9s per aix\u00f2 que la nostra cer\u00e0mica difunts petita \u00e9s una forma bella i commovedora d&#8217;honrar la seva mem\u00f2ria.<\/p>\n<p>Cada pe\u00e7a est\u00e0 acuradament dissenyada i feta de cer\u00e0mica d&#8217;alta qualitat, la qual cosa li confereix una durabilitat que perdurar\u00e0 en el temps. La seva grand\u00e0ria compacta la fa ideal per a col\u00b7locar en un altar, un rac\u00f3 especial de la teva llar o portar-la amb tu com un recordatori constant.<\/p>\n<p>Aquestes cer\u00e0miques s\u00f3n m\u00e9s que objectes, s\u00f3n un tribut a la vida i un lloc on guardar els records dels teus sers estimats. Pots personalitzar-les amb noms, dates o missatges especials, la qual cosa les converteix en un homenatge \u00fanic i commovedor.<\/p>\n","protected":false},"featured_media":3003,"template":"","meta":{"site-sidebar-layout":"default","site-content-layout":"","ast-site-content-layout":"","site-content-style":"default","site-sidebar-style":"default","ast-global-header-display":"","ast-banner-title-visibility":"","ast-main-header-display":"","ast-hfb-above-header-display":"","ast-hfb-below-header-display":"","ast-hfb-mobile-header-display":"","site-post-title":"","ast-breadcrumbs-content":"","ast-featured-img":"","footer-sml-layout":"","theme-transparent-header-meta":"default","adv-header-id-meta":"","stick-header-meta":"default","header-above-stick-meta":"","header-main-stick-meta":"","header-below-stick-meta":"","astra-migrate-meta-layouts":"","ast-page-background-enabled":"default","ast-page-background-meta":{"desktop":{"background-color":"","background-image":"","background-repeat":"repeat","background-position":"center center","background-size":"auto","background-attachment":"scroll","background-type":"","background-media":"","overlay-type":"","overlay-color":"","overlay-gradient":""},"tablet":{"background-color":"","background-image":"","background-repeat":"repeat","background-position":"center center","background-size":"auto","background-attachment":"scroll","background-type":"","background-media":"","overlay-type":"","overlay-color":"","overlay-gradient":""},"mobile":{"background-color":"","background-image":"","background-repeat":"repeat","background-position":"center center","background-size":"auto","background-attachment":"scroll","background-type":"","background-media":"","overlay-type":"","overlay-color":"","overlay-gradient":""}},"ast-content-background-meta":{"desktop":{"background-color":"var(--ast-global-color-5)","background-image":"","background-repeat":"repeat","background-position":"center center","background-size":"auto","background-attachment":"scroll","background-type":"","background-media":"","overlay-type":"","overlay-color":"","overlay-gradient":""},"tablet":{"background-color":"var(--ast-global-color-5)","background-image":"","background-repeat":"repeat","background-position":"center center","background-size":"auto","background-attachment":"scroll","background-type":"","background-media":"","overlay-type":"","overlay-color":"","overlay-gradient":""},"mobile":{"background-color":"var(--ast-global-color-5)","background-image":"","background-repeat":"repeat","background-position":"center center","background-size":"auto","background-attachment":"scroll","background-type":"","background-media":"","overlay-type":"","overlay-color":"","overlay-gradient":""}}},"product_cat":[68,72],"product_tag":[],"_links":{"self":[{"href":"https:\/\/www.cdi-sl.com\/ca\/wp-json\/wp\/v2\/product\/3135"}],"collection":[{"href":"https:\/\/www.cdi-sl.com\/ca\/wp-json\/wp\/v2\/product"}],"about":[{"href":"https:\/\/www.cdi-sl.com\/ca\/wp-json\/wp\/v2\/types\/product"}],"wp:featuredmedia":[{"embeddable":true,"href":"https:\/\/www.cdi-sl.com\/ca\/wp-json\/wp\/v2\/media\/3003"}],"wp:attachment":[{"href":"https:\/\/www.cdi-sl.com\/ca\/wp-json\/wp\/v2\/media?parent=3135"}],"wp:term":[{"taxonomy":"product_cat","embeddable":true,"href":"https:\/\/www.cdi-sl.com\/ca\/wp-json\/wp\/v2\/product_cat?post=3135"},{"taxonomy":"product_tag","embeddable":true,"href":"https:\/\/www.cdi-sl.com\/ca\/wp-json\/wp\/v2\/product_tag?post=3135"}],"curies":[{"name":"wp","href":"https:\/\/api.w.org\/{rel}","templated":true}]}}