{"id":3136,"date":"2023-10-24T09:17:57","date_gmt":"2023-10-24T07:17:57","guid":{"rendered":"https:\/\/www.cdi-sl.com\/producto\/gravat-laser\/"},"modified":"2023-10-24T09:17:57","modified_gmt":"2023-10-24T07:17:57","slug":"gravat-laser","status":"publish","type":"product","link":"https:\/\/www.cdi-sl.com\/ca\/producto\/gravat-laser\/","title":{"rendered":"Gravat l\u00e0ser"},"content":{"rendered":"","protected":false},"excerpt":{"rendered":"<p>Cerques una manera de personalitzar els teus objectes m\u00e9s preuats de manera \u00fanica i duradora? El nostre servei de gravat l\u00e0ser \u00e9s la resposta.<\/p>\n<p>El gravat l\u00e0ser \u00e9s una t\u00e8cnica de precisi\u00f3 que agrega un toc personal als teus objectes favorits. Ja sigui que vulguis marcar el teu nom en el teu port\u00e0til, gravar un missatge especial en una joia o personalitzar regals per als teus sers estimats, el gravat l\u00e0ser \u00e9s l&#8217;opci\u00f3 perfecta.<\/p>\n<p>Nostra avan\u00e7ada tecnologia de gravat l\u00e0ser garanteix un treball net i detallat, sense comprometre la qualitat dels teus objectes. Pots personalitzar amb noms, dates, logotips o qualsevol disseny que desitgis.<\/p>\n<p>El grabado l\u00e1ser es ideal para hacer tus pertenencias \u00fanicas y tambi\u00e9n es una excelente opci\u00f3n para regalos significativos y conmovedores. El gravat l\u00e0ser \u00e9s ideal per a fer les teves pertinences \u00faniques i tamb\u00e9 \u00e9s una excel\u00b7lent opci\u00f3 per a regals significatius i commovedors.<\/p>\n","protected":false},"featured_media":3002,"template":"","meta":{"site-sidebar-layout":"default","site-content-layout":"","ast-site-content-layout":"","site-content-style":"default","site-sidebar-style":"default","ast-global-header-display":"","ast-banner-title-visibility":"","ast-main-header-display":"","ast-hfb-above-header-display":"","ast-hfb-below-header-display":"","ast-hfb-mobile-header-display":"","site-post-title":"","ast-breadcrumbs-content":"","ast-featured-img":"","footer-sml-layout":"","theme-transparent-header-meta":"default","adv-header-id-meta":"","stick-header-meta":"default","header-above-stick-meta":"","header-main-stick-meta":"","header-below-stick-meta":"","astra-migrate-meta-layouts":"","ast-page-background-enabled":"default","ast-page-background-meta":{"desktop":{"background-color":"","background-image":"","background-repeat":"repeat","background-position":"center center","background-size":"auto","background-attachment":"scroll","background-type":"","background-media":"","overlay-type":"","overlay-color":"","overlay-gradient":""},"tablet":{"background-color":"","background-image":"","background-repeat":"repeat","background-position":"center center","background-size":"auto","background-attachment":"scroll","background-type":"","background-media":"","overlay-type":"","overlay-color":"","overlay-gradient":""},"mobile":{"background-color":"","background-image":"","background-repeat":"repeat","background-position":"center center","background-size":"auto","background-attachment":"scroll","background-type":"","background-media":"","overlay-type":"","overlay-color":"","overlay-gradient":""}},"ast-content-background-meta":{"desktop":{"background-color":"var(--ast-global-color-5)","background-image":"","background-repeat":"repeat","background-position":"center center","background-size":"auto","background-attachment":"scroll","background-type":"","background-media":"","overlay-type":"","overlay-color":"","overlay-gradient":""},"tablet":{"background-color":"var(--ast-global-color-5)","background-image":"","background-repeat":"repeat","background-position":"center center","background-size":"auto","background-attachment":"scroll","background-type":"","background-media":"","overlay-type":"","overlay-color":"","overlay-gradient":""},"mobile":{"background-color":"var(--ast-global-color-5)","background-image":"","background-repeat":"repeat","background-position":"center center","background-size":"auto","background-attachment":"scroll","background-type":"","background-media":"","overlay-type":"","overlay-color":"","overlay-gradient":""}}},"product_cat":[68,72],"product_tag":[],"_links":{"self":[{"href":"https:\/\/www.cdi-sl.com\/ca\/wp-json\/wp\/v2\/product\/3136"}],"collection":[{"href":"https:\/\/www.cdi-sl.com\/ca\/wp-json\/wp\/v2\/product"}],"about":[{"href":"https:\/\/www.cdi-sl.com\/ca\/wp-json\/wp\/v2\/types\/product"}],"wp:featuredmedia":[{"embeddable":true,"href":"https:\/\/www.cdi-sl.com\/ca\/wp-json\/wp\/v2\/media\/3002"}],"wp:attachment":[{"href":"https:\/\/www.cdi-sl.com\/ca\/wp-json\/wp\/v2\/media?parent=3136"}],"wp:term":[{"taxonomy":"product_cat","embeddable":true,"href":"https:\/\/www.cdi-sl.com\/ca\/wp-json\/wp\/v2\/product_cat?post=3136"},{"taxonomy":"product_tag","embeddable":true,"href":"https:\/\/www.cdi-sl.com\/ca\/wp-json\/wp\/v2\/product_tag?post=3136"}],"curies":[{"name":"wp","href":"https:\/\/api.w.org\/{rel}","templated":true}]}}