{"id":3137,"date":"2023-10-24T09:16:57","date_gmt":"2023-10-24T07:16:57","guid":{"rendered":"https:\/\/www.cdi-sl.com\/producto\/retoc-fotografic\/"},"modified":"2023-10-24T09:16:57","modified_gmt":"2023-10-24T07:16:57","slug":"retoc-fotografic","status":"publish","type":"product","link":"https:\/\/www.cdi-sl.com\/ca\/producto\/retoc-fotografic\/","title":{"rendered":"Retoc fotogr\u00e0fic"},"content":{"rendered":"","protected":false},"excerpt":{"rendered":"<p>Tens fotos que desitjaries millorar o transformar en aut\u00e8ntiques obres d&#8217;art? El nostre servei de retoc fotogr\u00e0fic \u00e9s la clau per a donar vida a les teves imatges.<\/p>\n<p>El retoc fotogr\u00e0fic \u00e9s la m\u00e0gia que real\u00e7a les teves fotos. Des d&#8217;ajustar la il\u00b7luminaci\u00f3 i els colors fins a eliminar imperfeccions, el nostre equip d&#8217;experts en edici\u00f3 d&#8217;imatges treballa perqu\u00e8 les teves fotos llueixin tan b\u00e9 com sigui possible.<\/p>\n<p>Si tens records especials que necessites conservar o imatges que desitges mostrar en la seva m\u00e0xima expressi\u00f3, el retoc fotogr\u00e0fic pot fer-lo possible. Ja sigui per a millorar retrats, paisatges o imatges de productes, el retoc \u00e9s l&#8217;eina que pot portar les teves fotos al seg\u00fcent nivell.<\/p>\n<p>Ens enorgulleix oferir un servei d&#8217;alta qualitat que combina precisi\u00f3 i passi\u00f3 pel detall. Creiem que les teves fotos mereixen brillar i som aqu\u00ed per a fer-ho realitat.<\/p>\n","protected":false},"featured_media":3001,"template":"","meta":{"site-sidebar-layout":"default","site-content-layout":"","ast-site-content-layout":"","site-content-style":"default","site-sidebar-style":"default","ast-global-header-display":"","ast-banner-title-visibility":"","ast-main-header-display":"","ast-hfb-above-header-display":"","ast-hfb-below-header-display":"","ast-hfb-mobile-header-display":"","site-post-title":"","ast-breadcrumbs-content":"","ast-featured-img":"","footer-sml-layout":"","theme-transparent-header-meta":"default","adv-header-id-meta":"","stick-header-meta":"default","header-above-stick-meta":"","header-main-stick-meta":"","header-below-stick-meta":"","astra-migrate-meta-layouts":"","ast-page-background-enabled":"default","ast-page-background-meta":{"desktop":{"background-color":"","background-image":"","background-repeat":"repeat","background-position":"center center","background-size":"auto","background-attachment":"scroll","background-type":"","background-media":"","overlay-type":"","overlay-color":"","overlay-gradient":""},"tablet":{"background-color":"","background-image":"","background-repeat":"repeat","background-position":"center center","background-size":"auto","background-attachment":"scroll","background-type":"","background-media":"","overlay-type":"","overlay-color":"","overlay-gradient":""},"mobile":{"background-color":"","background-image":"","background-repeat":"repeat","background-position":"center center","background-size":"auto","background-attachment":"scroll","background-type":"","background-media":"","overlay-type":"","overlay-color":"","overlay-gradient":""}},"ast-content-background-meta":{"desktop":{"background-color":"var(--ast-global-color-5)","background-image":"","background-repeat":"repeat","background-position":"center center","background-size":"auto","background-attachment":"scroll","background-type":"","background-media":"","overlay-type":"","overlay-color":"","overlay-gradient":""},"tablet":{"background-color":"var(--ast-global-color-5)","background-image":"","background-repeat":"repeat","background-position":"center center","background-size":"auto","background-attachment":"scroll","background-type":"","background-media":"","overlay-type":"","overlay-color":"","overlay-gradient":""},"mobile":{"background-color":"var(--ast-global-color-5)","background-image":"","background-repeat":"repeat","background-position":"center center","background-size":"auto","background-attachment":"scroll","background-type":"","background-media":"","overlay-type":"","overlay-color":"","overlay-gradient":""}}},"product_cat":[68,72],"product_tag":[],"_links":{"self":[{"href":"https:\/\/www.cdi-sl.com\/ca\/wp-json\/wp\/v2\/product\/3137"}],"collection":[{"href":"https:\/\/www.cdi-sl.com\/ca\/wp-json\/wp\/v2\/product"}],"about":[{"href":"https:\/\/www.cdi-sl.com\/ca\/wp-json\/wp\/v2\/types\/product"}],"wp:featuredmedia":[{"embeddable":true,"href":"https:\/\/www.cdi-sl.com\/ca\/wp-json\/wp\/v2\/media\/3001"}],"wp:attachment":[{"href":"https:\/\/www.cdi-sl.com\/ca\/wp-json\/wp\/v2\/media?parent=3137"}],"wp:term":[{"taxonomy":"product_cat","embeddable":true,"href":"https:\/\/www.cdi-sl.com\/ca\/wp-json\/wp\/v2\/product_cat?post=3137"},{"taxonomy":"product_tag","embeddable":true,"href":"https:\/\/www.cdi-sl.com\/ca\/wp-json\/wp\/v2\/product_tag?post=3137"}],"curies":[{"name":"wp","href":"https:\/\/api.w.org\/{rel}","templated":true}]}}