{"id":3139,"date":"2023-10-24T09:14:26","date_gmt":"2023-10-24T07:14:26","guid":{"rendered":"https:\/\/www.cdi-sl.com\/producto\/lletres-i-dibuixos-encunyats\/"},"modified":"2023-10-24T09:14:26","modified_gmt":"2023-10-24T07:14:26","slug":"lletres-i-dibuixos-encunyats","status":"publish","type":"product","link":"https:\/\/www.cdi-sl.com\/ca\/producto\/lletres-i-dibuixos-encunyats\/","title":{"rendered":"Lletres i dibuixos encunyats"},"content":{"rendered":"","protected":false},"excerpt":{"rendered":"<p>Vols afegir un toc creatiu i \u00fanic als teus projectes? ? Les nostres lletres i dibuixos encunyats s\u00f3n la soluci\u00f3 perfecta per a donar vida a la teva creativitat.<\/p>\n<p>Cada conjunt de lletres i dibuixos encunyats est\u00e0 dissenyat per a ser vers\u00e0til i f\u00e0cil d&#8217;usar. Ja sigui que estiguis creant targetes, \u00e0lbums de retallades o decorant projectes de bricolatge, aquestes peces s\u00f3n la forma ideal d&#8217;afegir un toc especial.<\/p>\n<p>La precisi\u00f3 de l&#8217;encunyaci\u00f3 garanteix que obtindr\u00e0s lletres i dibuixos perfectament tallats en cada \u00fas. A m\u00e9s, pots triar entre una varietat d&#8217;estils i grand\u00e0ries, la qual cosa et brinda la llibertat de personalitzar les teves creacions al teu gust.<\/p>\n<p>La versatilitat d&#8217;aquests elements encunyats et permet expressar la teva personalitat i el teu estil en cada projecte. S\u00f3n ideals per a decorar esdeveniments especials, crear regals personalitzats o donar vida a les teves idees de manualitats.<\/p>\n","protected":false},"featured_media":2999,"template":"","meta":{"site-sidebar-layout":"default","site-content-layout":"","ast-site-content-layout":"","site-content-style":"default","site-sidebar-style":"default","ast-global-header-display":"","ast-banner-title-visibility":"","ast-main-header-display":"","ast-hfb-above-header-display":"","ast-hfb-below-header-display":"","ast-hfb-mobile-header-display":"","site-post-title":"","ast-breadcrumbs-content":"","ast-featured-img":"","footer-sml-layout":"","theme-transparent-header-meta":"default","adv-header-id-meta":"","stick-header-meta":"default","header-above-stick-meta":"","header-main-stick-meta":"","header-below-stick-meta":"","astra-migrate-meta-layouts":"","ast-page-background-enabled":"default","ast-page-background-meta":{"desktop":{"background-color":"","background-image":"","background-repeat":"repeat","background-position":"center center","background-size":"auto","background-attachment":"scroll","background-type":"","background-media":"","overlay-type":"","overlay-color":"","overlay-gradient":""},"tablet":{"background-color":"","background-image":"","background-repeat":"repeat","background-position":"center center","background-size":"auto","background-attachment":"scroll","background-type":"","background-media":"","overlay-type":"","overlay-color":"","overlay-gradient":""},"mobile":{"background-color":"","background-image":"","background-repeat":"repeat","background-position":"center center","background-size":"auto","background-attachment":"scroll","background-type":"","background-media":"","overlay-type":"","overlay-color":"","overlay-gradient":""}},"ast-content-background-meta":{"desktop":{"background-color":"var(--ast-global-color-5)","background-image":"","background-repeat":"repeat","background-position":"center center","background-size":"auto","background-attachment":"scroll","background-type":"","background-media":"","overlay-type":"","overlay-color":"","overlay-gradient":""},"tablet":{"background-color":"var(--ast-global-color-5)","background-image":"","background-repeat":"repeat","background-position":"center center","background-size":"auto","background-attachment":"scroll","background-type":"","background-media":"","overlay-type":"","overlay-color":"","overlay-gradient":""},"mobile":{"background-color":"var(--ast-global-color-5)","background-image":"","background-repeat":"repeat","background-position":"center center","background-size":"auto","background-attachment":"scroll","background-type":"","background-media":"","overlay-type":"","overlay-color":"","overlay-gradient":""}}},"product_cat":[68,72],"product_tag":[],"_links":{"self":[{"href":"https:\/\/www.cdi-sl.com\/ca\/wp-json\/wp\/v2\/product\/3139"}],"collection":[{"href":"https:\/\/www.cdi-sl.com\/ca\/wp-json\/wp\/v2\/product"}],"about":[{"href":"https:\/\/www.cdi-sl.com\/ca\/wp-json\/wp\/v2\/types\/product"}],"wp:featuredmedia":[{"embeddable":true,"href":"https:\/\/www.cdi-sl.com\/ca\/wp-json\/wp\/v2\/media\/2999"}],"wp:attachment":[{"href":"https:\/\/www.cdi-sl.com\/ca\/wp-json\/wp\/v2\/media?parent=3139"}],"wp:term":[{"taxonomy":"product_cat","embeddable":true,"href":"https:\/\/www.cdi-sl.com\/ca\/wp-json\/wp\/v2\/product_cat?post=3139"},{"taxonomy":"product_tag","embeddable":true,"href":"https:\/\/www.cdi-sl.com\/ca\/wp-json\/wp\/v2\/product_tag?post=3139"}],"curies":[{"name":"wp","href":"https:\/\/api.w.org\/{rel}","templated":true}]}}