{"id":3145,"date":"2023-10-23T11:27:31","date_gmt":"2023-10-23T09:27:31","guid":{"rendered":"https:\/\/www.cdi-sl.com\/producto\/guillotinats\/"},"modified":"2023-10-23T11:27:31","modified_gmt":"2023-10-23T09:27:31","slug":"guillotinats","status":"publish","type":"product","link":"https:\/\/www.cdi-sl.com\/ca\/producto\/guillotinats\/","title":{"rendered":"Guillotinats"},"content":{"rendered":"","protected":false},"excerpt":{"rendered":"<p>Els guillotinats s\u00f3n l&#8217;eina essencial per a obtenir talls precisos i nets en els teus documents, fotos i projectes de paper. En la nostra selecci\u00f3 de guillotines, trobar\u00e0s la qualitat i la precisi\u00f3 que necessites per a aconseguir resultats professionals.<\/p>\n<p>Les nostres guillotines estan dissenyades pensant en la comoditat i la seguretat. Amb caracter\u00edstiques com a fulles esmolades i mecanismes de tall suaus, pots confiar que obtindr\u00e0s talls perfectes en cada \u00fas. Ja sigui que estiguis retallant fotografies, ajustant documents o creant presentacions impecables, les nostres guillotines s\u00f3n l&#8217;elecci\u00f3 intel\u00b7ligent.<\/p>\n<p>Des de petites guillotines d&#8217;escriptori fins a models m\u00e9s grans per a projectes de gran envergadura, tenim la soluci\u00f3 adequada per a tu. Les nostres guillotines s\u00f3n ideals per a oficines, escoles i entorns professionals, oferint talls precisos i assegurances.<\/p>\n","protected":false},"featured_media":2996,"template":"","meta":{"site-sidebar-layout":"default","site-content-layout":"","ast-site-content-layout":"","site-content-style":"default","site-sidebar-style":"default","ast-global-header-display":"","ast-banner-title-visibility":"","ast-main-header-display":"","ast-hfb-above-header-display":"","ast-hfb-below-header-display":"","ast-hfb-mobile-header-display":"","site-post-title":"","ast-breadcrumbs-content":"","ast-featured-img":"","footer-sml-layout":"","theme-transparent-header-meta":"default","adv-header-id-meta":"","stick-header-meta":"default","header-above-stick-meta":"","header-main-stick-meta":"","header-below-stick-meta":"","astra-migrate-meta-layouts":"","ast-page-background-enabled":"default","ast-page-background-meta":{"desktop":{"background-color":"","background-image":"","background-repeat":"repeat","background-position":"center center","background-size":"auto","background-attachment":"scroll","background-type":"","background-media":"","overlay-type":"","overlay-color":"","overlay-gradient":""},"tablet":{"background-color":"","background-image":"","background-repeat":"repeat","background-position":"center center","background-size":"auto","background-attachment":"scroll","background-type":"","background-media":"","overlay-type":"","overlay-color":"","overlay-gradient":""},"mobile":{"background-color":"","background-image":"","background-repeat":"repeat","background-position":"center center","background-size":"auto","background-attachment":"scroll","background-type":"","background-media":"","overlay-type":"","overlay-color":"","overlay-gradient":""}},"ast-content-background-meta":{"desktop":{"background-color":"var(--ast-global-color-5)","background-image":"","background-repeat":"repeat","background-position":"center center","background-size":"auto","background-attachment":"scroll","background-type":"","background-media":"","overlay-type":"","overlay-color":"","overlay-gradient":""},"tablet":{"background-color":"var(--ast-global-color-5)","background-image":"","background-repeat":"repeat","background-position":"center center","background-size":"auto","background-attachment":"scroll","background-type":"","background-media":"","overlay-type":"","overlay-color":"","overlay-gradient":""},"mobile":{"background-color":"var(--ast-global-color-5)","background-image":"","background-repeat":"repeat","background-position":"center center","background-size":"auto","background-attachment":"scroll","background-type":"","background-media":"","overlay-type":"","overlay-color":"","overlay-gradient":""}}},"product_cat":[67,72],"product_tag":[],"_links":{"self":[{"href":"https:\/\/www.cdi-sl.com\/ca\/wp-json\/wp\/v2\/product\/3145"}],"collection":[{"href":"https:\/\/www.cdi-sl.com\/ca\/wp-json\/wp\/v2\/product"}],"about":[{"href":"https:\/\/www.cdi-sl.com\/ca\/wp-json\/wp\/v2\/types\/product"}],"wp:featuredmedia":[{"embeddable":true,"href":"https:\/\/www.cdi-sl.com\/ca\/wp-json\/wp\/v2\/media\/2996"}],"wp:attachment":[{"href":"https:\/\/www.cdi-sl.com\/ca\/wp-json\/wp\/v2\/media?parent=3145"}],"wp:term":[{"taxonomy":"product_cat","embeddable":true,"href":"https:\/\/www.cdi-sl.com\/ca\/wp-json\/wp\/v2\/product_cat?post=3145"},{"taxonomy":"product_tag","embeddable":true,"href":"https:\/\/www.cdi-sl.com\/ca\/wp-json\/wp\/v2\/product_tag?post=3145"}],"curies":[{"name":"wp","href":"https:\/\/api.w.org\/{rel}","templated":true}]}}