{"id":3147,"date":"2023-10-23T11:04:37","date_gmt":"2023-10-23T09:04:37","guid":{"rendered":"https:\/\/www.cdi-sl.com\/producto\/carto-ploma-a4\/"},"modified":"2023-10-23T11:04:37","modified_gmt":"2023-10-23T09:04:37","slug":"carto-ploma-a4","status":"publish","type":"product","link":"https:\/\/www.cdi-sl.com\/ca\/producto\/carto-ploma-a4\/","title":{"rendered":"Cart\u00f3 ploma A4"},"content":{"rendered":"","protected":false},"excerpt":{"rendered":"<p>El cart\u00f3 ploma A4 \u00e9s el teu aliat creatiu essencial, l&#8217;elecci\u00f3 perfecta per a donar vida als teus projectes i presentacions. Aquest material lleuger per\u00f2 resistent \u00e9s una eina vers\u00e0til que no pot faltar en el teu arsenal creatiu.<\/p>\n<p>El nostre cart\u00f3 ploma A4 est\u00e0 dissenyat pensant en les teves necessitats. \u00c9s el company ideal per a estudiants, artistes, dissenyadors i professionals que busquen qualitat i versatilitat en un sol producte. Amb la seva grand\u00e0ria convenient, pots treballar en projectes d&#8217;art, presentacions o manualitats amb facilitat.<\/p>\n<p>La superf\u00edcie llisa i duradora del cart\u00f3 ploma A4 \u00e9s perfecta per a imprimir, pegar, tallar i dibuixar. Ja sigui que necessitis crear una presentaci\u00f3 impactant per al treball o donar vida a les teves idees creatives a casa, aquest material t&#8217;ajudar\u00e0 a aconseguir-lo amb facilitat.<\/p>\n","protected":false},"featured_media":2993,"template":"","meta":{"site-sidebar-layout":"default","site-content-layout":"","ast-site-content-layout":"","site-content-style":"default","site-sidebar-style":"default","ast-global-header-display":"","ast-banner-title-visibility":"","ast-main-header-display":"","ast-hfb-above-header-display":"","ast-hfb-below-header-display":"","ast-hfb-mobile-header-display":"","site-post-title":"","ast-breadcrumbs-content":"","ast-featured-img":"","footer-sml-layout":"","theme-transparent-header-meta":"default","adv-header-id-meta":"","stick-header-meta":"default","header-above-stick-meta":"","header-main-stick-meta":"","header-below-stick-meta":"","astra-migrate-meta-layouts":"","ast-page-background-enabled":"default","ast-page-background-meta":{"desktop":{"background-color":"","background-image":"","background-repeat":"repeat","background-position":"center center","background-size":"auto","background-attachment":"scroll","background-type":"","background-media":"","overlay-type":"","overlay-color":"","overlay-gradient":""},"tablet":{"background-color":"","background-image":"","background-repeat":"repeat","background-position":"center center","background-size":"auto","background-attachment":"scroll","background-type":"","background-media":"","overlay-type":"","overlay-color":"","overlay-gradient":""},"mobile":{"background-color":"","background-image":"","background-repeat":"repeat","background-position":"center center","background-size":"auto","background-attachment":"scroll","background-type":"","background-media":"","overlay-type":"","overlay-color":"","overlay-gradient":""}},"ast-content-background-meta":{"desktop":{"background-color":"var(--ast-global-color-5)","background-image":"","background-repeat":"repeat","background-position":"center center","background-size":"auto","background-attachment":"scroll","background-type":"","background-media":"","overlay-type":"","overlay-color":"","overlay-gradient":""},"tablet":{"background-color":"var(--ast-global-color-5)","background-image":"","background-repeat":"repeat","background-position":"center center","background-size":"auto","background-attachment":"scroll","background-type":"","background-media":"","overlay-type":"","overlay-color":"","overlay-gradient":""},"mobile":{"background-color":"var(--ast-global-color-5)","background-image":"","background-repeat":"repeat","background-position":"center center","background-size":"auto","background-attachment":"scroll","background-type":"","background-media":"","overlay-type":"","overlay-color":"","overlay-gradient":""}}},"product_cat":[67,72],"product_tag":[],"_links":{"self":[{"href":"https:\/\/www.cdi-sl.com\/ca\/wp-json\/wp\/v2\/product\/3147"}],"collection":[{"href":"https:\/\/www.cdi-sl.com\/ca\/wp-json\/wp\/v2\/product"}],"about":[{"href":"https:\/\/www.cdi-sl.com\/ca\/wp-json\/wp\/v2\/types\/product"}],"wp:featuredmedia":[{"embeddable":true,"href":"https:\/\/www.cdi-sl.com\/ca\/wp-json\/wp\/v2\/media\/2993"}],"wp:attachment":[{"href":"https:\/\/www.cdi-sl.com\/ca\/wp-json\/wp\/v2\/media?parent=3147"}],"wp:term":[{"taxonomy":"product_cat","embeddable":true,"href":"https:\/\/www.cdi-sl.com\/ca\/wp-json\/wp\/v2\/product_cat?post=3147"},{"taxonomy":"product_tag","embeddable":true,"href":"https:\/\/www.cdi-sl.com\/ca\/wp-json\/wp\/v2\/product_tag?post=3147"}],"curies":[{"name":"wp","href":"https:\/\/api.w.org\/{rel}","templated":true}]}}