{"id":3148,"date":"2023-10-23T11:00:56","date_gmt":"2023-10-23T09:00:56","guid":{"rendered":"https:\/\/www.cdi-sl.com\/producto\/borses-plans\/"},"modified":"2023-10-23T11:00:56","modified_gmt":"2023-10-23T09:00:56","slug":"borses-plans","status":"publish","type":"product","link":"https:\/\/www.cdi-sl.com\/ca\/producto\/borses-plans\/","title":{"rendered":"Borses plans"},"content":{"rendered":"","protected":false},"excerpt":{"rendered":"<p>Les bosses planes s\u00f3n la soluci\u00f3 vers\u00e0til i pr\u00e0ctica per a les teves necessitats d&#8217;empaquetatge i organitzaci\u00f3. En el nostre cat\u00e0leg, trobar\u00e0s una varietat d&#8217;opcions que s&#8217;adapten al teu estil de vida.<\/p>\n<p>Ja sigui que les necessitis per a empacar les teves compres di\u00e0ries, organitzar les teves pertinences en la llar o portar articles essencials en els teus viatges, les nostres bosses planes s\u00f3n el complement perfecte. S\u00f3n lleugeres, plegables i ocupen poc espai, la qual cosa les fa ideals per a portar amb tu a tot arreu.<\/p>\n<p>Les nostres bosses planes estan fetes de materials resistents i duradors, la qual cosa garanteix que puguin suportar l&#8217;enrenou i el desgast de la vida quotidiana. A m\u00e9s, oferim una varietat de grand\u00e0ries i dissenys per a satisfer les teves necessitats i prefer\u00e8ncies.<\/p>\n<p>La versatilitat d&#8217;aquestes bosses les converteix en l&#8217;elecci\u00f3 perfecta per a qualsevol ocasi\u00f3. Necessites una bossa addicional en la teva bossa de m\u00e0? Vols organitzar el teu equipatge de viatge de manera eficient? Les bosses planes tenen totes les respostes.<\/p>\n","protected":false},"featured_media":2992,"template":"","meta":{"site-sidebar-layout":"default","site-content-layout":"","ast-site-content-layout":"","site-content-style":"default","site-sidebar-style":"default","ast-global-header-display":"","ast-banner-title-visibility":"","ast-main-header-display":"","ast-hfb-above-header-display":"","ast-hfb-below-header-display":"","ast-hfb-mobile-header-display":"","site-post-title":"","ast-breadcrumbs-content":"","ast-featured-img":"","footer-sml-layout":"","theme-transparent-header-meta":"default","adv-header-id-meta":"","stick-header-meta":"default","header-above-stick-meta":"","header-main-stick-meta":"","header-below-stick-meta":"","astra-migrate-meta-layouts":"","ast-page-background-enabled":"default","ast-page-background-meta":{"desktop":{"background-color":"","background-image":"","background-repeat":"repeat","background-position":"center center","background-size":"auto","background-attachment":"scroll","background-type":"","background-media":"","overlay-type":"","overlay-color":"","overlay-gradient":""},"tablet":{"background-color":"","background-image":"","background-repeat":"repeat","background-position":"center center","background-size":"auto","background-attachment":"scroll","background-type":"","background-media":"","overlay-type":"","overlay-color":"","overlay-gradient":""},"mobile":{"background-color":"","background-image":"","background-repeat":"repeat","background-position":"center center","background-size":"auto","background-attachment":"scroll","background-type":"","background-media":"","overlay-type":"","overlay-color":"","overlay-gradient":""}},"ast-content-background-meta":{"desktop":{"background-color":"var(--ast-global-color-5)","background-image":"","background-repeat":"repeat","background-position":"center center","background-size":"auto","background-attachment":"scroll","background-type":"","background-media":"","overlay-type":"","overlay-color":"","overlay-gradient":""},"tablet":{"background-color":"var(--ast-global-color-5)","background-image":"","background-repeat":"repeat","background-position":"center center","background-size":"auto","background-attachment":"scroll","background-type":"","background-media":"","overlay-type":"","overlay-color":"","overlay-gradient":""},"mobile":{"background-color":"var(--ast-global-color-5)","background-image":"","background-repeat":"repeat","background-position":"center center","background-size":"auto","background-attachment":"scroll","background-type":"","background-media":"","overlay-type":"","overlay-color":"","overlay-gradient":""}}},"product_cat":[67,72],"product_tag":[],"_links":{"self":[{"href":"https:\/\/www.cdi-sl.com\/ca\/wp-json\/wp\/v2\/product\/3148"}],"collection":[{"href":"https:\/\/www.cdi-sl.com\/ca\/wp-json\/wp\/v2\/product"}],"about":[{"href":"https:\/\/www.cdi-sl.com\/ca\/wp-json\/wp\/v2\/types\/product"}],"wp:featuredmedia":[{"embeddable":true,"href":"https:\/\/www.cdi-sl.com\/ca\/wp-json\/wp\/v2\/media\/2992"}],"wp:attachment":[{"href":"https:\/\/www.cdi-sl.com\/ca\/wp-json\/wp\/v2\/media?parent=3148"}],"wp:term":[{"taxonomy":"product_cat","embeddable":true,"href":"https:\/\/www.cdi-sl.com\/ca\/wp-json\/wp\/v2\/product_cat?post=3148"},{"taxonomy":"product_tag","embeddable":true,"href":"https:\/\/www.cdi-sl.com\/ca\/wp-json\/wp\/v2\/product_tag?post=3148"}],"curies":[{"name":"wp","href":"https:\/\/api.w.org\/{rel}","templated":true}]}}