{"id":3149,"date":"2023-10-23T10:58:13","date_gmt":"2023-10-23T08:58:13","guid":{"rendered":"https:\/\/www.cdi-sl.com\/producto\/enquadernacions-carpetes-plastic\/"},"modified":"2023-10-23T10:58:13","modified_gmt":"2023-10-23T08:58:13","slug":"enquadernacions-carpetes-plastic","status":"publish","type":"product","link":"https:\/\/www.cdi-sl.com\/ca\/producto\/enquadernacions-carpetes-plastic\/","title":{"rendered":"Enquadernacions Carpetes pl\u00e0stic"},"content":{"rendered":"","protected":false},"excerpt":{"rendered":"<p>Necessites una forma eficient d&#8217;organitzar els teus documents i mantenir-los segurs? Les nostres enquadernacions de carpetes de pl\u00e0stic s\u00f3n la soluci\u00f3 perfecta.<\/p>\n<p>Aquestes carpetes de pl\u00e0stic duradores s\u00f3n ideals per a mantenir els teus papers en ordre, ja sigui en l&#8217;oficina, a l&#8217;escola o a casa. Els mecanismes de subjecci\u00f3 d&#8217;alta qualitat asseguren que els teus documents romanguin en el seu lloc de manera segura.<\/p>\n<p>Les nostres carpetes de pl\u00e0stic estan disponibles en una varietat de colors i grand\u00e0ries per a adaptar-se a les teves necessitats. Pots personalitzar-les amb etiquetes i organitzar els teus documents de manera eficient. A m\u00e9s, la seva construcci\u00f3 resistent garanteix que duraran molt temps.<\/p>\n<p>Ja sigui que necessitis organitzar presentacions, projectes o documents importants, les nostres enquadernacions de carpetes de pl\u00e0stic et brinden la versatilitat i qualitat que necessites.<\/p>\n","protected":false},"featured_media":2991,"template":"","meta":{"site-sidebar-layout":"default","site-content-layout":"","ast-site-content-layout":"","site-content-style":"default","site-sidebar-style":"default","ast-global-header-display":"","ast-banner-title-visibility":"","ast-main-header-display":"","ast-hfb-above-header-display":"","ast-hfb-below-header-display":"","ast-hfb-mobile-header-display":"","site-post-title":"","ast-breadcrumbs-content":"","ast-featured-img":"","footer-sml-layout":"","theme-transparent-header-meta":"default","adv-header-id-meta":"","stick-header-meta":"default","header-above-stick-meta":"","header-main-stick-meta":"","header-below-stick-meta":"","astra-migrate-meta-layouts":"","ast-page-background-enabled":"default","ast-page-background-meta":{"desktop":{"background-color":"","background-image":"","background-repeat":"repeat","background-position":"center center","background-size":"auto","background-attachment":"scroll","background-type":"","background-media":"","overlay-type":"","overlay-color":"","overlay-gradient":""},"tablet":{"background-color":"","background-image":"","background-repeat":"repeat","background-position":"center center","background-size":"auto","background-attachment":"scroll","background-type":"","background-media":"","overlay-type":"","overlay-color":"","overlay-gradient":""},"mobile":{"background-color":"","background-image":"","background-repeat":"repeat","background-position":"center center","background-size":"auto","background-attachment":"scroll","background-type":"","background-media":"","overlay-type":"","overlay-color":"","overlay-gradient":""}},"ast-content-background-meta":{"desktop":{"background-color":"var(--ast-global-color-5)","background-image":"","background-repeat":"repeat","background-position":"center center","background-size":"auto","background-attachment":"scroll","background-type":"","background-media":"","overlay-type":"","overlay-color":"","overlay-gradient":""},"tablet":{"background-color":"var(--ast-global-color-5)","background-image":"","background-repeat":"repeat","background-position":"center center","background-size":"auto","background-attachment":"scroll","background-type":"","background-media":"","overlay-type":"","overlay-color":"","overlay-gradient":""},"mobile":{"background-color":"var(--ast-global-color-5)","background-image":"","background-repeat":"repeat","background-position":"center center","background-size":"auto","background-attachment":"scroll","background-type":"","background-media":"","overlay-type":"","overlay-color":"","overlay-gradient":""}}},"product_cat":[67,72],"product_tag":[],"_links":{"self":[{"href":"https:\/\/www.cdi-sl.com\/ca\/wp-json\/wp\/v2\/product\/3149"}],"collection":[{"href":"https:\/\/www.cdi-sl.com\/ca\/wp-json\/wp\/v2\/product"}],"about":[{"href":"https:\/\/www.cdi-sl.com\/ca\/wp-json\/wp\/v2\/types\/product"}],"wp:featuredmedia":[{"embeddable":true,"href":"https:\/\/www.cdi-sl.com\/ca\/wp-json\/wp\/v2\/media\/2991"}],"wp:attachment":[{"href":"https:\/\/www.cdi-sl.com\/ca\/wp-json\/wp\/v2\/media?parent=3149"}],"wp:term":[{"taxonomy":"product_cat","embeddable":true,"href":"https:\/\/www.cdi-sl.com\/ca\/wp-json\/wp\/v2\/product_cat?post=3149"},{"taxonomy":"product_tag","embeddable":true,"href":"https:\/\/www.cdi-sl.com\/ca\/wp-json\/wp\/v2\/product_tag?post=3149"}],"curies":[{"name":"wp","href":"https:\/\/api.w.org\/{rel}","templated":true}]}}