{"id":3151,"date":"2023-10-23T10:51:26","date_gmt":"2023-10-23T08:51:26","guid":{"rendered":"https:\/\/www.cdi-sl.com\/producto\/enquadernacions-canonet-de-plastic\/"},"modified":"2023-10-23T10:51:26","modified_gmt":"2023-10-23T08:51:26","slug":"enquadernacions-canonet-de-plastic","status":"publish","type":"product","link":"https:\/\/www.cdi-sl.com\/ca\/producto\/enquadernacions-canonet-de-plastic\/","title":{"rendered":"Enquadernacions Canonet de pl\u00e0stic"},"content":{"rendered":"","protected":false},"excerpt":{"rendered":"<p>Necessites una forma efectiva i vers\u00e0til de mantenir els teus documents organitzats i presentables? Les nostres enquadernacions amb canonet de pl\u00e0stic s\u00f3n la soluci\u00f3 ideal.<\/p>\n<p>Aquestes enquadernacions s\u00f3n perfectes per a informes, presentacions, manuals i m\u00e9s. Pots confiar en la seva durabilitat i facilitat d&#8217;\u00fas per a mantenir els teus documents en ordre i llestos per a ser revisats o presentats.<\/p>\n<p>El canonet de pl\u00e0stic \u00e9s una opci\u00f3 lleugera i econ\u00f2mica, la qual cosa ho converteix en una elecci\u00f3 popular per a entorns de treball i acad\u00e8mics. A m\u00e9s, oferim una varietat de colors i grand\u00e0ries perqu\u00e8 puguis personalitzar les teves enquadernacions segons les teves prefer\u00e8ncies.<\/p>\n<p>Les nostres enquadernacions Canonet de pl\u00e0stic s\u00f3n f\u00e0cils d&#8217;usar. Simplement perfora els documents, llisca el canonet a trav\u00e9s dels forats i tanca-ho. Aix\u00ed de simple! A m\u00e9s, permet que els teus documents s&#8217;obrin completament per a facilitar la lectura i l&#8217;acc\u00e9s.<\/p>\n","protected":false},"featured_media":2989,"template":"","meta":{"site-sidebar-layout":"default","site-content-layout":"","ast-site-content-layout":"","site-content-style":"default","site-sidebar-style":"default","ast-global-header-display":"","ast-banner-title-visibility":"","ast-main-header-display":"","ast-hfb-above-header-display":"","ast-hfb-below-header-display":"","ast-hfb-mobile-header-display":"","site-post-title":"","ast-breadcrumbs-content":"","ast-featured-img":"","footer-sml-layout":"","theme-transparent-header-meta":"default","adv-header-id-meta":"","stick-header-meta":"default","header-above-stick-meta":"","header-main-stick-meta":"","header-below-stick-meta":"","astra-migrate-meta-layouts":"","ast-page-background-enabled":"default","ast-page-background-meta":{"desktop":{"background-color":"","background-image":"","background-repeat":"repeat","background-position":"center center","background-size":"auto","background-attachment":"scroll","background-type":"","background-media":"","overlay-type":"","overlay-color":"","overlay-gradient":""},"tablet":{"background-color":"","background-image":"","background-repeat":"repeat","background-position":"center center","background-size":"auto","background-attachment":"scroll","background-type":"","background-media":"","overlay-type":"","overlay-color":"","overlay-gradient":""},"mobile":{"background-color":"","background-image":"","background-repeat":"repeat","background-position":"center center","background-size":"auto","background-attachment":"scroll","background-type":"","background-media":"","overlay-type":"","overlay-color":"","overlay-gradient":""}},"ast-content-background-meta":{"desktop":{"background-color":"var(--ast-global-color-5)","background-image":"","background-repeat":"repeat","background-position":"center center","background-size":"auto","background-attachment":"scroll","background-type":"","background-media":"","overlay-type":"","overlay-color":"","overlay-gradient":""},"tablet":{"background-color":"var(--ast-global-color-5)","background-image":"","background-repeat":"repeat","background-position":"center center","background-size":"auto","background-attachment":"scroll","background-type":"","background-media":"","overlay-type":"","overlay-color":"","overlay-gradient":""},"mobile":{"background-color":"var(--ast-global-color-5)","background-image":"","background-repeat":"repeat","background-position":"center center","background-size":"auto","background-attachment":"scroll","background-type":"","background-media":"","overlay-type":"","overlay-color":"","overlay-gradient":""}}},"product_cat":[67,72],"product_tag":[],"_links":{"self":[{"href":"https:\/\/www.cdi-sl.com\/ca\/wp-json\/wp\/v2\/product\/3151"}],"collection":[{"href":"https:\/\/www.cdi-sl.com\/ca\/wp-json\/wp\/v2\/product"}],"about":[{"href":"https:\/\/www.cdi-sl.com\/ca\/wp-json\/wp\/v2\/types\/product"}],"wp:featuredmedia":[{"embeddable":true,"href":"https:\/\/www.cdi-sl.com\/ca\/wp-json\/wp\/v2\/media\/2989"}],"wp:attachment":[{"href":"https:\/\/www.cdi-sl.com\/ca\/wp-json\/wp\/v2\/media?parent=3151"}],"wp:term":[{"taxonomy":"product_cat","embeddable":true,"href":"https:\/\/www.cdi-sl.com\/ca\/wp-json\/wp\/v2\/product_cat?post=3151"},{"taxonomy":"product_tag","embeddable":true,"href":"https:\/\/www.cdi-sl.com\/ca\/wp-json\/wp\/v2\/product_tag?post=3151"}],"curies":[{"name":"wp","href":"https:\/\/api.w.org\/{rel}","templated":true}]}}