{"id":3152,"date":"2023-10-23T10:50:14","date_gmt":"2023-10-23T08:50:14","guid":{"rendered":"https:\/\/www.cdi-sl.com\/producto\/enquadernacions-espiral\/"},"modified":"2023-10-23T10:50:14","modified_gmt":"2023-10-23T08:50:14","slug":"enquadernacions-espiral","status":"publish","type":"product","link":"https:\/\/www.cdi-sl.com\/ca\/producto\/enquadernacions-espiral\/","title":{"rendered":"Enquadernacions Espiral"},"content":{"rendered":"","protected":false},"excerpt":{"rendered":"<p>Les enquadernacions en espiral s\u00f3n la resposta a les teves necessitats d&#8217;organitzaci\u00f3 i presentaci\u00f3. Ja sigui per als teus projectes de treball, els teus apunts a l&#8217;escola o per a donar un toc professional als teus documents, aquestes enquadernacions ofereixen versatilitat i estil.<\/p>\n<p>Les nostres enquadernacions en espiral estan dissenyades per a oferir-te el millor quant a practicitat i durabilitat. Els anells de metall resistent mantenen els teus documents segurs i et permeten fullejar-los f\u00e0cilment. A m\u00e9s, la seva construcci\u00f3 s\u00f2lida garanteix que els teus projectes es mantindran intactes.<\/p>\n<p>L&#8217;elecci\u00f3 de grand\u00e0ries, colors i estils et brinda l&#8217;oportunitat de personalitzar els teus documents d&#8217;acord amb el teu estil i prefer\u00e8ncies. Pots usar aquestes enquadernacions per a mantenir els teus apunts organitzats, presentar informes professionals o crear projectes creatius \u00fanics.<\/p>\n","protected":false},"featured_media":2988,"template":"","meta":{"site-sidebar-layout":"default","site-content-layout":"","ast-site-content-layout":"","site-content-style":"default","site-sidebar-style":"default","ast-global-header-display":"","ast-banner-title-visibility":"","ast-main-header-display":"","ast-hfb-above-header-display":"","ast-hfb-below-header-display":"","ast-hfb-mobile-header-display":"","site-post-title":"","ast-breadcrumbs-content":"","ast-featured-img":"","footer-sml-layout":"","theme-transparent-header-meta":"default","adv-header-id-meta":"","stick-header-meta":"default","header-above-stick-meta":"","header-main-stick-meta":"","header-below-stick-meta":"","astra-migrate-meta-layouts":"","ast-page-background-enabled":"default","ast-page-background-meta":{"desktop":{"background-color":"","background-image":"","background-repeat":"repeat","background-position":"center center","background-size":"auto","background-attachment":"scroll","background-type":"","background-media":"","overlay-type":"","overlay-color":"","overlay-gradient":""},"tablet":{"background-color":"","background-image":"","background-repeat":"repeat","background-position":"center center","background-size":"auto","background-attachment":"scroll","background-type":"","background-media":"","overlay-type":"","overlay-color":"","overlay-gradient":""},"mobile":{"background-color":"","background-image":"","background-repeat":"repeat","background-position":"center center","background-size":"auto","background-attachment":"scroll","background-type":"","background-media":"","overlay-type":"","overlay-color":"","overlay-gradient":""}},"ast-content-background-meta":{"desktop":{"background-color":"var(--ast-global-color-5)","background-image":"","background-repeat":"repeat","background-position":"center center","background-size":"auto","background-attachment":"scroll","background-type":"","background-media":"","overlay-type":"","overlay-color":"","overlay-gradient":""},"tablet":{"background-color":"var(--ast-global-color-5)","background-image":"","background-repeat":"repeat","background-position":"center center","background-size":"auto","background-attachment":"scroll","background-type":"","background-media":"","overlay-type":"","overlay-color":"","overlay-gradient":""},"mobile":{"background-color":"var(--ast-global-color-5)","background-image":"","background-repeat":"repeat","background-position":"center center","background-size":"auto","background-attachment":"scroll","background-type":"","background-media":"","overlay-type":"","overlay-color":"","overlay-gradient":""}}},"product_cat":[67,72],"product_tag":[],"_links":{"self":[{"href":"https:\/\/www.cdi-sl.com\/ca\/wp-json\/wp\/v2\/product\/3152"}],"collection":[{"href":"https:\/\/www.cdi-sl.com\/ca\/wp-json\/wp\/v2\/product"}],"about":[{"href":"https:\/\/www.cdi-sl.com\/ca\/wp-json\/wp\/v2\/types\/product"}],"wp:featuredmedia":[{"embeddable":true,"href":"https:\/\/www.cdi-sl.com\/ca\/wp-json\/wp\/v2\/media\/2988"}],"wp:attachment":[{"href":"https:\/\/www.cdi-sl.com\/ca\/wp-json\/wp\/v2\/media?parent=3152"}],"wp:term":[{"taxonomy":"product_cat","embeddable":true,"href":"https:\/\/www.cdi-sl.com\/ca\/wp-json\/wp\/v2\/product_cat?post=3152"},{"taxonomy":"product_tag","embeddable":true,"href":"https:\/\/www.cdi-sl.com\/ca\/wp-json\/wp\/v2\/product_tag?post=3152"}],"curies":[{"name":"wp","href":"https:\/\/api.w.org\/{rel}","templated":true}]}}