{"id":3153,"date":"2023-10-23T10:38:13","date_gmt":"2023-10-23T08:38:13","guid":{"rendered":"https:\/\/www.cdi-sl.com\/producto\/escanejat-de-tot-tipus-de-documents-a4-a-a0\/"},"modified":"2023-10-23T10:38:13","modified_gmt":"2023-10-23T08:38:13","slug":"escanejat-de-tot-tipus-de-documents-a4-a-a0","status":"publish","type":"product","link":"https:\/\/www.cdi-sl.com\/ca\/producto\/escanejat-de-tot-tipus-de-documents-a4-a-a0\/","title":{"rendered":"Escanejat de tot tipus de documents A4 a A0"},"content":{"rendered":"","protected":false},"excerpt":{"rendered":"<p>Tens una varietat de documents de diferents grand\u00e0ries que necessites preservar o compartir en format digital? El nostre servei d&#8217;escaneig de documents A4 a A0 t\u00e9 la soluci\u00f3 perfecta.<\/p>\n<p>Escanegem tot tipus de documents, des d&#8217;A4 fins a A0, oferint-te la m\u00e0xima versatilitat. Aix\u00f2 inclou plans, dibuixos t\u00e8cnics, il\u00b7lustracions, mapes, documents d&#8217;oficina i molt m\u00e9s. Independentment de la grand\u00e0ria o tipus de document, garantim la captura de cada detall amb claredat i precisi\u00f3.<\/p>\n<p>El nostre proc\u00e9s d&#8217;escaneig se centra en mantenir la qualitat original dels teus documents, fins i tot en grand\u00e0ries m\u00e9s petites. La reproducci\u00f3 fidel de cada p\u00e0gina \u00e9s la nostra prioritat. Una vegada escanejats, els teus documents estaran disponibles en format digital perqu\u00e8 els accedeixis i comparteixis de manera eficient.<\/p>\n","protected":false},"featured_media":2987,"template":"","meta":{"site-sidebar-layout":"default","site-content-layout":"","ast-site-content-layout":"","site-content-style":"default","site-sidebar-style":"default","ast-global-header-display":"","ast-banner-title-visibility":"","ast-main-header-display":"","ast-hfb-above-header-display":"","ast-hfb-below-header-display":"","ast-hfb-mobile-header-display":"","site-post-title":"","ast-breadcrumbs-content":"","ast-featured-img":"","footer-sml-layout":"","theme-transparent-header-meta":"default","adv-header-id-meta":"","stick-header-meta":"default","header-above-stick-meta":"","header-main-stick-meta":"","header-below-stick-meta":"","astra-migrate-meta-layouts":"","ast-page-background-enabled":"default","ast-page-background-meta":{"desktop":{"background-color":"","background-image":"","background-repeat":"repeat","background-position":"center center","background-size":"auto","background-attachment":"scroll","background-type":"","background-media":"","overlay-type":"","overlay-color":"","overlay-gradient":""},"tablet":{"background-color":"","background-image":"","background-repeat":"repeat","background-position":"center center","background-size":"auto","background-attachment":"scroll","background-type":"","background-media":"","overlay-type":"","overlay-color":"","overlay-gradient":""},"mobile":{"background-color":"","background-image":"","background-repeat":"repeat","background-position":"center center","background-size":"auto","background-attachment":"scroll","background-type":"","background-media":"","overlay-type":"","overlay-color":"","overlay-gradient":""}},"ast-content-background-meta":{"desktop":{"background-color":"var(--ast-global-color-5)","background-image":"","background-repeat":"repeat","background-position":"center center","background-size":"auto","background-attachment":"scroll","background-type":"","background-media":"","overlay-type":"","overlay-color":"","overlay-gradient":""},"tablet":{"background-color":"var(--ast-global-color-5)","background-image":"","background-repeat":"repeat","background-position":"center center","background-size":"auto","background-attachment":"scroll","background-type":"","background-media":"","overlay-type":"","overlay-color":"","overlay-gradient":""},"mobile":{"background-color":"var(--ast-global-color-5)","background-image":"","background-repeat":"repeat","background-position":"center center","background-size":"auto","background-attachment":"scroll","background-type":"","background-media":"","overlay-type":"","overlay-color":"","overlay-gradient":""}}},"product_cat":[67,72],"product_tag":[],"_links":{"self":[{"href":"https:\/\/www.cdi-sl.com\/ca\/wp-json\/wp\/v2\/product\/3153"}],"collection":[{"href":"https:\/\/www.cdi-sl.com\/ca\/wp-json\/wp\/v2\/product"}],"about":[{"href":"https:\/\/www.cdi-sl.com\/ca\/wp-json\/wp\/v2\/types\/product"}],"wp:featuredmedia":[{"embeddable":true,"href":"https:\/\/www.cdi-sl.com\/ca\/wp-json\/wp\/v2\/media\/2987"}],"wp:attachment":[{"href":"https:\/\/www.cdi-sl.com\/ca\/wp-json\/wp\/v2\/media?parent=3153"}],"wp:term":[{"taxonomy":"product_cat","embeddable":true,"href":"https:\/\/www.cdi-sl.com\/ca\/wp-json\/wp\/v2\/product_cat?post=3153"},{"taxonomy":"product_tag","embeddable":true,"href":"https:\/\/www.cdi-sl.com\/ca\/wp-json\/wp\/v2\/product_tag?post=3153"}],"curies":[{"name":"wp","href":"https:\/\/api.w.org\/{rel}","templated":true}]}}