{"id":3155,"date":"2023-10-23T10:25:35","date_gmt":"2023-10-23T08:25:35","guid":{"rendered":"https:\/\/www.cdi-sl.com\/producto\/plastificacions-a2\/"},"modified":"2023-10-23T10:25:35","modified_gmt":"2023-10-23T08:25:35","slug":"plastificacions-a2","status":"publish","type":"product","link":"https:\/\/www.cdi-sl.com\/ca\/producto\/plastificacions-a2\/","title":{"rendered":"Plastificacions A2"},"content":{"rendered":"","protected":false},"excerpt":{"rendered":"<p>Les plastificacions en grand\u00e0ria A2 s\u00f3n la clau per a protegir els teus documents i projectes de manera duradora i professional. Ja sigui per a cartells, mapes, presentacions, o qualsevol document de gran grand\u00e0ria, les nostres plastificacions estan dissenyades per a mantenir els teus materials en perfecte estat.<\/p>\n<p>Les nostres plastificacions s\u00f3n resistents i duradores, la qual cosa assegura que els teus documents estiguin protegits contra el desgast, les taques i la deterioraci\u00f3. Aix\u00f2 \u00e9s essencial per a mantenir la qualitat dels teus materials i crear una impressi\u00f3 duradora.<\/p>\n<p>L&#8217;aplicaci\u00f3 \u00e9s senzilla, i no necessites equip especialitzat. Pots fer-ho tu mateix de manera r\u00e0pida i eficient, la qual cosa t&#8217;estalvia temps i diners.<\/p>\n<p>No comprometis la qualitat pel preu. Oferim plastificacions A2 d&#8217;alta qualitat a preus assequibles, la qual cosa garanteix que puguis protegir els teus projectes sense excedir el teu pressupost.<\/p>\n<p>\u00c9s el moment de prendre mesures per a assegurar-te que els teus documents i projectes es mantinguin en \u00f2ptimes condicions Ordena les teves plastificacions en grand\u00e0ria A2 avui mateix i mantingues els teus materials en perfecte estat! No esperis m\u00e9s per a fer el pas cap a la protecci\u00f3 i la presentaci\u00f3 de qualitat.<\/p>\n","protected":false},"featured_media":2985,"template":"","meta":{"site-sidebar-layout":"default","site-content-layout":"","ast-site-content-layout":"","site-content-style":"default","site-sidebar-style":"default","ast-global-header-display":"","ast-banner-title-visibility":"","ast-main-header-display":"","ast-hfb-above-header-display":"","ast-hfb-below-header-display":"","ast-hfb-mobile-header-display":"","site-post-title":"","ast-breadcrumbs-content":"","ast-featured-img":"","footer-sml-layout":"","theme-transparent-header-meta":"default","adv-header-id-meta":"","stick-header-meta":"default","header-above-stick-meta":"","header-main-stick-meta":"","header-below-stick-meta":"","astra-migrate-meta-layouts":"","ast-page-background-enabled":"default","ast-page-background-meta":{"desktop":{"background-color":"","background-image":"","background-repeat":"repeat","background-position":"center center","background-size":"auto","background-attachment":"scroll","background-type":"","background-media":"","overlay-type":"","overlay-color":"","overlay-gradient":""},"tablet":{"background-color":"","background-image":"","background-repeat":"repeat","background-position":"center center","background-size":"auto","background-attachment":"scroll","background-type":"","background-media":"","overlay-type":"","overlay-color":"","overlay-gradient":""},"mobile":{"background-color":"","background-image":"","background-repeat":"repeat","background-position":"center center","background-size":"auto","background-attachment":"scroll","background-type":"","background-media":"","overlay-type":"","overlay-color":"","overlay-gradient":""}},"ast-content-background-meta":{"desktop":{"background-color":"var(--ast-global-color-5)","background-image":"","background-repeat":"repeat","background-position":"center center","background-size":"auto","background-attachment":"scroll","background-type":"","background-media":"","overlay-type":"","overlay-color":"","overlay-gradient":""},"tablet":{"background-color":"var(--ast-global-color-5)","background-image":"","background-repeat":"repeat","background-position":"center center","background-size":"auto","background-attachment":"scroll","background-type":"","background-media":"","overlay-type":"","overlay-color":"","overlay-gradient":""},"mobile":{"background-color":"var(--ast-global-color-5)","background-image":"","background-repeat":"repeat","background-position":"center center","background-size":"auto","background-attachment":"scroll","background-type":"","background-media":"","overlay-type":"","overlay-color":"","overlay-gradient":""}}},"product_cat":[67,72],"product_tag":[],"_links":{"self":[{"href":"https:\/\/www.cdi-sl.com\/ca\/wp-json\/wp\/v2\/product\/3155"}],"collection":[{"href":"https:\/\/www.cdi-sl.com\/ca\/wp-json\/wp\/v2\/product"}],"about":[{"href":"https:\/\/www.cdi-sl.com\/ca\/wp-json\/wp\/v2\/types\/product"}],"wp:featuredmedia":[{"embeddable":true,"href":"https:\/\/www.cdi-sl.com\/ca\/wp-json\/wp\/v2\/media\/2985"}],"wp:attachment":[{"href":"https:\/\/www.cdi-sl.com\/ca\/wp-json\/wp\/v2\/media?parent=3155"}],"wp:term":[{"taxonomy":"product_cat","embeddable":true,"href":"https:\/\/www.cdi-sl.com\/ca\/wp-json\/wp\/v2\/product_cat?post=3155"},{"taxonomy":"product_tag","embeddable":true,"href":"https:\/\/www.cdi-sl.com\/ca\/wp-json\/wp\/v2\/product_tag?post=3155"}],"curies":[{"name":"wp","href":"https:\/\/api.w.org\/{rel}","templated":true}]}}