{"id":3156,"date":"2023-10-23T10:25:34","date_gmt":"2023-10-23T08:25:34","guid":{"rendered":"https:\/\/www.cdi-sl.com\/producto\/plastificacions-a3\/"},"modified":"2023-10-23T10:25:34","modified_gmt":"2023-10-23T08:25:34","slug":"plastificacions-a3","status":"publish","type":"product","link":"https:\/\/www.cdi-sl.com\/ca\/producto\/plastificacions-a3\/","title":{"rendered":"Plastificacions A3"},"content":{"rendered":"","protected":false},"excerpt":{"rendered":"<p>La plastificaci\u00f3 A3 \u00e9s una forma senzilla per\u00f2 efectiva de protegir i millorar la presentaci\u00f3 dels teus documents, fotografies i cartells. En [Nombre de tu Tienda], entenem la import\u00e0ncia de mantenir els teus materials en perfectes condicions, i la nostra plastificaci\u00f3 A3 \u00e9s la soluci\u00f3 ideal.<\/p>\n<p>El nostre proc\u00e9s de plastificaci\u00f3 utilitza tecnologia d&#8217;avantguarda per a assegurar que els teus documents tinguin un acabat professional i durador. La capa protectora que apliquem no sols resisteix el desgast i les taques, sin\u00f3 que tamb\u00e9 real\u00e7a els colors i el contrast, donant com a resultat un aspecte impactant.<\/p>\n<p>No importa si necessites plastificar cartells per a una presentaci\u00f3 important, fotografies per a preservar moments especials o documents per a \u00fas constant; la nostra plastificaci\u00f3 A3 t&#8217;ofereix la tranquil\u00b7litat de saber que els teus materials estan a resguard de danys.<\/p>\n","protected":false},"featured_media":2985,"template":"","meta":{"site-sidebar-layout":"default","site-content-layout":"","ast-site-content-layout":"","site-content-style":"default","site-sidebar-style":"default","ast-global-header-display":"","ast-banner-title-visibility":"","ast-main-header-display":"","ast-hfb-above-header-display":"","ast-hfb-below-header-display":"","ast-hfb-mobile-header-display":"","site-post-title":"","ast-breadcrumbs-content":"","ast-featured-img":"","footer-sml-layout":"","theme-transparent-header-meta":"default","adv-header-id-meta":"","stick-header-meta":"default","header-above-stick-meta":"","header-main-stick-meta":"","header-below-stick-meta":"","astra-migrate-meta-layouts":"","ast-page-background-enabled":"default","ast-page-background-meta":{"desktop":{"background-color":"","background-image":"","background-repeat":"repeat","background-position":"center center","background-size":"auto","background-attachment":"scroll","background-type":"","background-media":"","overlay-type":"","overlay-color":"","overlay-gradient":""},"tablet":{"background-color":"","background-image":"","background-repeat":"repeat","background-position":"center center","background-size":"auto","background-attachment":"scroll","background-type":"","background-media":"","overlay-type":"","overlay-color":"","overlay-gradient":""},"mobile":{"background-color":"","background-image":"","background-repeat":"repeat","background-position":"center center","background-size":"auto","background-attachment":"scroll","background-type":"","background-media":"","overlay-type":"","overlay-color":"","overlay-gradient":""}},"ast-content-background-meta":{"desktop":{"background-color":"var(--ast-global-color-5)","background-image":"","background-repeat":"repeat","background-position":"center center","background-size":"auto","background-attachment":"scroll","background-type":"","background-media":"","overlay-type":"","overlay-color":"","overlay-gradient":""},"tablet":{"background-color":"var(--ast-global-color-5)","background-image":"","background-repeat":"repeat","background-position":"center center","background-size":"auto","background-attachment":"scroll","background-type":"","background-media":"","overlay-type":"","overlay-color":"","overlay-gradient":""},"mobile":{"background-color":"var(--ast-global-color-5)","background-image":"","background-repeat":"repeat","background-position":"center center","background-size":"auto","background-attachment":"scroll","background-type":"","background-media":"","overlay-type":"","overlay-color":"","overlay-gradient":""}}},"product_cat":[67,72],"product_tag":[],"_links":{"self":[{"href":"https:\/\/www.cdi-sl.com\/ca\/wp-json\/wp\/v2\/product\/3156"}],"collection":[{"href":"https:\/\/www.cdi-sl.com\/ca\/wp-json\/wp\/v2\/product"}],"about":[{"href":"https:\/\/www.cdi-sl.com\/ca\/wp-json\/wp\/v2\/types\/product"}],"wp:featuredmedia":[{"embeddable":true,"href":"https:\/\/www.cdi-sl.com\/ca\/wp-json\/wp\/v2\/media\/2985"}],"wp:attachment":[{"href":"https:\/\/www.cdi-sl.com\/ca\/wp-json\/wp\/v2\/media?parent=3156"}],"wp:term":[{"taxonomy":"product_cat","embeddable":true,"href":"https:\/\/www.cdi-sl.com\/ca\/wp-json\/wp\/v2\/product_cat?post=3156"},{"taxonomy":"product_tag","embeddable":true,"href":"https:\/\/www.cdi-sl.com\/ca\/wp-json\/wp\/v2\/product_tag?post=3156"}],"curies":[{"name":"wp","href":"https:\/\/api.w.org\/{rel}","templated":true}]}}