{"id":3158,"date":"2023-10-23T10:24:15","date_gmt":"2023-10-23T08:24:15","guid":{"rendered":"https:\/\/www.cdi-sl.com\/producto\/plastificacions-a5\/"},"modified":"2023-10-23T10:24:15","modified_gmt":"2023-10-23T08:24:15","slug":"plastificacions-a5","status":"publish","type":"product","link":"https:\/\/www.cdi-sl.com\/ca\/producto\/plastificacions-a5\/","title":{"rendered":"Plastificacions A5"},"content":{"rendered":"","protected":false},"excerpt":{"rendered":"<p>Les plastificacions en grand\u00e0ria A5 s\u00f3n la clau per a protegir i real\u00e7ar els teus documents i projectes de manera eficient. Des de targetes d&#8217;estudi fins a material did\u00e0ctic, les nostres plastificacions estan dissenyades per a mantenir els teus materials en perfecte estat.<\/p>\n<p>Imagina les teves targetes d&#8217;estudi protegides contra el desgast, taques i danys, garantint que la informaci\u00f3 \u00e9s llegible durant m\u00e9s temps. O considera els teus projectes de classe, ara resistents a l&#8217;aigua i l&#8217;\u00fas constant, assegurant que el teu treball es mantingui impecable.<\/p>\n<p>L&#8217;aplicaci\u00f3 de les plastificacions \u00e9s r\u00e0pida i senzilla, la qual cosa t&#8217;estalvia temps i esfor\u00e7. No necessites equips costosos ni habilitats especials; qualsevol pot fer-ho<\/p>\n<p>No sacrifiquis la qualitat pel preu. Oferim plastificacions A5 assequibles sense comprometre la durabilitat i la protecci\u00f3 dels teus documents.<\/p>\n","protected":false},"featured_media":2985,"template":"","meta":{"site-sidebar-layout":"default","site-content-layout":"","ast-site-content-layout":"","site-content-style":"default","site-sidebar-style":"default","ast-global-header-display":"","ast-banner-title-visibility":"","ast-main-header-display":"","ast-hfb-above-header-display":"","ast-hfb-below-header-display":"","ast-hfb-mobile-header-display":"","site-post-title":"","ast-breadcrumbs-content":"","ast-featured-img":"","footer-sml-layout":"","theme-transparent-header-meta":"default","adv-header-id-meta":"","stick-header-meta":"default","header-above-stick-meta":"","header-main-stick-meta":"","header-below-stick-meta":"","astra-migrate-meta-layouts":"","ast-page-background-enabled":"default","ast-page-background-meta":{"desktop":{"background-color":"","background-image":"","background-repeat":"repeat","background-position":"center center","background-size":"auto","background-attachment":"scroll","background-type":"","background-media":"","overlay-type":"","overlay-color":"","overlay-gradient":""},"tablet":{"background-color":"","background-image":"","background-repeat":"repeat","background-position":"center center","background-size":"auto","background-attachment":"scroll","background-type":"","background-media":"","overlay-type":"","overlay-color":"","overlay-gradient":""},"mobile":{"background-color":"","background-image":"","background-repeat":"repeat","background-position":"center center","background-size":"auto","background-attachment":"scroll","background-type":"","background-media":"","overlay-type":"","overlay-color":"","overlay-gradient":""}},"ast-content-background-meta":{"desktop":{"background-color":"var(--ast-global-color-5)","background-image":"","background-repeat":"repeat","background-position":"center center","background-size":"auto","background-attachment":"scroll","background-type":"","background-media":"","overlay-type":"","overlay-color":"","overlay-gradient":""},"tablet":{"background-color":"var(--ast-global-color-5)","background-image":"","background-repeat":"repeat","background-position":"center center","background-size":"auto","background-attachment":"scroll","background-type":"","background-media":"","overlay-type":"","overlay-color":"","overlay-gradient":""},"mobile":{"background-color":"var(--ast-global-color-5)","background-image":"","background-repeat":"repeat","background-position":"center center","background-size":"auto","background-attachment":"scroll","background-type":"","background-media":"","overlay-type":"","overlay-color":"","overlay-gradient":""}}},"product_cat":[67,72],"product_tag":[],"_links":{"self":[{"href":"https:\/\/www.cdi-sl.com\/ca\/wp-json\/wp\/v2\/product\/3158"}],"collection":[{"href":"https:\/\/www.cdi-sl.com\/ca\/wp-json\/wp\/v2\/product"}],"about":[{"href":"https:\/\/www.cdi-sl.com\/ca\/wp-json\/wp\/v2\/types\/product"}],"wp:featuredmedia":[{"embeddable":true,"href":"https:\/\/www.cdi-sl.com\/ca\/wp-json\/wp\/v2\/media\/2985"}],"wp:attachment":[{"href":"https:\/\/www.cdi-sl.com\/ca\/wp-json\/wp\/v2\/media?parent=3158"}],"wp:term":[{"taxonomy":"product_cat","embeddable":true,"href":"https:\/\/www.cdi-sl.com\/ca\/wp-json\/wp\/v2\/product_cat?post=3158"},{"taxonomy":"product_tag","embeddable":true,"href":"https:\/\/www.cdi-sl.com\/ca\/wp-json\/wp\/v2\/product_tag?post=3158"}],"curies":[{"name":"wp","href":"https:\/\/api.w.org\/{rel}","templated":true}]}}