{"id":3159,"date":"2023-10-23T10:22:43","date_gmt":"2023-10-23T08:22:43","guid":{"rendered":"https:\/\/www.cdi-sl.com\/producto\/plastificacions-de-targeta\/"},"modified":"2023-10-23T10:22:43","modified_gmt":"2023-10-23T08:22:43","slug":"plastificacions-de-targeta","status":"publish","type":"product","link":"https:\/\/www.cdi-sl.com\/ca\/producto\/plastificacions-de-targeta\/","title":{"rendered":"Plastificacions de Targeta"},"content":{"rendered":"","protected":false},"excerpt":{"rendered":"<p>Vols protegir les teves targetes de manera duradora i professional? Les nostres plastificacions de targeta s\u00f3n la resposta. Ja sigui que necessitis protegir les teves targetes d&#8217;identificaci\u00f3, targetes de filiaci\u00f3, targetes de presentaci\u00f3 o fins i tot targetes d&#8217;acc\u00e9s, les nostres plastificacions ofereixen una soluci\u00f3 s\u00f2lida.<\/p>\n<p>Les nostres plastificacions estan dissenyades per a resistir el desgast diari i protegir les teves targetes de danys, taques i raspadures. Aix\u00f2 garanteix que les teves targetes es mantinguin en perfectes condicions durant m\u00e9s temps, la qual cosa \u00e9s essencial per a crear una impressi\u00f3 duradora i professional.<\/p>\n<p>La facilitat d&#8217;\u00fas \u00e9s un factor clau. Les nostres plastificacions s\u00f3n simples d&#8217;aplicar, la qual cosa t&#8217;estalvia temps i esfor\u00e7 en la protecci\u00f3 de les teves targetes. No necessites equip cost\u00f3s ni habilitats especials; qualsevol pot fer-ho.<\/p>\n<p>No comprometis la qualitat pel preu. Oferim plastificacions de targeta assequibles sense renunciar a la durabilitat i la qualitat. Protegeix les teves targetes i mantingues la teva presentaci\u00f3 impecable.<\/p>\n","protected":false},"featured_media":2984,"template":"","meta":{"site-sidebar-layout":"default","site-content-layout":"","ast-site-content-layout":"","site-content-style":"default","site-sidebar-style":"default","ast-global-header-display":"","ast-banner-title-visibility":"","ast-main-header-display":"","ast-hfb-above-header-display":"","ast-hfb-below-header-display":"","ast-hfb-mobile-header-display":"","site-post-title":"","ast-breadcrumbs-content":"","ast-featured-img":"","footer-sml-layout":"","theme-transparent-header-meta":"default","adv-header-id-meta":"","stick-header-meta":"default","header-above-stick-meta":"","header-main-stick-meta":"","header-below-stick-meta":"","astra-migrate-meta-layouts":"","ast-page-background-enabled":"default","ast-page-background-meta":{"desktop":{"background-color":"","background-image":"","background-repeat":"repeat","background-position":"center center","background-size":"auto","background-attachment":"scroll","background-type":"","background-media":"","overlay-type":"","overlay-color":"","overlay-gradient":""},"tablet":{"background-color":"","background-image":"","background-repeat":"repeat","background-position":"center center","background-size":"auto","background-attachment":"scroll","background-type":"","background-media":"","overlay-type":"","overlay-color":"","overlay-gradient":""},"mobile":{"background-color":"","background-image":"","background-repeat":"repeat","background-position":"center center","background-size":"auto","background-attachment":"scroll","background-type":"","background-media":"","overlay-type":"","overlay-color":"","overlay-gradient":""}},"ast-content-background-meta":{"desktop":{"background-color":"var(--ast-global-color-5)","background-image":"","background-repeat":"repeat","background-position":"center center","background-size":"auto","background-attachment":"scroll","background-type":"","background-media":"","overlay-type":"","overlay-color":"","overlay-gradient":""},"tablet":{"background-color":"var(--ast-global-color-5)","background-image":"","background-repeat":"repeat","background-position":"center center","background-size":"auto","background-attachment":"scroll","background-type":"","background-media":"","overlay-type":"","overlay-color":"","overlay-gradient":""},"mobile":{"background-color":"var(--ast-global-color-5)","background-image":"","background-repeat":"repeat","background-position":"center center","background-size":"auto","background-attachment":"scroll","background-type":"","background-media":"","overlay-type":"","overlay-color":"","overlay-gradient":""}}},"product_cat":[67,72],"product_tag":[],"_links":{"self":[{"href":"https:\/\/www.cdi-sl.com\/ca\/wp-json\/wp\/v2\/product\/3159"}],"collection":[{"href":"https:\/\/www.cdi-sl.com\/ca\/wp-json\/wp\/v2\/product"}],"about":[{"href":"https:\/\/www.cdi-sl.com\/ca\/wp-json\/wp\/v2\/types\/product"}],"wp:featuredmedia":[{"embeddable":true,"href":"https:\/\/www.cdi-sl.com\/ca\/wp-json\/wp\/v2\/media\/2984"}],"wp:attachment":[{"href":"https:\/\/www.cdi-sl.com\/ca\/wp-json\/wp\/v2\/media?parent=3159"}],"wp:term":[{"taxonomy":"product_cat","embeddable":true,"href":"https:\/\/www.cdi-sl.com\/ca\/wp-json\/wp\/v2\/product_cat?post=3159"},{"taxonomy":"product_tag","embeddable":true,"href":"https:\/\/www.cdi-sl.com\/ca\/wp-json\/wp\/v2\/product_tag?post=3159"}],"curies":[{"name":"wp","href":"https:\/\/api.w.org\/{rel}","templated":true}]}}