{"id":3160,"date":"2023-10-23T10:20:14","date_gmt":"2023-10-23T08:20:14","guid":{"rendered":"https:\/\/www.cdi-sl.com\/producto\/impressio-digital-sobre-poliester\/"},"modified":"2023-10-23T10:20:14","modified_gmt":"2023-10-23T08:20:14","slug":"impressio-digital-sobre-poliester","status":"publish","type":"product","link":"https:\/\/www.cdi-sl.com\/ca\/producto\/impressio-digital-sobre-poliester\/","title":{"rendered":"Impressi\u00f3 digital sobre poli\u00e8ster"},"content":{"rendered":"","protected":false},"excerpt":{"rendered":"<p>Llest per a portar els teus projectes al seg\u00fcent nivell? La nostra impressi\u00f3 digital sobre poli\u00e8ster \u00e9s l&#8217;opci\u00f3 perfecta per a aquells que busquen qualitat i durabilitat sense igual.<\/p>\n<p>El poli\u00e8ster \u00e9s un material resistent i vers\u00e0til, i la nostra impressi\u00f3 digital aprofita al m\u00e0xim les seves propietats. Cada disseny impr\u00e8s es veur\u00e0 n\u00edtid i vibrant, sense importar si \u00e9s un b\u00e0ner publicitari, una bandera personalitzada o una pe\u00e7a de roba. La durabilitat \u00e9s una dels seus principals avantatges, resistint al desgast i a les inclem\u00e8ncies del temps.<\/p>\n<p>A m\u00e9s, aquesta impressi\u00f3 digital sobre poli\u00e8ster \u00e9s ideal per a projectes a l&#8217;aire lliure, ja que \u00e9s resistent a l&#8217;aigua i als raigs UV, la qual cosa garanteix que els teus dissenys mantinguin la seva qualitat al llarg del temps.<\/p>\n<p>\u00c9s el moment de destacar i marcar la difer\u00e8ncia amb els teus projectes. Fes la teva comanda ara i descobreix com la nostra impressi\u00f3 digital sobre poli\u00e8ster pot portar les teves idees al seg\u00fcent nivell. No esperis m\u00e9s per a fer que els teus dissenys es destaquin!<\/p>\n","protected":false},"featured_media":2983,"template":"","meta":{"site-sidebar-layout":"default","site-content-layout":"","ast-site-content-layout":"","site-content-style":"default","site-sidebar-style":"default","ast-global-header-display":"","ast-banner-title-visibility":"","ast-main-header-display":"","ast-hfb-above-header-display":"","ast-hfb-below-header-display":"","ast-hfb-mobile-header-display":"","site-post-title":"","ast-breadcrumbs-content":"","ast-featured-img":"","footer-sml-layout":"","theme-transparent-header-meta":"default","adv-header-id-meta":"","stick-header-meta":"default","header-above-stick-meta":"","header-main-stick-meta":"","header-below-stick-meta":"","astra-migrate-meta-layouts":"","ast-page-background-enabled":"default","ast-page-background-meta":{"desktop":{"background-color":"","background-image":"","background-repeat":"repeat","background-position":"center center","background-size":"auto","background-attachment":"scroll","background-type":"","background-media":"","overlay-type":"","overlay-color":"","overlay-gradient":""},"tablet":{"background-color":"","background-image":"","background-repeat":"repeat","background-position":"center center","background-size":"auto","background-attachment":"scroll","background-type":"","background-media":"","overlay-type":"","overlay-color":"","overlay-gradient":""},"mobile":{"background-color":"","background-image":"","background-repeat":"repeat","background-position":"center center","background-size":"auto","background-attachment":"scroll","background-type":"","background-media":"","overlay-type":"","overlay-color":"","overlay-gradient":""}},"ast-content-background-meta":{"desktop":{"background-color":"var(--ast-global-color-5)","background-image":"","background-repeat":"repeat","background-position":"center center","background-size":"auto","background-attachment":"scroll","background-type":"","background-media":"","overlay-type":"","overlay-color":"","overlay-gradient":""},"tablet":{"background-color":"var(--ast-global-color-5)","background-image":"","background-repeat":"repeat","background-position":"center center","background-size":"auto","background-attachment":"scroll","background-type":"","background-media":"","overlay-type":"","overlay-color":"","overlay-gradient":""},"mobile":{"background-color":"var(--ast-global-color-5)","background-image":"","background-repeat":"repeat","background-position":"center center","background-size":"auto","background-attachment":"scroll","background-type":"","background-media":"","overlay-type":"","overlay-color":"","overlay-gradient":""}}},"product_cat":[67,72],"product_tag":[],"_links":{"self":[{"href":"https:\/\/www.cdi-sl.com\/ca\/wp-json\/wp\/v2\/product\/3160"}],"collection":[{"href":"https:\/\/www.cdi-sl.com\/ca\/wp-json\/wp\/v2\/product"}],"about":[{"href":"https:\/\/www.cdi-sl.com\/ca\/wp-json\/wp\/v2\/types\/product"}],"wp:featuredmedia":[{"embeddable":true,"href":"https:\/\/www.cdi-sl.com\/ca\/wp-json\/wp\/v2\/media\/2983"}],"wp:attachment":[{"href":"https:\/\/www.cdi-sl.com\/ca\/wp-json\/wp\/v2\/media?parent=3160"}],"wp:term":[{"taxonomy":"product_cat","embeddable":true,"href":"https:\/\/www.cdi-sl.com\/ca\/wp-json\/wp\/v2\/product_cat?post=3160"},{"taxonomy":"product_tag","embeddable":true,"href":"https:\/\/www.cdi-sl.com\/ca\/wp-json\/wp\/v2\/product_tag?post=3160"}],"curies":[{"name":"wp","href":"https:\/\/api.w.org\/{rel}","templated":true}]}}