{"id":3161,"date":"2023-10-23T10:15:16","date_gmt":"2023-10-23T08:15:16","guid":{"rendered":"https:\/\/www.cdi-sl.com\/producto\/escanejat-documents-a3-d1-a-100\/"},"modified":"2023-10-23T10:15:16","modified_gmt":"2023-10-23T08:15:16","slug":"escanejat-documents-a3-d1-a-100","status":"publish","type":"product","link":"https:\/\/www.cdi-sl.com\/ca\/producto\/escanejat-documents-a3-d1-a-100\/","title":{"rendered":"Escanejat documents A3 d&#8217;1 a 100"},"content":{"rendered":"","protected":false},"excerpt":{"rendered":"<p>Tens una pila de documents A3 que necessites digitalitzar? Som aqu\u00ed per a simplificar la teva vida! El nostre servei d&#8217;escaneig de documents A3 d&#8217;1 a 100 ofereix una soluci\u00f3 eficient i d&#8217;alta qualitat.<\/p>\n<p>Ja sigui que tinguis informes, plans, dibuixos t\u00e8cnics, o qualsevol tipus de document de grand\u00e0ria A3, el nostre servei \u00e9s r\u00e0pid i prec\u00eds. Escanegem d&#8217;1 a 100 documents, cosa que significa que pots confiar en nosaltres, ja sigui per a un petit projecte o una gran tasca de digitalitzaci\u00f3.<\/p>\n<p>El nostre proc\u00e9s d&#8217;escaneig est\u00e0 dissenyat per a capturar cada detall amb claredat i mantenir la qualitat original dels teus documents. Una vegada digitalitzats, tindr\u00e0s acc\u00e9s immediat als teus arxius en format digital. Oblida&#8217;t de les piles de paper i accedeix als teus documents amb un sol clic.<\/p>\n","protected":false},"featured_media":3022,"template":"","meta":{"site-sidebar-layout":"default","site-content-layout":"","ast-site-content-layout":"","site-content-style":"default","site-sidebar-style":"default","ast-global-header-display":"","ast-banner-title-visibility":"","ast-main-header-display":"","ast-hfb-above-header-display":"","ast-hfb-below-header-display":"","ast-hfb-mobile-header-display":"","site-post-title":"","ast-breadcrumbs-content":"","ast-featured-img":"","footer-sml-layout":"","theme-transparent-header-meta":"default","adv-header-id-meta":"","stick-header-meta":"default","header-above-stick-meta":"","header-main-stick-meta":"","header-below-stick-meta":"","astra-migrate-meta-layouts":"","ast-page-background-enabled":"default","ast-page-background-meta":{"desktop":{"background-color":"","background-image":"","background-repeat":"repeat","background-position":"center center","background-size":"auto","background-attachment":"scroll","background-type":"","background-media":"","overlay-type":"","overlay-color":"","overlay-gradient":""},"tablet":{"background-color":"","background-image":"","background-repeat":"repeat","background-position":"center center","background-size":"auto","background-attachment":"scroll","background-type":"","background-media":"","overlay-type":"","overlay-color":"","overlay-gradient":""},"mobile":{"background-color":"","background-image":"","background-repeat":"repeat","background-position":"center center","background-size":"auto","background-attachment":"scroll","background-type":"","background-media":"","overlay-type":"","overlay-color":"","overlay-gradient":""}},"ast-content-background-meta":{"desktop":{"background-color":"var(--ast-global-color-5)","background-image":"","background-repeat":"repeat","background-position":"center center","background-size":"auto","background-attachment":"scroll","background-type":"","background-media":"","overlay-type":"","overlay-color":"","overlay-gradient":""},"tablet":{"background-color":"var(--ast-global-color-5)","background-image":"","background-repeat":"repeat","background-position":"center center","background-size":"auto","background-attachment":"scroll","background-type":"","background-media":"","overlay-type":"","overlay-color":"","overlay-gradient":""},"mobile":{"background-color":"var(--ast-global-color-5)","background-image":"","background-repeat":"repeat","background-position":"center center","background-size":"auto","background-attachment":"scroll","background-type":"","background-media":"","overlay-type":"","overlay-color":"","overlay-gradient":""}}},"product_cat":[67,72],"product_tag":[],"_links":{"self":[{"href":"https:\/\/www.cdi-sl.com\/ca\/wp-json\/wp\/v2\/product\/3161"}],"collection":[{"href":"https:\/\/www.cdi-sl.com\/ca\/wp-json\/wp\/v2\/product"}],"about":[{"href":"https:\/\/www.cdi-sl.com\/ca\/wp-json\/wp\/v2\/types\/product"}],"wp:featuredmedia":[{"embeddable":true,"href":"https:\/\/www.cdi-sl.com\/ca\/wp-json\/wp\/v2\/media\/3022"}],"wp:attachment":[{"href":"https:\/\/www.cdi-sl.com\/ca\/wp-json\/wp\/v2\/media?parent=3161"}],"wp:term":[{"taxonomy":"product_cat","embeddable":true,"href":"https:\/\/www.cdi-sl.com\/ca\/wp-json\/wp\/v2\/product_cat?post=3161"},{"taxonomy":"product_tag","embeddable":true,"href":"https:\/\/www.cdi-sl.com\/ca\/wp-json\/wp\/v2\/product_tag?post=3161"}],"curies":[{"name":"wp","href":"https:\/\/api.w.org\/{rel}","templated":true}]}}