{"id":3162,"date":"2023-10-23T10:14:48","date_gmt":"2023-10-23T08:14:48","guid":{"rendered":"https:\/\/www.cdi-sl.com\/producto\/escanejat-documents-a4-d1-a-100\/"},"modified":"2023-10-23T10:14:48","modified_gmt":"2023-10-23T08:14:48","slug":"escanejat-documents-a4-d1-a-100","status":"publish","type":"product","link":"https:\/\/www.cdi-sl.com\/ca\/producto\/escanejat-documents-a4-d1-a-100\/","title":{"rendered":"Escanejat documents A4 d&#8217;1 a 100"},"content":{"rendered":"","protected":false},"excerpt":{"rendered":"<p>Tens una muntanya de documents A4 que necessites digitalitzar? Nosaltres et facilitem el treball! El nostre servei d&#8217;escaneig de documents A4 d&#8217;1 a 100 \u00e9s la soluci\u00f3 perfecta.<\/p>\n<p>Ja sigui que tinguis informes, factures, contractes o qualsevol tipus de document de grand\u00e0ria A4, som aqu\u00ed per a ajudar-te. Escanegem des d&#8217;un sol document fins a 100, brindant-te la flexibilitat que necessites per a la teva tasca de digitalitzaci\u00f3.<\/p>\n<p>El nostre proc\u00e9s d&#8217;escaneig \u00e9s r\u00e0pid i prec\u00eds, capturant cada detall amb claredat i mantenint la qualitat original dels teus documents. Una vegada digitalitzats, tindr\u00e0s acc\u00e9s immediat als teus arxius en format digital. Oblida&#8217;t del desordre i de l&#8217;espai que ocupen els documents en paper i accedeix als teus arxius amb un sol clic.<\/p>\n","protected":false},"featured_media":3022,"template":"","meta":{"site-sidebar-layout":"default","site-content-layout":"","ast-site-content-layout":"","site-content-style":"default","site-sidebar-style":"default","ast-global-header-display":"","ast-banner-title-visibility":"","ast-main-header-display":"","ast-hfb-above-header-display":"","ast-hfb-below-header-display":"","ast-hfb-mobile-header-display":"","site-post-title":"","ast-breadcrumbs-content":"","ast-featured-img":"","footer-sml-layout":"","theme-transparent-header-meta":"default","adv-header-id-meta":"","stick-header-meta":"default","header-above-stick-meta":"","header-main-stick-meta":"","header-below-stick-meta":"","astra-migrate-meta-layouts":"","ast-page-background-enabled":"default","ast-page-background-meta":{"desktop":{"background-color":"","background-image":"","background-repeat":"repeat","background-position":"center center","background-size":"auto","background-attachment":"scroll","background-type":"","background-media":"","overlay-type":"","overlay-color":"","overlay-gradient":""},"tablet":{"background-color":"","background-image":"","background-repeat":"repeat","background-position":"center center","background-size":"auto","background-attachment":"scroll","background-type":"","background-media":"","overlay-type":"","overlay-color":"","overlay-gradient":""},"mobile":{"background-color":"","background-image":"","background-repeat":"repeat","background-position":"center center","background-size":"auto","background-attachment":"scroll","background-type":"","background-media":"","overlay-type":"","overlay-color":"","overlay-gradient":""}},"ast-content-background-meta":{"desktop":{"background-color":"var(--ast-global-color-5)","background-image":"","background-repeat":"repeat","background-position":"center center","background-size":"auto","background-attachment":"scroll","background-type":"","background-media":"","overlay-type":"","overlay-color":"","overlay-gradient":""},"tablet":{"background-color":"var(--ast-global-color-5)","background-image":"","background-repeat":"repeat","background-position":"center center","background-size":"auto","background-attachment":"scroll","background-type":"","background-media":"","overlay-type":"","overlay-color":"","overlay-gradient":""},"mobile":{"background-color":"var(--ast-global-color-5)","background-image":"","background-repeat":"repeat","background-position":"center center","background-size":"auto","background-attachment":"scroll","background-type":"","background-media":"","overlay-type":"","overlay-color":"","overlay-gradient":""}}},"product_cat":[67,72],"product_tag":[],"_links":{"self":[{"href":"https:\/\/www.cdi-sl.com\/ca\/wp-json\/wp\/v2\/product\/3162"}],"collection":[{"href":"https:\/\/www.cdi-sl.com\/ca\/wp-json\/wp\/v2\/product"}],"about":[{"href":"https:\/\/www.cdi-sl.com\/ca\/wp-json\/wp\/v2\/types\/product"}],"wp:featuredmedia":[{"embeddable":true,"href":"https:\/\/www.cdi-sl.com\/ca\/wp-json\/wp\/v2\/media\/3022"}],"wp:attachment":[{"href":"https:\/\/www.cdi-sl.com\/ca\/wp-json\/wp\/v2\/media?parent=3162"}],"wp:term":[{"taxonomy":"product_cat","embeddable":true,"href":"https:\/\/www.cdi-sl.com\/ca\/wp-json\/wp\/v2\/product_cat?post=3162"},{"taxonomy":"product_tag","embeddable":true,"href":"https:\/\/www.cdi-sl.com\/ca\/wp-json\/wp\/v2\/product_tag?post=3162"}],"curies":[{"name":"wp","href":"https:\/\/api.w.org\/{rel}","templated":true}]}}