{"id":3167,"date":"2023-10-23T10:03:23","date_gmt":"2023-10-23T08:03:23","guid":{"rendered":"https:\/\/www.cdi-sl.com\/producto\/impressio-plans-da0-color\/"},"modified":"2023-10-23T10:03:23","modified_gmt":"2023-10-23T08:03:23","slug":"impressio-plans-da0-color","status":"publish","type":"product","link":"https:\/\/www.cdi-sl.com\/ca\/producto\/impressio-plans-da0-color\/","title":{"rendered":"Impressi\u00f3 Plans d&#8217;A0 color"},"content":{"rendered":"","protected":false},"excerpt":{"rendered":"<p>Llest per a portar els teus projectes de disseny al seg\u00fcent nivell? La nostra impressi\u00f3 de plans en color grand\u00e0ria A0 \u00e9s la resposta a les teves necessitats d&#8217;impressi\u00f3 d&#8217;alta qualitat i precisi\u00f3.<\/p>\n<p>Amb una resoluci\u00f3 excepcional, cada pla que obtinguis capturar\u00e0 cada detall dels teus dissenys i projectes en colors vius i vibrants. Ja sigui per a plans arquitect\u00f2nics, projectes d&#8217;enginyeria o il\u00b7lustracions t\u00e8cniques, aquesta impressi\u00f3 en color A0 garanteix que les teves idees es plasmin amb la m\u00e0xima claredat.<\/p>\n<p>La versatilitat \u00e9s clau. Pots imprimir m\u00faltiples c\u00f2pies o una varietat de dissenys en un sol arxiu, la qual cosa t&#8217;estalvia temps i esfor\u00e7 en la gesti\u00f3 dels teus projectes.<\/p>\n<p>No comprometis la qualitat pel preu. Oferim aquesta impressi\u00f3 en color A0 a tarifes competitives, brindant-te la qualitat que mereixes sense desbordar el teu pressupost.<\/p>\n<p>\u00c9s hora de destacar en els teus projectes de disseny. Feix la teva comanda ara i descobreix com la nostra impressi\u00f3 de plans en color A0 pot portar les teves idees al seg\u00fcent nivell! No esperis m\u00e9s per a fer que els teus projectes destaquin i captivin a la teva audi\u00e8ncia.<\/p>\n","protected":false},"featured_media":2982,"template":"","meta":{"site-sidebar-layout":"default","site-content-layout":"","ast-site-content-layout":"","site-content-style":"default","site-sidebar-style":"default","ast-global-header-display":"","ast-banner-title-visibility":"","ast-main-header-display":"","ast-hfb-above-header-display":"","ast-hfb-below-header-display":"","ast-hfb-mobile-header-display":"","site-post-title":"","ast-breadcrumbs-content":"","ast-featured-img":"","footer-sml-layout":"","theme-transparent-header-meta":"default","adv-header-id-meta":"","stick-header-meta":"default","header-above-stick-meta":"","header-main-stick-meta":"","header-below-stick-meta":"","astra-migrate-meta-layouts":"","ast-page-background-enabled":"default","ast-page-background-meta":{"desktop":{"background-color":"","background-image":"","background-repeat":"repeat","background-position":"center center","background-size":"auto","background-attachment":"scroll","background-type":"","background-media":"","overlay-type":"","overlay-color":"","overlay-gradient":""},"tablet":{"background-color":"","background-image":"","background-repeat":"repeat","background-position":"center center","background-size":"auto","background-attachment":"scroll","background-type":"","background-media":"","overlay-type":"","overlay-color":"","overlay-gradient":""},"mobile":{"background-color":"","background-image":"","background-repeat":"repeat","background-position":"center center","background-size":"auto","background-attachment":"scroll","background-type":"","background-media":"","overlay-type":"","overlay-color":"","overlay-gradient":""}},"ast-content-background-meta":{"desktop":{"background-color":"var(--ast-global-color-5)","background-image":"","background-repeat":"repeat","background-position":"center center","background-size":"auto","background-attachment":"scroll","background-type":"","background-media":"","overlay-type":"","overlay-color":"","overlay-gradient":""},"tablet":{"background-color":"var(--ast-global-color-5)","background-image":"","background-repeat":"repeat","background-position":"center center","background-size":"auto","background-attachment":"scroll","background-type":"","background-media":"","overlay-type":"","overlay-color":"","overlay-gradient":""},"mobile":{"background-color":"var(--ast-global-color-5)","background-image":"","background-repeat":"repeat","background-position":"center center","background-size":"auto","background-attachment":"scroll","background-type":"","background-media":"","overlay-type":"","overlay-color":"","overlay-gradient":""}}},"product_cat":[67,72],"product_tag":[],"_links":{"self":[{"href":"https:\/\/www.cdi-sl.com\/ca\/wp-json\/wp\/v2\/product\/3167"}],"collection":[{"href":"https:\/\/www.cdi-sl.com\/ca\/wp-json\/wp\/v2\/product"}],"about":[{"href":"https:\/\/www.cdi-sl.com\/ca\/wp-json\/wp\/v2\/types\/product"}],"wp:featuredmedia":[{"embeddable":true,"href":"https:\/\/www.cdi-sl.com\/ca\/wp-json\/wp\/v2\/media\/2982"}],"wp:attachment":[{"href":"https:\/\/www.cdi-sl.com\/ca\/wp-json\/wp\/v2\/media?parent=3167"}],"wp:term":[{"taxonomy":"product_cat","embeddable":true,"href":"https:\/\/www.cdi-sl.com\/ca\/wp-json\/wp\/v2\/product_cat?post=3167"},{"taxonomy":"product_tag","embeddable":true,"href":"https:\/\/www.cdi-sl.com\/ca\/wp-json\/wp\/v2\/product_tag?post=3167"}],"curies":[{"name":"wp","href":"https:\/\/api.w.org\/{rel}","templated":true}]}}