{"id":3170,"date":"2023-10-23T09:58:40","date_gmt":"2023-10-23T07:58:40","guid":{"rendered":"https:\/\/www.cdi-sl.com\/producto\/impressio-plans-da3-color\/"},"modified":"2023-10-23T09:58:40","modified_gmt":"2023-10-23T07:58:40","slug":"impressio-plans-da3-color","status":"publish","type":"product","link":"https:\/\/www.cdi-sl.com\/ca\/producto\/impressio-plans-da3-color\/","title":{"rendered":"Impressi\u00f3 Plans d&#8217;A3 color"},"content":{"rendered":"","protected":false},"excerpt":{"rendered":"<p>Necessites impressions de plans en color d&#8217;alta qualitat per als teus projectes? No busquis m\u00e9s! La nostra impressi\u00f3 de plans en color grand\u00e0ria A3 \u00e9s la soluci\u00f3 perfecta per a arquitectes, dissenyadors i professionals creatius que busquen destacar amb claredat i colors vibrants.<\/p>\n<p>Amb una resoluci\u00f3 excepcional, cada pla que obtinguis ser\u00e0 un reflex fidel dels teus dissenys, ressaltant cada detall amb colors vius i precisos. Ja sigui per a plans arquitect\u00f2nics, projectes d&#8217;enginyeria o presentacions gr\u00e0fiques, aquesta impressi\u00f3 en color A3 garanteix que les teves idees es plasmin amb la m\u00e0xima qualitat.<\/p>\n<p>La versatilitat \u00e9s essencial. Pots imprimir diversos dissenys en un sol arxiu o sol\u00b7licitar m\u00faltiples c\u00f2pies per a compartir amb el teu equip, estalviant temps i diners en la gesti\u00f3 de projectes.<\/p>\n<p>No comprometis la qualitat pel preu. Oferim aquesta impressi\u00f3 en color A3 a tarifes competitives, brindant-te la qualitat que mereixes sense desbordar el teu pressupost.<\/p>\n","protected":false},"featured_media":2982,"template":"","meta":{"site-sidebar-layout":"default","site-content-layout":"","ast-site-content-layout":"","site-content-style":"default","site-sidebar-style":"default","ast-global-header-display":"","ast-banner-title-visibility":"","ast-main-header-display":"","ast-hfb-above-header-display":"","ast-hfb-below-header-display":"","ast-hfb-mobile-header-display":"","site-post-title":"","ast-breadcrumbs-content":"","ast-featured-img":"","footer-sml-layout":"","theme-transparent-header-meta":"default","adv-header-id-meta":"","stick-header-meta":"default","header-above-stick-meta":"","header-main-stick-meta":"","header-below-stick-meta":"","astra-migrate-meta-layouts":"","ast-page-background-enabled":"default","ast-page-background-meta":{"desktop":{"background-color":"","background-image":"","background-repeat":"repeat","background-position":"center center","background-size":"auto","background-attachment":"scroll","background-type":"","background-media":"","overlay-type":"","overlay-color":"","overlay-gradient":""},"tablet":{"background-color":"","background-image":"","background-repeat":"repeat","background-position":"center center","background-size":"auto","background-attachment":"scroll","background-type":"","background-media":"","overlay-type":"","overlay-color":"","overlay-gradient":""},"mobile":{"background-color":"","background-image":"","background-repeat":"repeat","background-position":"center center","background-size":"auto","background-attachment":"scroll","background-type":"","background-media":"","overlay-type":"","overlay-color":"","overlay-gradient":""}},"ast-content-background-meta":{"desktop":{"background-color":"var(--ast-global-color-5)","background-image":"","background-repeat":"repeat","background-position":"center center","background-size":"auto","background-attachment":"scroll","background-type":"","background-media":"","overlay-type":"","overlay-color":"","overlay-gradient":""},"tablet":{"background-color":"var(--ast-global-color-5)","background-image":"","background-repeat":"repeat","background-position":"center center","background-size":"auto","background-attachment":"scroll","background-type":"","background-media":"","overlay-type":"","overlay-color":"","overlay-gradient":""},"mobile":{"background-color":"var(--ast-global-color-5)","background-image":"","background-repeat":"repeat","background-position":"center center","background-size":"auto","background-attachment":"scroll","background-type":"","background-media":"","overlay-type":"","overlay-color":"","overlay-gradient":""}}},"product_cat":[67,72],"product_tag":[],"_links":{"self":[{"href":"https:\/\/www.cdi-sl.com\/ca\/wp-json\/wp\/v2\/product\/3170"}],"collection":[{"href":"https:\/\/www.cdi-sl.com\/ca\/wp-json\/wp\/v2\/product"}],"about":[{"href":"https:\/\/www.cdi-sl.com\/ca\/wp-json\/wp\/v2\/types\/product"}],"wp:featuredmedia":[{"embeddable":true,"href":"https:\/\/www.cdi-sl.com\/ca\/wp-json\/wp\/v2\/media\/2982"}],"wp:attachment":[{"href":"https:\/\/www.cdi-sl.com\/ca\/wp-json\/wp\/v2\/media?parent=3170"}],"wp:term":[{"taxonomy":"product_cat","embeddable":true,"href":"https:\/\/www.cdi-sl.com\/ca\/wp-json\/wp\/v2\/product_cat?post=3170"},{"taxonomy":"product_tag","embeddable":true,"href":"https:\/\/www.cdi-sl.com\/ca\/wp-json\/wp\/v2\/product_tag?post=3170"}],"curies":[{"name":"wp","href":"https:\/\/api.w.org\/{rel}","templated":true}]}}