{"id":3172,"date":"2023-10-23T09:58:33","date_gmt":"2023-10-23T07:58:33","guid":{"rendered":"https:\/\/www.cdi-sl.com\/producto\/impressio-plans-da1-b-n\/"},"modified":"2023-10-23T09:58:33","modified_gmt":"2023-10-23T07:58:33","slug":"impressio-plans-da1-b-n","status":"publish","type":"product","link":"https:\/\/www.cdi-sl.com\/ca\/producto\/impressio-plans-da1-b-n\/","title":{"rendered":"Impressi\u00f3 Plans d&#8217;A1 b\/n"},"content":{"rendered":"","protected":false},"excerpt":{"rendered":"<p>Necessites impressions de plans en blanc i negre d&#8217;alta qualitat? No cerquis m\u00e9s. La nostra impressi\u00f3 de plans en grand\u00e0ria A1 \u00e9s l&#8217;elecci\u00f3 ideal per a arquitectes, enginyers i dissenyadors que busquen precisi\u00f3 i nitidesa en cada detall.<\/p>\n<p>Amb una resoluci\u00f3 excepcional, cada pla que obtinguis ser\u00e0 un reflex prec\u00eds de la teva visi\u00f3 creativa. Ja sigui per a projectes de construcci\u00f3, plans arquitect\u00f2nics o dissenys t\u00e8cnics, aquesta impressi\u00f3 en blanc i negre A1 garanteix la m\u00e0xima precisi\u00f3 i llegibilitat.<\/p>\n<p>A m\u00e9s de la seva qualitat, destaquem per la nostra velocitat i efici\u00e8ncia. Entenem que el temps \u00e9s essencial en el teu treball, per la qual cosa t&#8217;oferim un servei r\u00e0pid i de confian\u00e7a perqu\u00e8 els teus projectes es mantinguin dins dels teus terminis.<\/p>\n<p>No comprometis la qualitat pel preu. Oferim aquesta impressi\u00f3 en blanc i negre A1 a tarifes competitives. Estalvia temps i diners i obtingues la qualitat que mereixes.<\/p>\n<p>\u00c9s el moment de simplificar les teves necessitats d&#8217;impressi\u00f3 de plans. Fes la teva comanda ara i experimenta la precisi\u00f3 i efici\u00e8ncia de la nostra impressi\u00f3 de plans en blanc i negre A1. No esperis m\u00e9s per a portar els teus projectes al seg\u00fcent nivell!<\/p>\n","protected":false},"featured_media":2982,"template":"","meta":{"site-sidebar-layout":"default","site-content-layout":"","ast-site-content-layout":"","site-content-style":"default","site-sidebar-style":"default","ast-global-header-display":"","ast-banner-title-visibility":"","ast-main-header-display":"","ast-hfb-above-header-display":"","ast-hfb-below-header-display":"","ast-hfb-mobile-header-display":"","site-post-title":"","ast-breadcrumbs-content":"","ast-featured-img":"","footer-sml-layout":"","theme-transparent-header-meta":"default","adv-header-id-meta":"","stick-header-meta":"default","header-above-stick-meta":"","header-main-stick-meta":"","header-below-stick-meta":"","astra-migrate-meta-layouts":"","ast-page-background-enabled":"default","ast-page-background-meta":{"desktop":{"background-color":"","background-image":"","background-repeat":"repeat","background-position":"center center","background-size":"auto","background-attachment":"scroll","background-type":"","background-media":"","overlay-type":"","overlay-color":"","overlay-gradient":""},"tablet":{"background-color":"","background-image":"","background-repeat":"repeat","background-position":"center center","background-size":"auto","background-attachment":"scroll","background-type":"","background-media":"","overlay-type":"","overlay-color":"","overlay-gradient":""},"mobile":{"background-color":"","background-image":"","background-repeat":"repeat","background-position":"center center","background-size":"auto","background-attachment":"scroll","background-type":"","background-media":"","overlay-type":"","overlay-color":"","overlay-gradient":""}},"ast-content-background-meta":{"desktop":{"background-color":"var(--ast-global-color-5)","background-image":"","background-repeat":"repeat","background-position":"center center","background-size":"auto","background-attachment":"scroll","background-type":"","background-media":"","overlay-type":"","overlay-color":"","overlay-gradient":""},"tablet":{"background-color":"var(--ast-global-color-5)","background-image":"","background-repeat":"repeat","background-position":"center center","background-size":"auto","background-attachment":"scroll","background-type":"","background-media":"","overlay-type":"","overlay-color":"","overlay-gradient":""},"mobile":{"background-color":"var(--ast-global-color-5)","background-image":"","background-repeat":"repeat","background-position":"center center","background-size":"auto","background-attachment":"scroll","background-type":"","background-media":"","overlay-type":"","overlay-color":"","overlay-gradient":""}}},"product_cat":[67,72],"product_tag":[],"_links":{"self":[{"href":"https:\/\/www.cdi-sl.com\/ca\/wp-json\/wp\/v2\/product\/3172"}],"collection":[{"href":"https:\/\/www.cdi-sl.com\/ca\/wp-json\/wp\/v2\/product"}],"about":[{"href":"https:\/\/www.cdi-sl.com\/ca\/wp-json\/wp\/v2\/types\/product"}],"wp:featuredmedia":[{"embeddable":true,"href":"https:\/\/www.cdi-sl.com\/ca\/wp-json\/wp\/v2\/media\/2982"}],"wp:attachment":[{"href":"https:\/\/www.cdi-sl.com\/ca\/wp-json\/wp\/v2\/media?parent=3172"}],"wp:term":[{"taxonomy":"product_cat","embeddable":true,"href":"https:\/\/www.cdi-sl.com\/ca\/wp-json\/wp\/v2\/product_cat?post=3172"},{"taxonomy":"product_tag","embeddable":true,"href":"https:\/\/www.cdi-sl.com\/ca\/wp-json\/wp\/v2\/product_tag?post=3172"}],"curies":[{"name":"wp","href":"https:\/\/api.w.org\/{rel}","templated":true}]}}