{"id":3174,"date":"2023-10-23T09:58:16","date_gmt":"2023-10-23T07:58:16","guid":{"rendered":"https:\/\/www.cdi-sl.com\/producto\/impressio-plans-da3-b-n\/"},"modified":"2023-10-23T09:58:16","modified_gmt":"2023-10-23T07:58:16","slug":"impressio-plans-da3-b-n","status":"publish","type":"product","link":"https:\/\/www.cdi-sl.com\/ca\/producto\/impressio-plans-da3-b-n\/","title":{"rendered":"Impressi\u00f3 Plans d&#8217;A3 b\/n"},"content":{"rendered":"","protected":false},"excerpt":{"rendered":"<p>Necessites impressions de plans en blanc i negre d&#8217;alta qualitat i precisi\u00f3? No busquis m\u00e9s! La nostra impressi\u00f3 de plans en grand\u00e0ria A3 \u00e9s l&#8217;elecci\u00f3 ideal per a arquitectes, enginyers i dissenyadors que busquen destacar amb claredat i detall en cada projecte.<\/p>\n<p>Amb una resoluci\u00f3 excepcional, cada pla que obtinguis reflectir\u00e0 fidelment els teus dissenys i projectes, garantint la m\u00e0xima precisi\u00f3 i llegibilitat. Ja sigui per a plans arquitect\u00f2nics, projectes de construcci\u00f3 o il\u00b7lustracions t\u00e8cniques, aquesta impressi\u00f3 en blanc i negre A3 ofereix una qualitat excepcional.<\/p>\n<p>La versatilitat \u00e9s essencial. Pots imprimir diversos plans en un sol arxiu o sol\u00b7licitar m\u00faltiples c\u00f2pies per a compartir amb el teu equip, estalviant temps i diners en la gesti\u00f3 de projectes.<\/p>\n<p>No comprometis la qualitat pel preu. Oferim aquesta impressi\u00f3 en blanc i negre A3 a tarifes competitives, brindant-te la qualitat que mereixes sense desbordar el teu pressupost.<\/p>\n","protected":false},"featured_media":2982,"template":"","meta":{"site-sidebar-layout":"default","site-content-layout":"","ast-site-content-layout":"","site-content-style":"default","site-sidebar-style":"default","ast-global-header-display":"","ast-banner-title-visibility":"","ast-main-header-display":"","ast-hfb-above-header-display":"","ast-hfb-below-header-display":"","ast-hfb-mobile-header-display":"","site-post-title":"","ast-breadcrumbs-content":"","ast-featured-img":"","footer-sml-layout":"","theme-transparent-header-meta":"default","adv-header-id-meta":"","stick-header-meta":"default","header-above-stick-meta":"","header-main-stick-meta":"","header-below-stick-meta":"","astra-migrate-meta-layouts":"","ast-page-background-enabled":"default","ast-page-background-meta":{"desktop":{"background-color":"","background-image":"","background-repeat":"repeat","background-position":"center center","background-size":"auto","background-attachment":"scroll","background-type":"","background-media":"","overlay-type":"","overlay-color":"","overlay-gradient":""},"tablet":{"background-color":"","background-image":"","background-repeat":"repeat","background-position":"center center","background-size":"auto","background-attachment":"scroll","background-type":"","background-media":"","overlay-type":"","overlay-color":"","overlay-gradient":""},"mobile":{"background-color":"","background-image":"","background-repeat":"repeat","background-position":"center center","background-size":"auto","background-attachment":"scroll","background-type":"","background-media":"","overlay-type":"","overlay-color":"","overlay-gradient":""}},"ast-content-background-meta":{"desktop":{"background-color":"var(--ast-global-color-5)","background-image":"","background-repeat":"repeat","background-position":"center center","background-size":"auto","background-attachment":"scroll","background-type":"","background-media":"","overlay-type":"","overlay-color":"","overlay-gradient":""},"tablet":{"background-color":"var(--ast-global-color-5)","background-image":"","background-repeat":"repeat","background-position":"center center","background-size":"auto","background-attachment":"scroll","background-type":"","background-media":"","overlay-type":"","overlay-color":"","overlay-gradient":""},"mobile":{"background-color":"var(--ast-global-color-5)","background-image":"","background-repeat":"repeat","background-position":"center center","background-size":"auto","background-attachment":"scroll","background-type":"","background-media":"","overlay-type":"","overlay-color":"","overlay-gradient":""}}},"product_cat":[67,72],"product_tag":[],"_links":{"self":[{"href":"https:\/\/www.cdi-sl.com\/ca\/wp-json\/wp\/v2\/product\/3174"}],"collection":[{"href":"https:\/\/www.cdi-sl.com\/ca\/wp-json\/wp\/v2\/product"}],"about":[{"href":"https:\/\/www.cdi-sl.com\/ca\/wp-json\/wp\/v2\/types\/product"}],"wp:featuredmedia":[{"embeddable":true,"href":"https:\/\/www.cdi-sl.com\/ca\/wp-json\/wp\/v2\/media\/2982"}],"wp:attachment":[{"href":"https:\/\/www.cdi-sl.com\/ca\/wp-json\/wp\/v2\/media?parent=3174"}],"wp:term":[{"taxonomy":"product_cat","embeddable":true,"href":"https:\/\/www.cdi-sl.com\/ca\/wp-json\/wp\/v2\/product_cat?post=3174"},{"taxonomy":"product_tag","embeddable":true,"href":"https:\/\/www.cdi-sl.com\/ca\/wp-json\/wp\/v2\/product_tag?post=3174"}],"curies":[{"name":"wp","href":"https:\/\/api.w.org\/{rel}","templated":true}]}}