{"id":3175,"date":"2023-10-20T12:48:49","date_gmt":"2023-10-20T10:48:49","guid":{"rendered":"https:\/\/www.cdi-sl.com\/producto\/impressio-blanc-i-negre-a3-de-6-a-70\/"},"modified":"2023-10-20T12:48:49","modified_gmt":"2023-10-20T10:48:49","slug":"impressio-blanc-i-negre-a3-de-6-a-70","status":"publish","type":"product","link":"https:\/\/www.cdi-sl.com\/ca\/producto\/impressio-blanc-i-negre-a3-de-6-a-70\/","title":{"rendered":"Impressi\u00f3 blanc i negre A3 de 6 a 70"},"content":{"rendered":"","protected":false},"excerpt":{"rendered":"<p>La nostra impressi\u00f3 en blanc i negre A3 de 6 a 70 ofereix una soluci\u00f3 eficient i rendible per a les teves necessitats d&#8217;impressi\u00f3. Ja sigui que necessitis documents, informes, presentacions o tasques d&#8217;impressi\u00f3 acad\u00e8mica, estem llestos per a ajudar-te.<\/p>\n<p>La impressi\u00f3 en blanc i negre continua sent essencial per a molts entorns, i les nostres c\u00f2pies s\u00f3n de la m\u00e9s alta qualitat. Cada p\u00e0gina s&#8217;imprimeix amb precisi\u00f3 i claredat, assegurant que els teus documents tinguin un aspecte professional.<\/p>\n<p>Des d&#8217;una c\u00f2pia \u00fanica fins a un conjunt de 5 c\u00f2pies, et brindem la flexibilitat que necessites. Oblida&#8217;t de les configuracions complicades i les preocupacions pels subministraments. C\u00e0rrega els teus arxius i obtingues les teves c\u00f2pies d&#8217;alta qualitat de manera r\u00e0pida i senzilla.<\/p>\n","protected":false},"featured_media":2981,"template":"","meta":{"site-sidebar-layout":"default","site-content-layout":"","ast-site-content-layout":"","site-content-style":"default","site-sidebar-style":"default","ast-global-header-display":"","ast-banner-title-visibility":"","ast-main-header-display":"","ast-hfb-above-header-display":"","ast-hfb-below-header-display":"","ast-hfb-mobile-header-display":"","site-post-title":"","ast-breadcrumbs-content":"","ast-featured-img":"","footer-sml-layout":"","theme-transparent-header-meta":"default","adv-header-id-meta":"","stick-header-meta":"default","header-above-stick-meta":"","header-main-stick-meta":"","header-below-stick-meta":"","astra-migrate-meta-layouts":"","ast-page-background-enabled":"default","ast-page-background-meta":{"desktop":{"background-color":"","background-image":"","background-repeat":"repeat","background-position":"center center","background-size":"auto","background-attachment":"scroll","background-type":"","background-media":"","overlay-type":"","overlay-color":"","overlay-gradient":""},"tablet":{"background-color":"","background-image":"","background-repeat":"repeat","background-position":"center center","background-size":"auto","background-attachment":"scroll","background-type":"","background-media":"","overlay-type":"","overlay-color":"","overlay-gradient":""},"mobile":{"background-color":"","background-image":"","background-repeat":"repeat","background-position":"center center","background-size":"auto","background-attachment":"scroll","background-type":"","background-media":"","overlay-type":"","overlay-color":"","overlay-gradient":""}},"ast-content-background-meta":{"desktop":{"background-color":"var(--ast-global-color-5)","background-image":"","background-repeat":"repeat","background-position":"center center","background-size":"auto","background-attachment":"scroll","background-type":"","background-media":"","overlay-type":"","overlay-color":"","overlay-gradient":""},"tablet":{"background-color":"var(--ast-global-color-5)","background-image":"","background-repeat":"repeat","background-position":"center center","background-size":"auto","background-attachment":"scroll","background-type":"","background-media":"","overlay-type":"","overlay-color":"","overlay-gradient":""},"mobile":{"background-color":"var(--ast-global-color-5)","background-image":"","background-repeat":"repeat","background-position":"center center","background-size":"auto","background-attachment":"scroll","background-type":"","background-media":"","overlay-type":"","overlay-color":"","overlay-gradient":""}}},"product_cat":[67,72],"product_tag":[],"_links":{"self":[{"href":"https:\/\/www.cdi-sl.com\/ca\/wp-json\/wp\/v2\/product\/3175"}],"collection":[{"href":"https:\/\/www.cdi-sl.com\/ca\/wp-json\/wp\/v2\/product"}],"about":[{"href":"https:\/\/www.cdi-sl.com\/ca\/wp-json\/wp\/v2\/types\/product"}],"wp:featuredmedia":[{"embeddable":true,"href":"https:\/\/www.cdi-sl.com\/ca\/wp-json\/wp\/v2\/media\/2981"}],"wp:attachment":[{"href":"https:\/\/www.cdi-sl.com\/ca\/wp-json\/wp\/v2\/media?parent=3175"}],"wp:term":[{"taxonomy":"product_cat","embeddable":true,"href":"https:\/\/www.cdi-sl.com\/ca\/wp-json\/wp\/v2\/product_cat?post=3175"},{"taxonomy":"product_tag","embeddable":true,"href":"https:\/\/www.cdi-sl.com\/ca\/wp-json\/wp\/v2\/product_tag?post=3175"}],"curies":[{"name":"wp","href":"https:\/\/api.w.org\/{rel}","templated":true}]}}