{"id":3178,"date":"2023-10-20T12:47:28","date_gmt":"2023-10-20T10:47:28","guid":{"rendered":"https:\/\/www.cdi-sl.com\/producto\/impressio-blanc-i-negre-a4-de-71-a-100\/"},"modified":"2023-10-20T12:47:28","modified_gmt":"2023-10-20T10:47:28","slug":"impressio-blanc-i-negre-a4-de-71-a-100","status":"publish","type":"product","link":"https:\/\/www.cdi-sl.com\/ca\/producto\/impressio-blanc-i-negre-a4-de-71-a-100\/","title":{"rendered":"Impressi\u00f3 blanc i negre A4 de 71 a 100"},"content":{"rendered":"","protected":false},"excerpt":{"rendered":"<p>Si est\u00e0s a la recerca d&#8217;una impressi\u00f3 en blanc i negre A4 que elevi les teves expectatives, has arribat al lloc correcte. La nostra impressi\u00f3 A4 en blanc i negre no \u00e9s nom\u00e9s una impressora; \u00e9s una soluci\u00f3 completa que redefineix la impressi\u00f3 quotidiana.<\/p>\n<p>Qu\u00e8 la fa \u00fanica? En primer lloc, la seva capacitat d&#8217;impressi\u00f3 \u00e9s impressionant. Amb una resoluci\u00f3 excepcional, cada p\u00e0gina generada ser\u00e0 una obra mestra de claredat. Perfecta per a documents professionals, projectes creatius o fins i tot fotografies art\u00edstiques.<\/p>\n<p>El que realment distingeix a la nostra impressi\u00f3 en blanc i negre A4 \u00e9s la seva velocitat i efici\u00e8ncia. No perdr\u00e0s temps esperant documents interminables. A m\u00e9s, el seu disseny ecofriendly no sols estalvia energia, sin\u00f3 que tamb\u00e9 estalvia diners a llarg termini.<\/p>\n<p>No comprometis la qualitat pel preu. Oferim aquesta impressi\u00f3 d&#8217;alt rendiment a un preu competitiu que s&#8217;ajusta al teu pressupost. \u00c9s hora d&#8217;elevar els teus est\u00e0ndards d&#8217;impressi\u00f3.<\/p>\n","protected":false},"featured_media":2981,"template":"","meta":{"site-sidebar-layout":"default","site-content-layout":"","ast-site-content-layout":"","site-content-style":"default","site-sidebar-style":"default","ast-global-header-display":"","ast-banner-title-visibility":"","ast-main-header-display":"","ast-hfb-above-header-display":"","ast-hfb-below-header-display":"","ast-hfb-mobile-header-display":"","site-post-title":"","ast-breadcrumbs-content":"","ast-featured-img":"","footer-sml-layout":"","theme-transparent-header-meta":"default","adv-header-id-meta":"","stick-header-meta":"default","header-above-stick-meta":"","header-main-stick-meta":"","header-below-stick-meta":"","astra-migrate-meta-layouts":"","ast-page-background-enabled":"default","ast-page-background-meta":{"desktop":{"background-color":"","background-image":"","background-repeat":"repeat","background-position":"center center","background-size":"auto","background-attachment":"scroll","background-type":"","background-media":"","overlay-type":"","overlay-color":"","overlay-gradient":""},"tablet":{"background-color":"","background-image":"","background-repeat":"repeat","background-position":"center center","background-size":"auto","background-attachment":"scroll","background-type":"","background-media":"","overlay-type":"","overlay-color":"","overlay-gradient":""},"mobile":{"background-color":"","background-image":"","background-repeat":"repeat","background-position":"center center","background-size":"auto","background-attachment":"scroll","background-type":"","background-media":"","overlay-type":"","overlay-color":"","overlay-gradient":""}},"ast-content-background-meta":{"desktop":{"background-color":"var(--ast-global-color-5)","background-image":"","background-repeat":"repeat","background-position":"center center","background-size":"auto","background-attachment":"scroll","background-type":"","background-media":"","overlay-type":"","overlay-color":"","overlay-gradient":""},"tablet":{"background-color":"var(--ast-global-color-5)","background-image":"","background-repeat":"repeat","background-position":"center center","background-size":"auto","background-attachment":"scroll","background-type":"","background-media":"","overlay-type":"","overlay-color":"","overlay-gradient":""},"mobile":{"background-color":"var(--ast-global-color-5)","background-image":"","background-repeat":"repeat","background-position":"center center","background-size":"auto","background-attachment":"scroll","background-type":"","background-media":"","overlay-type":"","overlay-color":"","overlay-gradient":""}}},"product_cat":[67,72],"product_tag":[],"_links":{"self":[{"href":"https:\/\/www.cdi-sl.com\/ca\/wp-json\/wp\/v2\/product\/3178"}],"collection":[{"href":"https:\/\/www.cdi-sl.com\/ca\/wp-json\/wp\/v2\/product"}],"about":[{"href":"https:\/\/www.cdi-sl.com\/ca\/wp-json\/wp\/v2\/types\/product"}],"wp:featuredmedia":[{"embeddable":true,"href":"https:\/\/www.cdi-sl.com\/ca\/wp-json\/wp\/v2\/media\/2981"}],"wp:attachment":[{"href":"https:\/\/www.cdi-sl.com\/ca\/wp-json\/wp\/v2\/media?parent=3178"}],"wp:term":[{"taxonomy":"product_cat","embeddable":true,"href":"https:\/\/www.cdi-sl.com\/ca\/wp-json\/wp\/v2\/product_cat?post=3178"},{"taxonomy":"product_tag","embeddable":true,"href":"https:\/\/www.cdi-sl.com\/ca\/wp-json\/wp\/v2\/product_tag?post=3178"}],"curies":[{"name":"wp","href":"https:\/\/api.w.org\/{rel}","templated":true}]}}