{"id":3179,"date":"2023-10-20T12:43:48","date_gmt":"2023-10-20T10:43:48","guid":{"rendered":"https:\/\/www.cdi-sl.com\/producto\/impressio-blanc-i-negre-a4-de-6-a-70\/"},"modified":"2023-10-20T12:43:48","modified_gmt":"2023-10-20T10:43:48","slug":"impressio-blanc-i-negre-a4-de-6-a-70","status":"publish","type":"product","link":"https:\/\/www.cdi-sl.com\/ca\/producto\/impressio-blanc-i-negre-a4-de-6-a-70\/","title":{"rendered":"Impressi\u00f3 blanc i negre A4 de 6 a 70"},"content":{"rendered":"","protected":false},"excerpt":{"rendered":"<p>Cerques una impressi\u00f3 en blanc i negre A4 que es destaqui entre la multitud? Est\u00e0s en el lloc adequat. La nostra impressi\u00f3 en blanc i negre A4 \u00e9s la combinaci\u00f3 perfecta de rendiment i efici\u00e8ncia. A difer\u00e8ncia de moltes altres impressores en el mercat, hem perfeccionat la f\u00f3rmula per a brindar-te resultats excepcionals sense complicacions innecess\u00e0ries.<\/p>\n<p>Amb una impressionant resoluci\u00f3 d&#8217;alta qualitat, cada p\u00e0gina que serveis ser\u00e0 un reflex prec\u00eds dels teus documents, imatges o projectes. Ja sigui per a informes, presentacions o simplement imprimir les teves fotos favorites, la nostra impressi\u00f3 A4 en blanc i negre ofereix la qualitat que mereixes.<\/p>\n<p>El millor de tot \u00e9s la seva velocitat. No perdr\u00e0s temps esperant que els teus documents s&#8217;imprimeixin. A m\u00e9s, el seu disseny de baix consum d&#8217;energia \u00e9s amigable amb el medi ambient i amigable amb el teu pressupost.<\/p>\n<p>La nostra impressi\u00f3 A4 en blanc i negre \u00e9s m\u00e9s que una simple impressora, \u00e9s la teva companya de confian\u00e7a en l&#8217;oficina o a casa. Amb preus competitius i un acompliment incomparable, no hi ha ra\u00f3 per a buscar en un altre lloc.<\/p>\n","protected":false},"featured_media":2981,"template":"","meta":{"site-sidebar-layout":"default","site-content-layout":"","ast-site-content-layout":"","site-content-style":"default","site-sidebar-style":"default","ast-global-header-display":"","ast-banner-title-visibility":"","ast-main-header-display":"","ast-hfb-above-header-display":"","ast-hfb-below-header-display":"","ast-hfb-mobile-header-display":"","site-post-title":"","ast-breadcrumbs-content":"","ast-featured-img":"","footer-sml-layout":"","theme-transparent-header-meta":"default","adv-header-id-meta":"","stick-header-meta":"default","header-above-stick-meta":"","header-main-stick-meta":"","header-below-stick-meta":"","astra-migrate-meta-layouts":"","ast-page-background-enabled":"default","ast-page-background-meta":{"desktop":{"background-color":"","background-image":"","background-repeat":"repeat","background-position":"center center","background-size":"auto","background-attachment":"scroll","background-type":"","background-media":"","overlay-type":"","overlay-color":"","overlay-gradient":""},"tablet":{"background-color":"","background-image":"","background-repeat":"repeat","background-position":"center center","background-size":"auto","background-attachment":"scroll","background-type":"","background-media":"","overlay-type":"","overlay-color":"","overlay-gradient":""},"mobile":{"background-color":"","background-image":"","background-repeat":"repeat","background-position":"center center","background-size":"auto","background-attachment":"scroll","background-type":"","background-media":"","overlay-type":"","overlay-color":"","overlay-gradient":""}},"ast-content-background-meta":{"desktop":{"background-color":"var(--ast-global-color-5)","background-image":"","background-repeat":"repeat","background-position":"center center","background-size":"auto","background-attachment":"scroll","background-type":"","background-media":"","overlay-type":"","overlay-color":"","overlay-gradient":""},"tablet":{"background-color":"var(--ast-global-color-5)","background-image":"","background-repeat":"repeat","background-position":"center center","background-size":"auto","background-attachment":"scroll","background-type":"","background-media":"","overlay-type":"","overlay-color":"","overlay-gradient":""},"mobile":{"background-color":"var(--ast-global-color-5)","background-image":"","background-repeat":"repeat","background-position":"center center","background-size":"auto","background-attachment":"scroll","background-type":"","background-media":"","overlay-type":"","overlay-color":"","overlay-gradient":""}}},"product_cat":[67,72],"product_tag":[],"_links":{"self":[{"href":"https:\/\/www.cdi-sl.com\/ca\/wp-json\/wp\/v2\/product\/3179"}],"collection":[{"href":"https:\/\/www.cdi-sl.com\/ca\/wp-json\/wp\/v2\/product"}],"about":[{"href":"https:\/\/www.cdi-sl.com\/ca\/wp-json\/wp\/v2\/types\/product"}],"wp:featuredmedia":[{"embeddable":true,"href":"https:\/\/www.cdi-sl.com\/ca\/wp-json\/wp\/v2\/media\/2981"}],"wp:attachment":[{"href":"https:\/\/www.cdi-sl.com\/ca\/wp-json\/wp\/v2\/media?parent=3179"}],"wp:term":[{"taxonomy":"product_cat","embeddable":true,"href":"https:\/\/www.cdi-sl.com\/ca\/wp-json\/wp\/v2\/product_cat?post=3179"},{"taxonomy":"product_tag","embeddable":true,"href":"https:\/\/www.cdi-sl.com\/ca\/wp-json\/wp\/v2\/product_tag?post=3179"}],"curies":[{"name":"wp","href":"https:\/\/api.w.org\/{rel}","templated":true}]}}