{"id":3180,"date":"2023-10-20T12:43:45","date_gmt":"2023-10-20T10:43:45","guid":{"rendered":"https:\/\/www.cdi-sl.com\/producto\/impressio-blanc-i-negre-a4-d1-a-5\/"},"modified":"2023-10-20T12:43:45","modified_gmt":"2023-10-20T10:43:45","slug":"impressio-blanc-i-negre-a4-d1-a-5","status":"publish","type":"product","link":"https:\/\/www.cdi-sl.com\/ca\/producto\/impressio-blanc-i-negre-a4-d1-a-5\/","title":{"rendered":"Impressi\u00f3 blanc i negre A4 d&#8217;1 a 5"},"content":{"rendered":"","protected":false},"excerpt":{"rendered":"<p>Necessites qualitat i simplicitat en els teus documents? No busquis m\u00e9s! La nostra impressi\u00f3 en blanc i negre A4 \u00e9s l&#8217;elecci\u00f3 perfecta per a les teves necessitats d&#8217;impressi\u00f3 quotidianes. Aquesta no \u00e9s nom\u00e9s una impressi\u00f3 comuna; \u00e9s la soluci\u00f3 de confian\u00e7a que estaves esperant.<\/p>\n<p>Amb una resoluci\u00f3 n\u00edtida i precisa, cada p\u00e0gina que surti d&#8217;aquesta impressora es veur\u00e0 impecable. Ja sigui per a documents de treball, notes d&#8217;estudi o fins i tot aquests bitllets de concert d&#8217;\u00faltim minut, aquesta impressi\u00f3 en blanc i negre A4 et brinda la claredat que necessites sense complicacions innecess\u00e0ries.<\/p>\n<p>Per qu\u00e8 triar-nos? La nostra impressi\u00f3 en blanc i negre A4 \u00e9s r\u00e0pida i eficient, estalviant-te temps i energia. A m\u00e9s, \u00e9s respectuosa amb el medi ambient gr\u00e0cies al seu disseny de baix consum d&#8217;energia. Imprimir sense culpes!<\/p>\n<p>Per\u00f2 aix\u00f2 no \u00e9s tot. Oferim aquesta impressi\u00f3 a un preu que s&#8217;adapta a qualsevol pressupost. Oblida&#8217;t de gastar una fortuna en tinta de colors quan tot el que necessites \u00e9s una impressi\u00f3 en blanc i negre de confian\u00e7a.<\/p>\n","protected":false},"featured_media":2981,"template":"","meta":{"site-sidebar-layout":"default","site-content-layout":"","ast-site-content-layout":"","site-content-style":"default","site-sidebar-style":"default","ast-global-header-display":"","ast-banner-title-visibility":"","ast-main-header-display":"","ast-hfb-above-header-display":"","ast-hfb-below-header-display":"","ast-hfb-mobile-header-display":"","site-post-title":"","ast-breadcrumbs-content":"","ast-featured-img":"","footer-sml-layout":"","theme-transparent-header-meta":"default","adv-header-id-meta":"","stick-header-meta":"default","header-above-stick-meta":"","header-main-stick-meta":"","header-below-stick-meta":"","astra-migrate-meta-layouts":"","ast-page-background-enabled":"default","ast-page-background-meta":{"desktop":{"background-color":"","background-image":"","background-repeat":"repeat","background-position":"center center","background-size":"auto","background-attachment":"scroll","background-type":"","background-media":"","overlay-type":"","overlay-color":"","overlay-gradient":""},"tablet":{"background-color":"","background-image":"","background-repeat":"repeat","background-position":"center center","background-size":"auto","background-attachment":"scroll","background-type":"","background-media":"","overlay-type":"","overlay-color":"","overlay-gradient":""},"mobile":{"background-color":"","background-image":"","background-repeat":"repeat","background-position":"center center","background-size":"auto","background-attachment":"scroll","background-type":"","background-media":"","overlay-type":"","overlay-color":"","overlay-gradient":""}},"ast-content-background-meta":{"desktop":{"background-color":"var(--ast-global-color-5)","background-image":"","background-repeat":"repeat","background-position":"center center","background-size":"auto","background-attachment":"scroll","background-type":"","background-media":"","overlay-type":"","overlay-color":"","overlay-gradient":""},"tablet":{"background-color":"var(--ast-global-color-5)","background-image":"","background-repeat":"repeat","background-position":"center center","background-size":"auto","background-attachment":"scroll","background-type":"","background-media":"","overlay-type":"","overlay-color":"","overlay-gradient":""},"mobile":{"background-color":"var(--ast-global-color-5)","background-image":"","background-repeat":"repeat","background-position":"center center","background-size":"auto","background-attachment":"scroll","background-type":"","background-media":"","overlay-type":"","overlay-color":"","overlay-gradient":""}}},"product_cat":[67,72],"product_tag":[],"_links":{"self":[{"href":"https:\/\/www.cdi-sl.com\/ca\/wp-json\/wp\/v2\/product\/3180"}],"collection":[{"href":"https:\/\/www.cdi-sl.com\/ca\/wp-json\/wp\/v2\/product"}],"about":[{"href":"https:\/\/www.cdi-sl.com\/ca\/wp-json\/wp\/v2\/types\/product"}],"wp:featuredmedia":[{"embeddable":true,"href":"https:\/\/www.cdi-sl.com\/ca\/wp-json\/wp\/v2\/media\/2981"}],"wp:attachment":[{"href":"https:\/\/www.cdi-sl.com\/ca\/wp-json\/wp\/v2\/media?parent=3180"}],"wp:term":[{"taxonomy":"product_cat","embeddable":true,"href":"https:\/\/www.cdi-sl.com\/ca\/wp-json\/wp\/v2\/product_cat?post=3180"},{"taxonomy":"product_tag","embeddable":true,"href":"https:\/\/www.cdi-sl.com\/ca\/wp-json\/wp\/v2\/product_tag?post=3180"}],"curies":[{"name":"wp","href":"https:\/\/api.w.org\/{rel}","templated":true}]}}