{"id":3181,"date":"2023-10-20T12:42:23","date_gmt":"2023-10-20T10:42:23","guid":{"rendered":"https:\/\/www.cdi-sl.com\/producto\/impressio-color-a3-d11-a-100\/"},"modified":"2023-10-20T12:42:23","modified_gmt":"2023-10-20T10:42:23","slug":"impressio-color-a3-d11-a-100","status":"publish","type":"product","link":"https:\/\/www.cdi-sl.com\/ca\/producto\/impressio-color-a3-d11-a-100\/","title":{"rendered":"Impressi\u00f3 color A3 d&#8217;11 a 100"},"content":{"rendered":"","protected":false},"excerpt":{"rendered":"<p>Llest per a portar els teus projectes al seg\u00fcent nivell? La nostra impressi\u00f3 a color A3 \u00e9s molt m\u00e9s que una simple impressora: \u00e9s la teva aliada per a crear impacte. Amb una qualitat d&#8217;impressi\u00f3 excepcional, aquesta m\u00e0quina converteix les teves idees en obres mestres de color i detall.<\/p>\n<p>Imagina presentacions professionals que impressionin a la teva audi\u00e8ncia, imatges vibrants que cobren vida i fullets publicitaris que destaquen. Amb la nostra impressi\u00f3 a color A3, tot aix\u00f2 i m\u00e9s \u00e9s possible.<\/p>\n<p>El que difer\u00e8ncia a aquesta impressora \u00e9s la seva capacitat per a manejar paper de grand\u00e0ria A3, la qual cosa et brinda flexibilitat en els teus projectes. Ja sigui que necessitis impressions grans o petites, aquesta impressora ho fa sense esfor\u00e7.<\/p>\n<p>No sacrifiquis velocitat per qualitat. La nostra impressi\u00f3 a color A3 \u00e9s r\u00e0pida i eficient, assegurant que els teus projectes es completin en temps r\u00e8cord. I el millor de tot, \u00e9s amigable amb el medi ambient.<\/p>\n","protected":false},"featured_media":2980,"template":"","meta":{"site-sidebar-layout":"default","site-content-layout":"","ast-site-content-layout":"","site-content-style":"default","site-sidebar-style":"default","ast-global-header-display":"","ast-banner-title-visibility":"","ast-main-header-display":"","ast-hfb-above-header-display":"","ast-hfb-below-header-display":"","ast-hfb-mobile-header-display":"","site-post-title":"","ast-breadcrumbs-content":"","ast-featured-img":"","footer-sml-layout":"","theme-transparent-header-meta":"default","adv-header-id-meta":"","stick-header-meta":"default","header-above-stick-meta":"","header-main-stick-meta":"","header-below-stick-meta":"","astra-migrate-meta-layouts":"","ast-page-background-enabled":"default","ast-page-background-meta":{"desktop":{"background-color":"","background-image":"","background-repeat":"repeat","background-position":"center center","background-size":"auto","background-attachment":"scroll","background-type":"","background-media":"","overlay-type":"","overlay-color":"","overlay-gradient":""},"tablet":{"background-color":"","background-image":"","background-repeat":"repeat","background-position":"center center","background-size":"auto","background-attachment":"scroll","background-type":"","background-media":"","overlay-type":"","overlay-color":"","overlay-gradient":""},"mobile":{"background-color":"","background-image":"","background-repeat":"repeat","background-position":"center center","background-size":"auto","background-attachment":"scroll","background-type":"","background-media":"","overlay-type":"","overlay-color":"","overlay-gradient":""}},"ast-content-background-meta":{"desktop":{"background-color":"var(--ast-global-color-5)","background-image":"","background-repeat":"repeat","background-position":"center center","background-size":"auto","background-attachment":"scroll","background-type":"","background-media":"","overlay-type":"","overlay-color":"","overlay-gradient":""},"tablet":{"background-color":"var(--ast-global-color-5)","background-image":"","background-repeat":"repeat","background-position":"center center","background-size":"auto","background-attachment":"scroll","background-type":"","background-media":"","overlay-type":"","overlay-color":"","overlay-gradient":""},"mobile":{"background-color":"var(--ast-global-color-5)","background-image":"","background-repeat":"repeat","background-position":"center center","background-size":"auto","background-attachment":"scroll","background-type":"","background-media":"","overlay-type":"","overlay-color":"","overlay-gradient":""}}},"product_cat":[67,72],"product_tag":[],"_links":{"self":[{"href":"https:\/\/www.cdi-sl.com\/ca\/wp-json\/wp\/v2\/product\/3181"}],"collection":[{"href":"https:\/\/www.cdi-sl.com\/ca\/wp-json\/wp\/v2\/product"}],"about":[{"href":"https:\/\/www.cdi-sl.com\/ca\/wp-json\/wp\/v2\/types\/product"}],"wp:featuredmedia":[{"embeddable":true,"href":"https:\/\/www.cdi-sl.com\/ca\/wp-json\/wp\/v2\/media\/2980"}],"wp:attachment":[{"href":"https:\/\/www.cdi-sl.com\/ca\/wp-json\/wp\/v2\/media?parent=3181"}],"wp:term":[{"taxonomy":"product_cat","embeddable":true,"href":"https:\/\/www.cdi-sl.com\/ca\/wp-json\/wp\/v2\/product_cat?post=3181"},{"taxonomy":"product_tag","embeddable":true,"href":"https:\/\/www.cdi-sl.com\/ca\/wp-json\/wp\/v2\/product_tag?post=3181"}],"curies":[{"name":"wp","href":"https:\/\/api.w.org\/{rel}","templated":true}]}}