{"id":3185,"date":"2023-10-20T12:39:13","date_gmt":"2023-10-20T10:39:13","guid":{"rendered":"https:\/\/www.cdi-sl.com\/producto\/impressio-a-color-a4-d1-a-15\/"},"modified":"2023-10-20T12:39:13","modified_gmt":"2023-10-20T10:39:13","slug":"impressio-a-color-a4-d1-a-15","status":"publish","type":"product","link":"https:\/\/www.cdi-sl.com\/ca\/producto\/impressio-a-color-a4-d1-a-15\/","title":{"rendered":"Impressi\u00f3 a color A4 d&#8217;1 a 15"},"content":{"rendered":"","protected":false},"excerpt":{"rendered":"<p>La nostra impressi\u00f3 a color A4 d&#8217;1 a 15 \u00e9s la soluci\u00f3 perfecta per a les teves necessitats d&#8217;impressi\u00f3 de petita escala. Ja sigui que necessitis imprimir presentacions professionals, informes, fullets o projectes creatius, estem llestos per a ajudar-te.<\/p>\n<p>El nostre servei d&#8217;impressi\u00f3 en color garanteix la reproducci\u00f3 precisa dels teus documents i gr\u00e0fics. Cada p\u00e0gina s&#8217;imprimeix amb colors vibrants i detalls n\u00edtids, la qual cosa assegura que els teus materials es destaquin.<\/p>\n<p>Des d&#8217;una c\u00f2pia \u00fanica fins a 15 c\u00f2pies, oferim flexibilitat per a adaptar-nos als teus requeriments. Oblida&#8217;t de la preocupaci\u00f3 pels subministraments, els embussos de paper i les configuracions complicades. Simplement carrega els teus arxius i obtingues les teves c\u00f2pies d&#8217;alta qualitat en poc temps.<\/p>\n","protected":false},"featured_media":2980,"template":"","meta":{"site-sidebar-layout":"default","site-content-layout":"","ast-site-content-layout":"","site-content-style":"default","site-sidebar-style":"default","ast-global-header-display":"","ast-banner-title-visibility":"","ast-main-header-display":"","ast-hfb-above-header-display":"","ast-hfb-below-header-display":"","ast-hfb-mobile-header-display":"","site-post-title":"","ast-breadcrumbs-content":"","ast-featured-img":"","footer-sml-layout":"","theme-transparent-header-meta":"default","adv-header-id-meta":"","stick-header-meta":"default","header-above-stick-meta":"","header-main-stick-meta":"","header-below-stick-meta":"","astra-migrate-meta-layouts":"","ast-page-background-enabled":"default","ast-page-background-meta":{"desktop":{"background-color":"","background-image":"","background-repeat":"repeat","background-position":"center center","background-size":"auto","background-attachment":"scroll","background-type":"","background-media":"","overlay-type":"","overlay-color":"","overlay-gradient":""},"tablet":{"background-color":"","background-image":"","background-repeat":"repeat","background-position":"center center","background-size":"auto","background-attachment":"scroll","background-type":"","background-media":"","overlay-type":"","overlay-color":"","overlay-gradient":""},"mobile":{"background-color":"","background-image":"","background-repeat":"repeat","background-position":"center center","background-size":"auto","background-attachment":"scroll","background-type":"","background-media":"","overlay-type":"","overlay-color":"","overlay-gradient":""}},"ast-content-background-meta":{"desktop":{"background-color":"var(--ast-global-color-5)","background-image":"","background-repeat":"repeat","background-position":"center center","background-size":"auto","background-attachment":"scroll","background-type":"","background-media":"","overlay-type":"","overlay-color":"","overlay-gradient":""},"tablet":{"background-color":"var(--ast-global-color-5)","background-image":"","background-repeat":"repeat","background-position":"center center","background-size":"auto","background-attachment":"scroll","background-type":"","background-media":"","overlay-type":"","overlay-color":"","overlay-gradient":""},"mobile":{"background-color":"var(--ast-global-color-5)","background-image":"","background-repeat":"repeat","background-position":"center center","background-size":"auto","background-attachment":"scroll","background-type":"","background-media":"","overlay-type":"","overlay-color":"","overlay-gradient":""}}},"product_cat":[67,72],"product_tag":[],"_links":{"self":[{"href":"https:\/\/www.cdi-sl.com\/ca\/wp-json\/wp\/v2\/product\/3185"}],"collection":[{"href":"https:\/\/www.cdi-sl.com\/ca\/wp-json\/wp\/v2\/product"}],"about":[{"href":"https:\/\/www.cdi-sl.com\/ca\/wp-json\/wp\/v2\/types\/product"}],"wp:featuredmedia":[{"embeddable":true,"href":"https:\/\/www.cdi-sl.com\/ca\/wp-json\/wp\/v2\/media\/2980"}],"wp:attachment":[{"href":"https:\/\/www.cdi-sl.com\/ca\/wp-json\/wp\/v2\/media?parent=3185"}],"wp:term":[{"taxonomy":"product_cat","embeddable":true,"href":"https:\/\/www.cdi-sl.com\/ca\/wp-json\/wp\/v2\/product_cat?post=3185"},{"taxonomy":"product_tag","embeddable":true,"href":"https:\/\/www.cdi-sl.com\/ca\/wp-json\/wp\/v2\/product_tag?post=3185"}],"curies":[{"name":"wp","href":"https:\/\/api.w.org\/{rel}","templated":true}]}}