{"id":3187,"date":"2023-10-20T11:36:19","date_gmt":"2023-10-20T09:36:19","guid":{"rendered":"https:\/\/www.cdi-sl.com\/producto\/plaques-mascotes\/"},"modified":"2023-10-20T11:36:19","modified_gmt":"2023-10-20T09:36:19","slug":"plaques-mascotes","status":"publish","type":"product","link":"https:\/\/www.cdi-sl.com\/ca\/producto\/plaques-mascotes\/","title":{"rendered":"Plaques mascotes"},"content":{"rendered":"","protected":false},"excerpt":{"rendered":"<p>Mestresses al teu pelut amic? Nosaltres tamb\u00e9. I sabem que la seva seguretat \u00e9s una prioritat. Les nostres plaques d&#8217;identificaci\u00f3 per a mascotes s\u00f3n m\u00e9s que un simple adorn; s\u00f3n el seu bitllet de retorn a casa.<\/p>\n<p>Fetes de materials duradors i resistents, aquestes plaques garanteixen que el teu company pelut sempre estigui identificat, ja sigui que s&#8217;hagi escapat en una emocionant aventura o simplement s&#8217;hagi extraviat durant un passeig. Les nostres plaques s\u00f3n resistents a l&#8217;aigua i al desgast, assegurant que la informaci\u00f3 vital de la teva mascota romangui llegible en tot moment.<\/p>\n<p>Per\u00f2 no et preocupis, no comprometem estil per seguretat. Pots personalitzar-les amb una varietat de colors i dissenys perqu\u00e8 la teva mascota llueixi amb estil. A m\u00e9s, inclou espai per al seu nom i la teva informaci\u00f3 de contacte, la qual cosa brinda tranquil\u00b7litat als amos responsables<\/p>\n","protected":false},"featured_media":2977,"template":"","meta":{"site-sidebar-layout":"default","site-content-layout":"","ast-site-content-layout":"","site-content-style":"default","site-sidebar-style":"default","ast-global-header-display":"","ast-banner-title-visibility":"","ast-main-header-display":"","ast-hfb-above-header-display":"","ast-hfb-below-header-display":"","ast-hfb-mobile-header-display":"","site-post-title":"","ast-breadcrumbs-content":"","ast-featured-img":"","footer-sml-layout":"","theme-transparent-header-meta":"default","adv-header-id-meta":"","stick-header-meta":"default","header-above-stick-meta":"","header-main-stick-meta":"","header-below-stick-meta":"","astra-migrate-meta-layouts":"","ast-page-background-enabled":"default","ast-page-background-meta":{"desktop":{"background-color":"","background-image":"","background-repeat":"repeat","background-position":"center center","background-size":"auto","background-attachment":"scroll","background-type":"","background-media":"","overlay-type":"","overlay-color":"","overlay-gradient":""},"tablet":{"background-color":"","background-image":"","background-repeat":"repeat","background-position":"center center","background-size":"auto","background-attachment":"scroll","background-type":"","background-media":"","overlay-type":"","overlay-color":"","overlay-gradient":""},"mobile":{"background-color":"","background-image":"","background-repeat":"repeat","background-position":"center center","background-size":"auto","background-attachment":"scroll","background-type":"","background-media":"","overlay-type":"","overlay-color":"","overlay-gradient":""}},"ast-content-background-meta":{"desktop":{"background-color":"var(--ast-global-color-5)","background-image":"","background-repeat":"repeat","background-position":"center center","background-size":"auto","background-attachment":"scroll","background-type":"","background-media":"","overlay-type":"","overlay-color":"","overlay-gradient":""},"tablet":{"background-color":"var(--ast-global-color-5)","background-image":"","background-repeat":"repeat","background-position":"center center","background-size":"auto","background-attachment":"scroll","background-type":"","background-media":"","overlay-type":"","overlay-color":"","overlay-gradient":""},"mobile":{"background-color":"var(--ast-global-color-5)","background-image":"","background-repeat":"repeat","background-position":"center center","background-size":"auto","background-attachment":"scroll","background-type":"","background-media":"","overlay-type":"","overlay-color":"","overlay-gradient":""}}},"product_cat":[71,72],"product_tag":[],"_links":{"self":[{"href":"https:\/\/www.cdi-sl.com\/ca\/wp-json\/wp\/v2\/product\/3187"}],"collection":[{"href":"https:\/\/www.cdi-sl.com\/ca\/wp-json\/wp\/v2\/product"}],"about":[{"href":"https:\/\/www.cdi-sl.com\/ca\/wp-json\/wp\/v2\/types\/product"}],"wp:featuredmedia":[{"embeddable":true,"href":"https:\/\/www.cdi-sl.com\/ca\/wp-json\/wp\/v2\/media\/2977"}],"wp:attachment":[{"href":"https:\/\/www.cdi-sl.com\/ca\/wp-json\/wp\/v2\/media?parent=3187"}],"wp:term":[{"taxonomy":"product_cat","embeddable":true,"href":"https:\/\/www.cdi-sl.com\/ca\/wp-json\/wp\/v2\/product_cat?post=3187"},{"taxonomy":"product_tag","embeddable":true,"href":"https:\/\/www.cdi-sl.com\/ca\/wp-json\/wp\/v2\/product_tag?post=3187"}],"curies":[{"name":"wp","href":"https:\/\/api.w.org\/{rel}","templated":true}]}}