{"id":3189,"date":"2023-10-20T11:35:33","date_gmt":"2023-10-20T09:35:33","guid":{"rendered":"https:\/\/www.cdi-sl.com\/producto\/carteres\/"},"modified":"2023-10-20T11:35:33","modified_gmt":"2023-10-20T09:35:33","slug":"carteres","status":"publish","type":"product","link":"https:\/\/www.cdi-sl.com\/ca\/producto\/carteres\/","title":{"rendered":"Carteres"},"content":{"rendered":"","protected":false},"excerpt":{"rendered":"<p>Una cartera \u00e9s m\u00e9s que un accessori, \u00e9s una extensi\u00f3 del teu estil i una declaraci\u00f3 de la teva personalitat. En la nostra col\u00b7lecci\u00f3 de carteres, trobar\u00e0s la combinaci\u00f3 perfecta de moda i funcionalitat.<\/p>\n<p>Les nostres carteres estan dissenyades amb atenci\u00f3 als detalls, utilitzant materials d&#8217;alta qualitat que resisteixen el pas del temps. Ja sigui que prefereixis una cartera cl\u00e0ssica de cuir, una opci\u00f3 moderna de tela o una cartera minimalista, tenim una \u00e0mplia gamma d&#8217;estils per a adaptar-se al teu gust.<\/p>\n<p>A m\u00e9s de la seva aparen\u00e7a elegant, les nostres carteres tamb\u00e9 estan dissenyades per a mantenir les teves pertinences organitzades i segures. Amb compartiments per a targetes, bitllets i monedes, trobar\u00e0s espai per a tot el que necessites. La funci\u00f3 es combina amb la moda per a oferir-te la cartera perfecta.<\/p>\n<p>Les nostres carteres tamb\u00e9 s\u00f3n excel\u00b7lents opcions de regal. Sorpr\u00e8n els teus sers estimats amb un accessori pr\u00e0ctic i elegant que segurament apreciaran.<\/p>\n","protected":false},"featured_media":2976,"template":"","meta":{"site-sidebar-layout":"default","site-content-layout":"","ast-site-content-layout":"","site-content-style":"default","site-sidebar-style":"default","ast-global-header-display":"","ast-banner-title-visibility":"","ast-main-header-display":"","ast-hfb-above-header-display":"","ast-hfb-below-header-display":"","ast-hfb-mobile-header-display":"","site-post-title":"","ast-breadcrumbs-content":"","ast-featured-img":"","footer-sml-layout":"","theme-transparent-header-meta":"default","adv-header-id-meta":"","stick-header-meta":"default","header-above-stick-meta":"","header-main-stick-meta":"","header-below-stick-meta":"","astra-migrate-meta-layouts":"","ast-page-background-enabled":"default","ast-page-background-meta":{"desktop":{"background-color":"","background-image":"","background-repeat":"repeat","background-position":"center center","background-size":"auto","background-attachment":"scroll","background-type":"","background-media":"","overlay-type":"","overlay-color":"","overlay-gradient":""},"tablet":{"background-color":"","background-image":"","background-repeat":"repeat","background-position":"center center","background-size":"auto","background-attachment":"scroll","background-type":"","background-media":"","overlay-type":"","overlay-color":"","overlay-gradient":""},"mobile":{"background-color":"","background-image":"","background-repeat":"repeat","background-position":"center center","background-size":"auto","background-attachment":"scroll","background-type":"","background-media":"","overlay-type":"","overlay-color":"","overlay-gradient":""}},"ast-content-background-meta":{"desktop":{"background-color":"var(--ast-global-color-5)","background-image":"","background-repeat":"repeat","background-position":"center center","background-size":"auto","background-attachment":"scroll","background-type":"","background-media":"","overlay-type":"","overlay-color":"","overlay-gradient":""},"tablet":{"background-color":"var(--ast-global-color-5)","background-image":"","background-repeat":"repeat","background-position":"center center","background-size":"auto","background-attachment":"scroll","background-type":"","background-media":"","overlay-type":"","overlay-color":"","overlay-gradient":""},"mobile":{"background-color":"var(--ast-global-color-5)","background-image":"","background-repeat":"repeat","background-position":"center center","background-size":"auto","background-attachment":"scroll","background-type":"","background-media":"","overlay-type":"","overlay-color":"","overlay-gradient":""}}},"product_cat":[71,72],"product_tag":[],"_links":{"self":[{"href":"https:\/\/www.cdi-sl.com\/ca\/wp-json\/wp\/v2\/product\/3189"}],"collection":[{"href":"https:\/\/www.cdi-sl.com\/ca\/wp-json\/wp\/v2\/product"}],"about":[{"href":"https:\/\/www.cdi-sl.com\/ca\/wp-json\/wp\/v2\/types\/product"}],"wp:featuredmedia":[{"embeddable":true,"href":"https:\/\/www.cdi-sl.com\/ca\/wp-json\/wp\/v2\/media\/2976"}],"wp:attachment":[{"href":"https:\/\/www.cdi-sl.com\/ca\/wp-json\/wp\/v2\/media?parent=3189"}],"wp:term":[{"taxonomy":"product_cat","embeddable":true,"href":"https:\/\/www.cdi-sl.com\/ca\/wp-json\/wp\/v2\/product_cat?post=3189"},{"taxonomy":"product_tag","embeddable":true,"href":"https:\/\/www.cdi-sl.com\/ca\/wp-json\/wp\/v2\/product_tag?post=3189"}],"curies":[{"name":"wp","href":"https:\/\/api.w.org\/{rel}","templated":true}]}}