{"id":3191,"date":"2023-10-20T11:29:38","date_gmt":"2023-10-20T09:29:38","guid":{"rendered":"https:\/\/www.cdi-sl.com\/producto\/motxilla-tela\/"},"modified":"2023-10-20T11:29:38","modified_gmt":"2023-10-20T09:29:38","slug":"motxilla-tela","status":"publish","type":"product","link":"https:\/\/www.cdi-sl.com\/ca\/producto\/motxilla-tela\/","title":{"rendered":"Motxilla tela"},"content":{"rendered":"","protected":false},"excerpt":{"rendered":"<p>Est\u00e0s buscant una motxilla vers\u00e0til i respectuosa amb el medi ambient que es destaqui entre la multitud? No busquis m\u00e9s! La nostra motxilla de tela \u00e9s l&#8217;elecci\u00f3 perfecta per als qui valoren l&#8217;estil, la funcionalitat i la sostenibilitat.<\/p>\n<p>Aquesta motxilla est\u00e0 confeccionada amb materials d&#8217;alta qualitat que s\u00f3n suaus al tacte i resistents al desgast. El seu disseny minimalista s&#8217;adapta a qualsevol ocasi\u00f3, ja sigui que la usis per a l&#8217;escola, el treball o una aventura de cap de setmana. A m\u00e9s, el seu ampli compartiment principal i m\u00faltiples butxaques faciliten l&#8217;emmagatzematge i l&#8217;organitzaci\u00f3 de les teves pertinences, des de llibres i computadores port\u00e0tils fins a ampolles d&#8217;aigua i articles personals.<\/p>\n<p>El millor de tot, aquesta motxilla \u00e9s amigable amb el planeta. Fabricada amb tela ecol\u00f2gica, contribueix a la reducci\u00f3 de residus pl\u00e0stics i a la conservaci\u00f3 dels recursos naturals. El teu estil no t\u00e9 per qu\u00e8 comprometre el medi ambient.<\/p>\n","protected":false},"featured_media":2975,"template":"","meta":{"site-sidebar-layout":"default","site-content-layout":"","ast-site-content-layout":"","site-content-style":"default","site-sidebar-style":"default","ast-global-header-display":"","ast-banner-title-visibility":"","ast-main-header-display":"","ast-hfb-above-header-display":"","ast-hfb-below-header-display":"","ast-hfb-mobile-header-display":"","site-post-title":"","ast-breadcrumbs-content":"","ast-featured-img":"","footer-sml-layout":"","theme-transparent-header-meta":"default","adv-header-id-meta":"","stick-header-meta":"default","header-above-stick-meta":"","header-main-stick-meta":"","header-below-stick-meta":"","astra-migrate-meta-layouts":"","ast-page-background-enabled":"default","ast-page-background-meta":{"desktop":{"background-color":"","background-image":"","background-repeat":"repeat","background-position":"center center","background-size":"auto","background-attachment":"scroll","background-type":"","background-media":"","overlay-type":"","overlay-color":"","overlay-gradient":""},"tablet":{"background-color":"","background-image":"","background-repeat":"repeat","background-position":"center center","background-size":"auto","background-attachment":"scroll","background-type":"","background-media":"","overlay-type":"","overlay-color":"","overlay-gradient":""},"mobile":{"background-color":"","background-image":"","background-repeat":"repeat","background-position":"center center","background-size":"auto","background-attachment":"scroll","background-type":"","background-media":"","overlay-type":"","overlay-color":"","overlay-gradient":""}},"ast-content-background-meta":{"desktop":{"background-color":"var(--ast-global-color-5)","background-image":"","background-repeat":"repeat","background-position":"center center","background-size":"auto","background-attachment":"scroll","background-type":"","background-media":"","overlay-type":"","overlay-color":"","overlay-gradient":""},"tablet":{"background-color":"var(--ast-global-color-5)","background-image":"","background-repeat":"repeat","background-position":"center center","background-size":"auto","background-attachment":"scroll","background-type":"","background-media":"","overlay-type":"","overlay-color":"","overlay-gradient":""},"mobile":{"background-color":"var(--ast-global-color-5)","background-image":"","background-repeat":"repeat","background-position":"center center","background-size":"auto","background-attachment":"scroll","background-type":"","background-media":"","overlay-type":"","overlay-color":"","overlay-gradient":""}}},"product_cat":[71,72],"product_tag":[],"_links":{"self":[{"href":"https:\/\/www.cdi-sl.com\/ca\/wp-json\/wp\/v2\/product\/3191"}],"collection":[{"href":"https:\/\/www.cdi-sl.com\/ca\/wp-json\/wp\/v2\/product"}],"about":[{"href":"https:\/\/www.cdi-sl.com\/ca\/wp-json\/wp\/v2\/types\/product"}],"wp:featuredmedia":[{"embeddable":true,"href":"https:\/\/www.cdi-sl.com\/ca\/wp-json\/wp\/v2\/media\/2975"}],"wp:attachment":[{"href":"https:\/\/www.cdi-sl.com\/ca\/wp-json\/wp\/v2\/media?parent=3191"}],"wp:term":[{"taxonomy":"product_cat","embeddable":true,"href":"https:\/\/www.cdi-sl.com\/ca\/wp-json\/wp\/v2\/product_cat?post=3191"},{"taxonomy":"product_tag","embeddable":true,"href":"https:\/\/www.cdi-sl.com\/ca\/wp-json\/wp\/v2\/product_tag?post=3191"}],"curies":[{"name":"wp","href":"https:\/\/api.w.org\/{rel}","templated":true}]}}