{"id":3193,"date":"2023-10-20T11:21:38","date_gmt":"2023-10-20T09:21:38","guid":{"rendered":"https:\/\/www.cdi-sl.com\/producto\/clauer-metacrilat\/"},"modified":"2023-10-20T11:21:38","modified_gmt":"2023-10-20T09:21:38","slug":"clauer-metacrilat","status":"publish","type":"product","link":"https:\/\/www.cdi-sl.com\/ca\/producto\/clauer-metacrilat\/","title":{"rendered":"Clauer metacrilat"},"content":{"rendered":"","protected":false},"excerpt":{"rendered":"<p>Clauers de metacrilat: L&#8217;eleg\u00e0ncia a les teves mans<\/p>\n<p>Si busques un clauer que reflecteixi estil i personalitat, els nostres clauers de metacrilat s\u00f3n l&#8217;elecci\u00f3 perfecta. Fabricats amb materials d&#8217;alta qualitat i un disseny sofisticat, aquests clauers s\u00f3n molt m\u00e9s que un simple accessori. S\u00f3n una manera d&#8217;expressar-te i portar els teus records favorits amb tu.<\/p>\n<p>Cada clauer de metacrilat es personalitza amb les teves fotos, dissenys o missatges especials. S\u00f3n ideals per a regals, esdeveniments, o simplement per a consentir-te a tu mateix. La durabilitat del metacrilat assegura que els teus records estiguin protegits i es mantinguin v\u00edvids durant molt de temps.<\/p>\n<p>Els nostres clauers s\u00f3n lleugers i c\u00f2modes de portar en la teva butxaca o bossa. La qualitat del metacrilat brilla amb claredat, real\u00e7ant les teves imatges de manera excepcional. Amb una \u00e0mplia gamma de formes i grand\u00e0ries disponibles, segur trobar\u00e0s el clauer perfecte per a tu.<\/p>\n<p>Personalitza el teu clauer de metacrilat avui mateix i porta els teus records on vulgui que vagis. No esperis m\u00e9s per a afegir un toc d&#8217;eleg\u00e0ncia a la teva vida!<\/p>\n","protected":false},"featured_media":2979,"template":"","meta":{"site-sidebar-layout":"default","site-content-layout":"","ast-site-content-layout":"","site-content-style":"default","site-sidebar-style":"default","ast-global-header-display":"","ast-banner-title-visibility":"","ast-main-header-display":"","ast-hfb-above-header-display":"","ast-hfb-below-header-display":"","ast-hfb-mobile-header-display":"","site-post-title":"","ast-breadcrumbs-content":"","ast-featured-img":"","footer-sml-layout":"","theme-transparent-header-meta":"default","adv-header-id-meta":"","stick-header-meta":"default","header-above-stick-meta":"","header-main-stick-meta":"","header-below-stick-meta":"","astra-migrate-meta-layouts":"","ast-page-background-enabled":"default","ast-page-background-meta":{"desktop":{"background-color":"","background-image":"","background-repeat":"repeat","background-position":"center center","background-size":"auto","background-attachment":"scroll","background-type":"","background-media":"","overlay-type":"","overlay-color":"","overlay-gradient":""},"tablet":{"background-color":"","background-image":"","background-repeat":"repeat","background-position":"center center","background-size":"auto","background-attachment":"scroll","background-type":"","background-media":"","overlay-type":"","overlay-color":"","overlay-gradient":""},"mobile":{"background-color":"","background-image":"","background-repeat":"repeat","background-position":"center center","background-size":"auto","background-attachment":"scroll","background-type":"","background-media":"","overlay-type":"","overlay-color":"","overlay-gradient":""}},"ast-content-background-meta":{"desktop":{"background-color":"var(--ast-global-color-5)","background-image":"","background-repeat":"repeat","background-position":"center center","background-size":"auto","background-attachment":"scroll","background-type":"","background-media":"","overlay-type":"","overlay-color":"","overlay-gradient":""},"tablet":{"background-color":"var(--ast-global-color-5)","background-image":"","background-repeat":"repeat","background-position":"center center","background-size":"auto","background-attachment":"scroll","background-type":"","background-media":"","overlay-type":"","overlay-color":"","overlay-gradient":""},"mobile":{"background-color":"var(--ast-global-color-5)","background-image":"","background-repeat":"repeat","background-position":"center center","background-size":"auto","background-attachment":"scroll","background-type":"","background-media":"","overlay-type":"","overlay-color":"","overlay-gradient":""}}},"product_cat":[71,72],"product_tag":[],"_links":{"self":[{"href":"https:\/\/www.cdi-sl.com\/ca\/wp-json\/wp\/v2\/product\/3193"}],"collection":[{"href":"https:\/\/www.cdi-sl.com\/ca\/wp-json\/wp\/v2\/product"}],"about":[{"href":"https:\/\/www.cdi-sl.com\/ca\/wp-json\/wp\/v2\/types\/product"}],"wp:featuredmedia":[{"embeddable":true,"href":"https:\/\/www.cdi-sl.com\/ca\/wp-json\/wp\/v2\/media\/2979"}],"wp:attachment":[{"href":"https:\/\/www.cdi-sl.com\/ca\/wp-json\/wp\/v2\/media?parent=3193"}],"wp:term":[{"taxonomy":"product_cat","embeddable":true,"href":"https:\/\/www.cdi-sl.com\/ca\/wp-json\/wp\/v2\/product_cat?post=3193"},{"taxonomy":"product_tag","embeddable":true,"href":"https:\/\/www.cdi-sl.com\/ca\/wp-json\/wp\/v2\/product_tag?post=3193"}],"curies":[{"name":"wp","href":"https:\/\/api.w.org\/{rel}","templated":true}]}}