{"id":3194,"date":"2023-10-20T11:25:35","date_gmt":"2023-10-20T09:25:35","guid":{"rendered":"https:\/\/www.cdi-sl.com\/producto\/penjolls\/"},"modified":"2023-10-20T11:25:35","modified_gmt":"2023-10-20T09:25:35","slug":"penjolls","status":"publish","type":"product","link":"https:\/\/www.cdi-sl.com\/ca\/producto\/penjolls\/","title":{"rendered":"Penjolls"},"content":{"rendered":"","protected":false},"excerpt":{"rendered":"<p>Els nostres penjolls s\u00f3n molt m\u00e9s que peces de joieria; s\u00f3n expressions d&#8217;estil i significat Cadascun dels nostres dissenys ha estat acuradament creat per a capturar la bellesa i l&#8217;eleg\u00e0ncia que desitges.<\/p>\n<p>Ja sigui que busquis un penjoll amb un toc cl\u00e0ssic, un disseny contemporani o una pe\u00e7a personalitzada, la nostra col\u00b7lecci\u00f3 t\u00e9 alguna cosa per a tots. Pots triar entre una varietat de materials, des de plata esterlina fins a or, i personalitzar el teu penjoll amb gravats especials, pedres precioses i molt m\u00e9s.<\/p>\n<p>Un penjoll \u00e9s una manera bella de celebrar moments especials en la teva vida o portar amb tu a alg\u00fa que mestresses. Tamb\u00e9 \u00e9s un regal meravell\u00f3s per a mostrar estima o expressar amor en ocasions especials.<\/p>\n","protected":false},"featured_media":2973,"template":"","meta":{"site-sidebar-layout":"default","site-content-layout":"","ast-site-content-layout":"","site-content-style":"default","site-sidebar-style":"default","ast-global-header-display":"","ast-banner-title-visibility":"","ast-main-header-display":"","ast-hfb-above-header-display":"","ast-hfb-below-header-display":"","ast-hfb-mobile-header-display":"","site-post-title":"","ast-breadcrumbs-content":"","ast-featured-img":"","footer-sml-layout":"","theme-transparent-header-meta":"default","adv-header-id-meta":"","stick-header-meta":"default","header-above-stick-meta":"","header-main-stick-meta":"","header-below-stick-meta":"","astra-migrate-meta-layouts":"","ast-page-background-enabled":"default","ast-page-background-meta":{"desktop":{"background-color":"","background-image":"","background-repeat":"repeat","background-position":"center center","background-size":"auto","background-attachment":"scroll","background-type":"","background-media":"","overlay-type":"","overlay-color":"","overlay-gradient":""},"tablet":{"background-color":"","background-image":"","background-repeat":"repeat","background-position":"center center","background-size":"auto","background-attachment":"scroll","background-type":"","background-media":"","overlay-type":"","overlay-color":"","overlay-gradient":""},"mobile":{"background-color":"","background-image":"","background-repeat":"repeat","background-position":"center center","background-size":"auto","background-attachment":"scroll","background-type":"","background-media":"","overlay-type":"","overlay-color":"","overlay-gradient":""}},"ast-content-background-meta":{"desktop":{"background-color":"var(--ast-global-color-5)","background-image":"","background-repeat":"repeat","background-position":"center center","background-size":"auto","background-attachment":"scroll","background-type":"","background-media":"","overlay-type":"","overlay-color":"","overlay-gradient":""},"tablet":{"background-color":"var(--ast-global-color-5)","background-image":"","background-repeat":"repeat","background-position":"center center","background-size":"auto","background-attachment":"scroll","background-type":"","background-media":"","overlay-type":"","overlay-color":"","overlay-gradient":""},"mobile":{"background-color":"var(--ast-global-color-5)","background-image":"","background-repeat":"repeat","background-position":"center center","background-size":"auto","background-attachment":"scroll","background-type":"","background-media":"","overlay-type":"","overlay-color":"","overlay-gradient":""}}},"product_cat":[71,72],"product_tag":[],"_links":{"self":[{"href":"https:\/\/www.cdi-sl.com\/ca\/wp-json\/wp\/v2\/product\/3194"}],"collection":[{"href":"https:\/\/www.cdi-sl.com\/ca\/wp-json\/wp\/v2\/product"}],"about":[{"href":"https:\/\/www.cdi-sl.com\/ca\/wp-json\/wp\/v2\/types\/product"}],"wp:featuredmedia":[{"embeddable":true,"href":"https:\/\/www.cdi-sl.com\/ca\/wp-json\/wp\/v2\/media\/2973"}],"wp:attachment":[{"href":"https:\/\/www.cdi-sl.com\/ca\/wp-json\/wp\/v2\/media?parent=3194"}],"wp:term":[{"taxonomy":"product_cat","embeddable":true,"href":"https:\/\/www.cdi-sl.com\/ca\/wp-json\/wp\/v2\/product_cat?post=3194"},{"taxonomy":"product_tag","embeddable":true,"href":"https:\/\/www.cdi-sl.com\/ca\/wp-json\/wp\/v2\/product_tag?post=3194"}],"curies":[{"name":"wp","href":"https:\/\/api.w.org\/{rel}","templated":true}]}}