{"id":3197,"date":"2023-10-20T10:52:48","date_gmt":"2023-10-20T08:52:48","guid":{"rendered":"https:\/\/www.cdi-sl.com\/producto\/calendaris-de-paret\/"},"modified":"2023-10-20T10:52:48","modified_gmt":"2023-10-20T08:52:48","slug":"calendaris-de-paret","status":"publish","type":"product","link":"https:\/\/www.cdi-sl.com\/ca\/producto\/calendaris-de-paret\/","title":{"rendered":"Calendaris de paret"},"content":{"rendered":"","protected":false},"excerpt":{"rendered":"<p>Els nostres calendaris de paret s\u00f3n molt m\u00e9s que una manera de portar un registre del temps! S\u00f3n una expressi\u00f3 del teu estil i una font constant d&#8217;inspiraci\u00f3 en la teva llar o oficina.<\/p>\n<p>Amb una \u00e0mplia gamma de dissenys \u00fanics, des de paisatges impressionants fins a il\u00b7lustracions creatives, trobar\u00e0s el calendari de paret perfecte que s&#8217;adapti a la teva personalitat i gust. Cada mes, una nova imatge t&#8217;espera, afegint un toc fresc al teu entorn.<\/p>\n<p>A m\u00e9s del seu aspecte visual, els nostres calendaris estan dissenyats per a la m\u00e0xima funcionalitat. Amb caselles prou grans per a prendre notes i marcadors de dates importants, t&#8217;ajudaran a mantenir-te organitzat al llarg de l&#8217;any. Tamb\u00e9 compten amb ganxos resistents per a penjar-los de manera senzilla<\/p>\n<p>Els calendaris de paret s\u00f3n un regal perfecte, ja sigui per a tu o per als teus sers estimats. I no oblidem que s\u00f3n una excel\u00b7lent manera de mantenir la pista de dates importants, vacances i terminis sense haver de dependre de dispositius electr\u00f2nics.<\/p>\n","protected":false},"featured_media":2970,"template":"","meta":{"site-sidebar-layout":"default","site-content-layout":"","ast-site-content-layout":"","site-content-style":"default","site-sidebar-style":"default","ast-global-header-display":"","ast-banner-title-visibility":"","ast-main-header-display":"","ast-hfb-above-header-display":"","ast-hfb-below-header-display":"","ast-hfb-mobile-header-display":"","site-post-title":"","ast-breadcrumbs-content":"","ast-featured-img":"","footer-sml-layout":"","theme-transparent-header-meta":"default","adv-header-id-meta":"","stick-header-meta":"default","header-above-stick-meta":"","header-main-stick-meta":"","header-below-stick-meta":"","astra-migrate-meta-layouts":"","ast-page-background-enabled":"default","ast-page-background-meta":{"desktop":{"background-color":"","background-image":"","background-repeat":"repeat","background-position":"center center","background-size":"auto","background-attachment":"scroll","background-type":"","background-media":"","overlay-type":"","overlay-color":"","overlay-gradient":""},"tablet":{"background-color":"","background-image":"","background-repeat":"repeat","background-position":"center center","background-size":"auto","background-attachment":"scroll","background-type":"","background-media":"","overlay-type":"","overlay-color":"","overlay-gradient":""},"mobile":{"background-color":"","background-image":"","background-repeat":"repeat","background-position":"center center","background-size":"auto","background-attachment":"scroll","background-type":"","background-media":"","overlay-type":"","overlay-color":"","overlay-gradient":""}},"ast-content-background-meta":{"desktop":{"background-color":"var(--ast-global-color-5)","background-image":"","background-repeat":"repeat","background-position":"center center","background-size":"auto","background-attachment":"scroll","background-type":"","background-media":"","overlay-type":"","overlay-color":"","overlay-gradient":""},"tablet":{"background-color":"var(--ast-global-color-5)","background-image":"","background-repeat":"repeat","background-position":"center center","background-size":"auto","background-attachment":"scroll","background-type":"","background-media":"","overlay-type":"","overlay-color":"","overlay-gradient":""},"mobile":{"background-color":"var(--ast-global-color-5)","background-image":"","background-repeat":"repeat","background-position":"center center","background-size":"auto","background-attachment":"scroll","background-type":"","background-media":"","overlay-type":"","overlay-color":"","overlay-gradient":""}}},"product_cat":[71,72],"product_tag":[],"_links":{"self":[{"href":"https:\/\/www.cdi-sl.com\/ca\/wp-json\/wp\/v2\/product\/3197"}],"collection":[{"href":"https:\/\/www.cdi-sl.com\/ca\/wp-json\/wp\/v2\/product"}],"about":[{"href":"https:\/\/www.cdi-sl.com\/ca\/wp-json\/wp\/v2\/types\/product"}],"wp:featuredmedia":[{"embeddable":true,"href":"https:\/\/www.cdi-sl.com\/ca\/wp-json\/wp\/v2\/media\/2970"}],"wp:attachment":[{"href":"https:\/\/www.cdi-sl.com\/ca\/wp-json\/wp\/v2\/media?parent=3197"}],"wp:term":[{"taxonomy":"product_cat","embeddable":true,"href":"https:\/\/www.cdi-sl.com\/ca\/wp-json\/wp\/v2\/product_cat?post=3197"},{"taxonomy":"product_tag","embeddable":true,"href":"https:\/\/www.cdi-sl.com\/ca\/wp-json\/wp\/v2\/product_tag?post=3197"}],"curies":[{"name":"wp","href":"https:\/\/api.w.org\/{rel}","templated":true}]}}