{"id":3198,"date":"2023-10-20T10:49:51","date_gmt":"2023-10-20T08:49:51","guid":{"rendered":"https:\/\/www.cdi-sl.com\/producto\/catifetes-per-a-ratoli\/"},"modified":"2023-10-20T10:49:51","modified_gmt":"2023-10-20T08:49:51","slug":"catifetes-per-a-ratoli","status":"publish","type":"product","link":"https:\/\/www.cdi-sl.com\/ca\/producto\/catifetes-per-a-ratoli\/","title":{"rendered":"Catifetes per a ratol\u00ed"},"content":{"rendered":"","protected":false},"excerpt":{"rendered":"<p>Llest per a portar la teva experi\u00e8ncia d&#8217;\u00fas del mouse al seg\u00fcent nivell? Les nostres catifetes per a mouse estan dissenyades pensant en la comoditat i el rendiment, i estem segurs que t&#8217;encantaran.<\/p>\n<p>Les nostres catifetes ofereixen una superf\u00edcie suau i d&#8217;alta precisi\u00f3 que garanteix un seguiment suau i prec\u00eds per al teu mouse, ja sigui per a treballs creatius, jocs intensos o tasques quotidianes. Oblida&#8217;t d&#8217;aquests molestos salts o lliscaments no desitjats.<\/p>\n<p>Per\u00f2 no sols es tracta de rendiment, tamb\u00e9 ens enfoquem en l&#8217;estil. Les nostres catifetes venen en una varietat de dissenys i grand\u00e0ries per a adaptar-se a la teva personalitat i al teu espai de treball. Des de patrons vibrants fins a opcions minimalistes, tenim alguna cosa per a tots els gustos.<\/p>\n<p>La base antilliscant garanteix que la catifeta es mantingui en el seu lloc, i la vora cosida proporciona durabilitat a llarg termini. A m\u00e9s, s\u00f3n f\u00e0cils de netejar i mantenir en condicions \u00f2ptimes.<\/p>\n","protected":false},"featured_media":3032,"template":"","meta":{"site-sidebar-layout":"default","site-content-layout":"","ast-site-content-layout":"","site-content-style":"default","site-sidebar-style":"default","ast-global-header-display":"","ast-banner-title-visibility":"","ast-main-header-display":"","ast-hfb-above-header-display":"","ast-hfb-below-header-display":"","ast-hfb-mobile-header-display":"","site-post-title":"","ast-breadcrumbs-content":"","ast-featured-img":"","footer-sml-layout":"","theme-transparent-header-meta":"default","adv-header-id-meta":"","stick-header-meta":"default","header-above-stick-meta":"","header-main-stick-meta":"","header-below-stick-meta":"","astra-migrate-meta-layouts":"","ast-page-background-enabled":"default","ast-page-background-meta":{"desktop":{"background-color":"","background-image":"","background-repeat":"repeat","background-position":"center center","background-size":"auto","background-attachment":"scroll","background-type":"","background-media":"","overlay-type":"","overlay-color":"","overlay-gradient":""},"tablet":{"background-color":"","background-image":"","background-repeat":"repeat","background-position":"center center","background-size":"auto","background-attachment":"scroll","background-type":"","background-media":"","overlay-type":"","overlay-color":"","overlay-gradient":""},"mobile":{"background-color":"","background-image":"","background-repeat":"repeat","background-position":"center center","background-size":"auto","background-attachment":"scroll","background-type":"","background-media":"","overlay-type":"","overlay-color":"","overlay-gradient":""}},"ast-content-background-meta":{"desktop":{"background-color":"var(--ast-global-color-5)","background-image":"","background-repeat":"repeat","background-position":"center center","background-size":"auto","background-attachment":"scroll","background-type":"","background-media":"","overlay-type":"","overlay-color":"","overlay-gradient":""},"tablet":{"background-color":"var(--ast-global-color-5)","background-image":"","background-repeat":"repeat","background-position":"center center","background-size":"auto","background-attachment":"scroll","background-type":"","background-media":"","overlay-type":"","overlay-color":"","overlay-gradient":""},"mobile":{"background-color":"var(--ast-global-color-5)","background-image":"","background-repeat":"repeat","background-position":"center center","background-size":"auto","background-attachment":"scroll","background-type":"","background-media":"","overlay-type":"","overlay-color":"","overlay-gradient":""}}},"product_cat":[71,72],"product_tag":[],"_links":{"self":[{"href":"https:\/\/www.cdi-sl.com\/ca\/wp-json\/wp\/v2\/product\/3198"}],"collection":[{"href":"https:\/\/www.cdi-sl.com\/ca\/wp-json\/wp\/v2\/product"}],"about":[{"href":"https:\/\/www.cdi-sl.com\/ca\/wp-json\/wp\/v2\/types\/product"}],"wp:featuredmedia":[{"embeddable":true,"href":"https:\/\/www.cdi-sl.com\/ca\/wp-json\/wp\/v2\/media\/3032"}],"wp:attachment":[{"href":"https:\/\/www.cdi-sl.com\/ca\/wp-json\/wp\/v2\/media?parent=3198"}],"wp:term":[{"taxonomy":"product_cat","embeddable":true,"href":"https:\/\/www.cdi-sl.com\/ca\/wp-json\/wp\/v2\/product_cat?post=3198"},{"taxonomy":"product_tag","embeddable":true,"href":"https:\/\/www.cdi-sl.com\/ca\/wp-json\/wp\/v2\/product_tag?post=3198"}],"curies":[{"name":"wp","href":"https:\/\/api.w.org\/{rel}","templated":true}]}}