{"id":3199,"date":"2023-10-20T10:46:37","date_gmt":"2023-10-20T08:46:37","guid":{"rendered":"https:\/\/www.cdi-sl.com\/producto\/puzles\/"},"modified":"2023-10-20T10:46:37","modified_gmt":"2023-10-20T08:46:37","slug":"puzles","status":"publish","type":"product","link":"https:\/\/www.cdi-sl.com\/ca\/producto\/puzles\/","title":{"rendered":"Puzles"},"content":{"rendered":"","protected":false},"excerpt":{"rendered":"<p>Vols donar-li un gir divertit i personal al teu temps a casa? Els nostres puzles personalitzats s\u00f3n la resposta perfecta. No es tracta nom\u00e9s de resoldre un trencaclosques, es tracta de crear una obra mestra \u00fanica.<\/p>\n<p>Imagina armar un puzzle que cuenta tu historia: tus fotos favoritas, tus recuerdos m\u00e1s preciados o incluso un dise\u00f1o exclusivo que refleja tu personalidad. Imagina armar un puzle que conta la teva hist\u00f2ria: les teves fotos favorites, els teus records m\u00e9s preuats o fins i tot un disseny exclusiu que reflecteix la teva personalitat. Els nostres puzles personalitzats s\u00f3n una manera especial de portar els teus moments m\u00e9s estimats a la vida.<\/p>\n<p>La calidad es nuestro sello distintivo. Utilitzem materials resistents i colors vibrants per a assegurar-nos que el teu puzle no sols sigui bell, sin\u00f3 que tamb\u00e9 duri. Ja sigui que ho gaudeixis nom\u00e9s, amb amics o en fam\u00edlia, garantim hores d&#8217;entreteniment i satisfacci\u00f3..<\/p>\n","protected":false},"featured_media":2969,"template":"","meta":{"site-sidebar-layout":"default","site-content-layout":"","ast-site-content-layout":"","site-content-style":"default","site-sidebar-style":"default","ast-global-header-display":"","ast-banner-title-visibility":"","ast-main-header-display":"","ast-hfb-above-header-display":"","ast-hfb-below-header-display":"","ast-hfb-mobile-header-display":"","site-post-title":"","ast-breadcrumbs-content":"","ast-featured-img":"","footer-sml-layout":"","theme-transparent-header-meta":"default","adv-header-id-meta":"","stick-header-meta":"default","header-above-stick-meta":"","header-main-stick-meta":"","header-below-stick-meta":"","astra-migrate-meta-layouts":"","ast-page-background-enabled":"default","ast-page-background-meta":{"desktop":{"background-color":"","background-image":"","background-repeat":"repeat","background-position":"center center","background-size":"auto","background-attachment":"scroll","background-type":"","background-media":"","overlay-type":"","overlay-color":"","overlay-gradient":""},"tablet":{"background-color":"","background-image":"","background-repeat":"repeat","background-position":"center center","background-size":"auto","background-attachment":"scroll","background-type":"","background-media":"","overlay-type":"","overlay-color":"","overlay-gradient":""},"mobile":{"background-color":"","background-image":"","background-repeat":"repeat","background-position":"center center","background-size":"auto","background-attachment":"scroll","background-type":"","background-media":"","overlay-type":"","overlay-color":"","overlay-gradient":""}},"ast-content-background-meta":{"desktop":{"background-color":"var(--ast-global-color-5)","background-image":"","background-repeat":"repeat","background-position":"center center","background-size":"auto","background-attachment":"scroll","background-type":"","background-media":"","overlay-type":"","overlay-color":"","overlay-gradient":""},"tablet":{"background-color":"var(--ast-global-color-5)","background-image":"","background-repeat":"repeat","background-position":"center center","background-size":"auto","background-attachment":"scroll","background-type":"","background-media":"","overlay-type":"","overlay-color":"","overlay-gradient":""},"mobile":{"background-color":"var(--ast-global-color-5)","background-image":"","background-repeat":"repeat","background-position":"center center","background-size":"auto","background-attachment":"scroll","background-type":"","background-media":"","overlay-type":"","overlay-color":"","overlay-gradient":""}}},"product_cat":[71,72],"product_tag":[],"_links":{"self":[{"href":"https:\/\/www.cdi-sl.com\/ca\/wp-json\/wp\/v2\/product\/3199"}],"collection":[{"href":"https:\/\/www.cdi-sl.com\/ca\/wp-json\/wp\/v2\/product"}],"about":[{"href":"https:\/\/www.cdi-sl.com\/ca\/wp-json\/wp\/v2\/types\/product"}],"wp:featuredmedia":[{"embeddable":true,"href":"https:\/\/www.cdi-sl.com\/ca\/wp-json\/wp\/v2\/media\/2969"}],"wp:attachment":[{"href":"https:\/\/www.cdi-sl.com\/ca\/wp-json\/wp\/v2\/media?parent=3199"}],"wp:term":[{"taxonomy":"product_cat","embeddable":true,"href":"https:\/\/www.cdi-sl.com\/ca\/wp-json\/wp\/v2\/product_cat?post=3199"},{"taxonomy":"product_tag","embeddable":true,"href":"https:\/\/www.cdi-sl.com\/ca\/wp-json\/wp\/v2\/product_tag?post=3199"}],"curies":[{"name":"wp","href":"https:\/\/api.w.org\/{rel}","templated":true}]}}